{"id":16538,"date":"2026-01-30T21:49:42","date_gmt":"2026-01-30T20:49:42","guid":{"rendered":"https:\/\/freizeit-technik.de\/shop\/posebna-ponuda-americka-trampolin-podloga-za-jumpfree-jumpking-od-14-sa-104-opruge-kod-jf14_104-2\/"},"modified":"2026-05-07T11:31:22","modified_gmt":"2026-05-07T09:31:22","slug":"posebna-ponuda-americka-trampolin-podloga-za-jumpfree-jumpking-od-14-sa-104-opruge-kod-jf14_104-2","status":"publish","type":"product","link":"https:\/\/freizeit-technik.de\/hr\/shop\/posebna-ponuda-americka-trampolin-podloga-za-jumpfree-jumpking-od-14-sa-104-opruge-kod-jf14_104-2\/","title":{"rendered":"Posebna ponuda: Ameri\u010dka trampolin podloga za Jumpfree\/Jumpking od 14&#8243; sa 104 opruge. Kod: JF14_104-2"},"content":{"rendered":"<p><span class=\"tx-ttproducts-pi1-wrap2\"><strong>Veli\u010dina: za 14&#8243;<br \/>\n Te\u017eina: 5 kg<br \/>\n Dimenzije pakiranja: 47 x 40 x 12 cm<\/strong><strong><br \/>\n<\/strong><\/span><\/p>\n<p>&nbsp;<\/p>\n","protected":false},"excerpt":{"rendered":"<p>Standardna PP podloga za skakanje prikladna za 14&#8243; Jumpfree, Jumpking i sve ostale trampoline od 14&#8243; dizajnirana za pri\u010dvr\u0161\u0107ivanje <strong>104 opruge<\/strong> .<br \/>\n Visoka kvaliteta.<\/p>\n","protected":false},"featured_media":16520,"comment_status":"open","ping_status":"closed","template":"","meta":{"_acf_changed":false},"product_brand":[],"product_cat":[226,215],"product_tag":[],"class_list":{"0":"post-16538","1":"product","2":"type-product","3":"status-publish","4":"has-post-thumbnail","6":"product_cat-bocni-trampolini","7":"product_cat-bungee-trampolin-objekti","9":"first","10":"instock","11":"taxable","12":"shipping-taxable","13":"purchasable","14":"product-type-simple"},"acf":[],"_links":{"self":[{"href":"https:\/\/freizeit-technik.de\/hr\/wp-json\/wp\/v2\/product\/16538","targetHints":{"allow":["GET"]}}],"collection":[{"href":"https:\/\/freizeit-technik.de\/hr\/wp-json\/wp\/v2\/product"}],"about":[{"href":"https:\/\/freizeit-technik.de\/hr\/wp-json\/wp\/v2\/types\/product"}],"replies":[{"embeddable":true,"href":"https:\/\/freizeit-technik.de\/hr\/wp-json\/wp\/v2\/comments?post=16538"}],"wp:featuredmedia":[{"embeddable":true,"href":"https:\/\/freizeit-technik.de\/hr\/wp-json\/wp\/v2\/media\/16520"}],"wp:attachment":[{"href":"https:\/\/freizeit-technik.de\/hr\/wp-json\/wp\/v2\/media?parent=16538"}],"wp:term":[{"taxonomy":"product_brand","embeddable":true,"href":"https:\/\/freizeit-technik.de\/hr\/wp-json\/wp\/v2\/product_brand?post=16538"},{"taxonomy":"product_cat","embeddable":true,"href":"https:\/\/freizeit-technik.de\/hr\/wp-json\/wp\/v2\/product_cat?post=16538"},{"taxonomy":"product_tag","embeddable":true,"href":"https:\/\/freizeit-technik.de\/hr\/wp-json\/wp\/v2\/product_tag?post=16538"}],"curies":[{"name":"wp","href":"https:\/\/api.w.org\/{rel}","templated":true}]}}