{"id":16643,"date":"2020-04-23T15:02:10","date_gmt":"2020-04-23T13:02:10","guid":{"rendered":"https:\/\/freizeit-technik.de\/shop\/12-jumpfree-royal-garden-trampolin-370\/"},"modified":"2026-05-11T11:04:56","modified_gmt":"2026-05-11T09:04:56","slug":"12-jumpfree-royal-garden-trampolin-370","status":"publish","type":"product","link":"https:\/\/freizeit-technik.de\/hr\/shop\/12-jumpfree-royal-garden-trampolin-370\/","title":{"rendered":"12&#8221; Jumpfree Royal Garden trampolin (3,70)"},"content":{"rendered":"<p><span class=\"tx-ttproducts-pi1-wrap2\"><strong><img loading=\"lazy\" decoding=\"async\" src=\"http:\/\/shop.freizeit-technik.de\/images\/content\/tuevgs.jpg\" alt=\"\" width=\"70\" height=\"32\" align=\"absMiddle\"><\/strong><\/span><\/p>\n<p><strong>Promjer: 3,70 m<br \/>\n Te\u017eina: 91 kg<br \/>\n Maksimalna te\u017eina korisnika: 130 kg<br \/>\n Debljina cijevi: 2 mm<br \/>\n Broj opruga: 80<br \/>\n Boja poklopca okvira: plava<br \/>\n Debljina podloge: 30 mm<br \/>\n Certifikat: T\u00dcV\/GS<br \/>\n Dimenzije pakiranja: 150 x 55 x 43 cm <\/strong><\/p>\n<p><img loading=\"lazy\" decoding=\"async\" class=\"size-full wp-image-688 alignleft\" src=\"https:\/\/freizeit-technik.de\/wp-content\/uploads\/2017\/03\/Q_asia-1.gif\" alt=\"\" width=\"64\" height=\"64\"><img loading=\"lazy\" decoding=\"async\" class=\"size-full wp-image-694 alignleft\" src=\"https:\/\/freizeit-technik.de\/wp-content\/uploads\/2017\/03\/premium_line.gif\" alt=\"\" width=\"119\" height=\"64\"><\/p>\n<p>&nbsp;<\/p>\n","protected":false},"excerpt":{"rendered":"<p>Jumpfree trampolini imaju koristi od desetlje\u0107a iskustva svog legendarnog prethodnika, Jumpkinga (SAD). Na\u0161i veliki, komercijalno upravljani bungee trampolin parkovi koriste isklju\u010divo Jumpfree Exclusive ili Royal trampoline. I to s dobrim razlogom!  <\/p>\n<p>Vrtni trampolini Jumpfree postavljaju standard kvalitete prema kojem se uspore\u0111uju svi ostali.<br \/>\n Proizvo\u0111a\u010di moraju mjeriti.<br \/>\n<strong><u>Va\u017ena NAPOMENA:<br \/>\n<\/u><\/strong> Vrtni trampolini i pribor Jumpfree Royal i Proline spadaju u kategoriju &#8220;Premium Line&#8221; kada se koriste s bungee trampolin sustavima. Proizvodi su visoke kvalitete. Me\u0111utim, ovi proizvodi su prikladni samo za komercijalnu upotrebu u kombinaciji s bungee sustavom i ni na koji na\u010din nisu zamjena za profesionalni trampolin sustav (npr. multi-trampolin). Ovi proizvodi nisu dizajnirani za tako te\u0161ku upotrebu!   <\/p>\n","protected":false},"featured_media":16647,"comment_status":"open","ping_status":"closed","template":"","meta":{"_acf_changed":false},"product_brand":[],"product_cat":[226,215],"product_tag":[],"class_list":{"0":"post-16643","1":"product","2":"type-product","3":"status-publish","4":"has-post-thumbnail","6":"product_cat-bocni-trampolini","7":"product_cat-bungee-trampolin-objekti","9":"first","10":"instock","11":"taxable","12":"shipping-taxable","13":"purchasable","14":"product-type-simple"},"acf":[],"_links":{"self":[{"href":"https:\/\/freizeit-technik.de\/hr\/wp-json\/wp\/v2\/product\/16643","targetHints":{"allow":["GET"]}}],"collection":[{"href":"https:\/\/freizeit-technik.de\/hr\/wp-json\/wp\/v2\/product"}],"about":[{"href":"https:\/\/freizeit-technik.de\/hr\/wp-json\/wp\/v2\/types\/product"}],"replies":[{"embeddable":true,"href":"https:\/\/freizeit-technik.de\/hr\/wp-json\/wp\/v2\/comments?post=16643"}],"wp:featuredmedia":[{"embeddable":true,"href":"https:\/\/freizeit-technik.de\/hr\/wp-json\/wp\/v2\/media\/16647"}],"wp:attachment":[{"href":"https:\/\/freizeit-technik.de\/hr\/wp-json\/wp\/v2\/media?parent=16643"}],"wp:term":[{"taxonomy":"product_brand","embeddable":true,"href":"https:\/\/freizeit-technik.de\/hr\/wp-json\/wp\/v2\/product_brand?post=16643"},{"taxonomy":"product_cat","embeddable":true,"href":"https:\/\/freizeit-technik.de\/hr\/wp-json\/wp\/v2\/product_cat?post=16643"},{"taxonomy":"product_tag","embeddable":true,"href":"https:\/\/freizeit-technik.de\/hr\/wp-json\/wp\/v2\/product_tag?post=16643"}],"curies":[{"name":"wp","href":"https:\/\/api.w.org\/{rel}","templated":true}]}}