{"id":16663,"date":"2020-04-20T14:23:22","date_gmt":"2020-04-20T12:23:22","guid":{"rendered":"https:\/\/freizeit-technik.de\/shop\/vrtni-trampolin-proline-8-245\/"},"modified":"2026-05-11T11:05:03","modified_gmt":"2026-05-11T09:05:03","slug":"vrtni-trampolin-proline-8-245","status":"publish","type":"product","link":"https:\/\/freizeit-technik.de\/hr\/shop\/vrtni-trampolin-proline-8-245\/","title":{"rendered":"Vrtni trampolin Proline 8&#8221; (2,45)"},"content":{"rendered":"<p><span class=\"tx-ttproducts-pi1-wrap2\"><strong><img loading=\"lazy\" decoding=\"async\" src=\"http:\/\/shop.freizeit-technik.de\/images\/content\/tuevgs.jpg\" alt=\"\" width=\"70\" height=\"32\" align=\"absMiddle\"><\/strong><\/span><\/p>\n<p>Promjer: 2,45 m<br \/>\n Te\u017eina: 50 kg<br \/>\n Maksimalna te\u017eina korisnika: 80 kg<br \/>\n Debljina cijevi: 2 mm<br \/>\n Broj opruga: 60<br \/>\n Boja poklopca okvira: zelena<br \/>\n Debljina podloge: 25 mm<br \/>\n Certifikat: T\u00dcV\/GS<br \/>\n Dimenzije pakiranja: 133 x 50 x 23 cm <\/p>\n<p><img loading=\"lazy\" decoding=\"async\" class=\"size-full wp-image-688 alignleft\" src=\"https:\/\/freizeit-technik.de\/wp-content\/uploads\/2017\/03\/Q_asia-1.gif\" alt=\"\" width=\"64\" height=\"64\"><img loading=\"lazy\" decoding=\"async\" class=\"size-full wp-image-694 alignleft\" src=\"https:\/\/freizeit-technik.de\/wp-content\/uploads\/2017\/03\/premium_line.gif\" alt=\"\" width=\"119\" height=\"64\"><\/p>\n","protected":false},"excerpt":{"rendered":"<p>Trampolini marke Proline uglavnom su po kvaliteti ekvivalentni visokokvalitetnim Jumpfree proizvodima. Stoga su 8&#8243; Proline trampolini standardno uklju\u010deni uz 4tramp mini.<\/p>\n<p class=\"bodytext\"><strong><br \/>\nPosebnost:<\/strong> Trampolini serije Proline imaju izuzetno robusnu zelenu oblogu okvira debljine 25 mm.<\/p>\n<p><u><strong>Va\u017ena NAPOMENA:<\/strong><\/u><br \/>\n Vrtni trampolini i pribor Jumpfree Royal i Proline spadaju u kategoriju &#8220;Premium Line&#8221; kada se koriste s bungee trampolin sustavima. Proizvodi su visoke kvalitete. Me\u0111utim, ovi proizvodi su prikladni samo za komercijalnu upotrebu u kombinaciji s bungee sustavom i ni na koji na\u010din nisu zamjena za profesionalni trampolin sustav (npr. multi-trampolin). Ovi proizvodi nisu dizajnirani za tako te\u0161ku upotrebu!   <\/p>\n","protected":false},"featured_media":16665,"comment_status":"open","ping_status":"closed","template":"","meta":{"_acf_changed":false},"product_brand":[],"product_cat":[226,215],"product_tag":[],"class_list":{"0":"post-16663","1":"product","2":"type-product","3":"status-publish","4":"has-post-thumbnail","6":"product_cat-bocni-trampolini","7":"product_cat-bungee-trampolin-objekti","9":"first","10":"instock","11":"taxable","12":"shipping-taxable","13":"purchasable","14":"product-type-simple"},"acf":[],"_links":{"self":[{"href":"https:\/\/freizeit-technik.de\/hr\/wp-json\/wp\/v2\/product\/16663","targetHints":{"allow":["GET"]}}],"collection":[{"href":"https:\/\/freizeit-technik.de\/hr\/wp-json\/wp\/v2\/product"}],"about":[{"href":"https:\/\/freizeit-technik.de\/hr\/wp-json\/wp\/v2\/types\/product"}],"replies":[{"embeddable":true,"href":"https:\/\/freizeit-technik.de\/hr\/wp-json\/wp\/v2\/comments?post=16663"}],"wp:featuredmedia":[{"embeddable":true,"href":"https:\/\/freizeit-technik.de\/hr\/wp-json\/wp\/v2\/media\/16665"}],"wp:attachment":[{"href":"https:\/\/freizeit-technik.de\/hr\/wp-json\/wp\/v2\/media?parent=16663"}],"wp:term":[{"taxonomy":"product_brand","embeddable":true,"href":"https:\/\/freizeit-technik.de\/hr\/wp-json\/wp\/v2\/product_brand?post=16663"},{"taxonomy":"product_cat","embeddable":true,"href":"https:\/\/freizeit-technik.de\/hr\/wp-json\/wp\/v2\/product_cat?post=16663"},{"taxonomy":"product_tag","embeddable":true,"href":"https:\/\/freizeit-technik.de\/hr\/wp-json\/wp\/v2\/product_tag?post=16663"}],"curies":[{"name":"wp","href":"https:\/\/api.w.org\/{rel}","templated":true}]}}