{"id":16705,"date":"2020-04-19T15:09:49","date_gmt":"2020-04-19T13:09:49","guid":{"rendered":"https:\/\/freizeit-technik.de\/?post_type=product&#038;p=16705"},"modified":"2026-05-11T11:05:26","modified_gmt":"2026-05-11T09:05:26","slug":"zracni-trampolin-velicina-1","status":"publish","type":"product","link":"https:\/\/freizeit-technik.de\/hr\/shop\/zracni-trampolin-velicina-1\/","title":{"rendered":"Zra\u010dni trampolin veli\u010dina 1"},"content":{"rendered":"<p><strong>Masa:<br \/>\n 330 cm x 283 cm x 60 cm<br \/>\n 335,28 x 287,02 x 63,5 cm<\/strong><\/p>\n<p> <span class=\"tx-ttproducts-pi1-wrap2\"><strong>Te\u017eina: 24,50 kg<br \/>\n Dimenzije pakiranja: 52 x 52 x 21 cm<br \/>\n Boja: \u017euta<br \/>\n Certifikacija: CE<\/strong><\/span><\/p>\n<p><img loading=\"lazy\" decoding=\"async\" class=\"size-full wp-image-690 alignleft\" src=\"https:\/\/freizeit-technik.de\/wp-content\/uploads\/2017\/03\/empfehlung.gif\" alt=\"\" width=\"198\" height=\"64\"><img loading=\"lazy\" decoding=\"async\" class=\"size-full wp-image-688 alignleft\" src=\"https:\/\/freizeit-technik.de\/wp-content\/uploads\/2017\/03\/Q_asia-1.gif\" alt=\"\" width=\"64\" height=\"64\"><img loading=\"lazy\" decoding=\"async\" class=\"size-full wp-image-694 alignleft\" src=\"https:\/\/freizeit-technik.de\/wp-content\/uploads\/2017\/03\/premium_line.gif\" alt=\"\" width=\"119\" height=\"64\"><img loading=\"lazy\" decoding=\"async\" class=\"size-full wp-image-448 alignleft\" src=\"https:\/\/freizeit-technik.de\/wp-content\/uploads\/2017\/02\/exclusively_JS.gif\" alt=\"\" width=\"119\" height=\"64\"><\/p>\n","protected":false},"excerpt":{"rendered":"<p><span class=\"tx-ttproducts-pi1-wrap2\">Zra\u010dni trampolin mo\u017ee se napuhati za samo nekoliko minuta pomo\u0107u puhala. Zatim pouzdano zadr\u017eava zrak. Ista tehnologija se koristi i u profesionalnom plovidbi. Zra\u010dni trampolin ima originalnu trampolin podlogu za skakanje.<br \/>\n Kada se pravilno napuhne, pru\u017ea nevjerojatan opru\u017eni efekt bez ikakvih ograni\u010denja visine skoka kada se koristi s bungee trampolinima. Kvaliteta je impresivna i dokazala se vi\u0161e od 10 godina. Manji popravci se lako izvode pomo\u0107u prilo\u017eenog kompleta.<br \/>\n Zbog male veli\u010dine pakiranja i male te\u017eine, bungee trampolini su izvrsno rje\u0161enje za mobilnu upotrebu, \u0161tede\u0107i znatno vrijeme prilikom postavljanja i rastavljanja.<\/span><br \/>\n Budu\u0107i da se zra\u010dni trampolini mogu ispuhati prije i poslije svakog dana rada, \u0161teta na imovini nije problem.<\/p>\n<p> <strong>Jasna preporuka od nas!<\/strong><\/p>\n","protected":false},"featured_media":16706,"comment_status":"open","ping_status":"closed","template":"","meta":{"_acf_changed":false},"product_brand":[],"product_cat":[226,215],"product_tag":[],"class_list":{"0":"post-16705","1":"product","2":"type-product","3":"status-publish","4":"has-post-thumbnail","6":"product_cat-bocni-trampolini","7":"product_cat-bungee-trampolin-objekti","9":"first","10":"instock","11":"taxable","12":"shipping-taxable","13":"purchasable","14":"product-type-variable"},"acf":[],"_links":{"self":[{"href":"https:\/\/freizeit-technik.de\/hr\/wp-json\/wp\/v2\/product\/16705","targetHints":{"allow":["GET"]}}],"collection":[{"href":"https:\/\/freizeit-technik.de\/hr\/wp-json\/wp\/v2\/product"}],"about":[{"href":"https:\/\/freizeit-technik.de\/hr\/wp-json\/wp\/v2\/types\/product"}],"replies":[{"embeddable":true,"href":"https:\/\/freizeit-technik.de\/hr\/wp-json\/wp\/v2\/comments?post=16705"}],"wp:featuredmedia":[{"embeddable":true,"href":"https:\/\/freizeit-technik.de\/hr\/wp-json\/wp\/v2\/media\/16706"}],"wp:attachment":[{"href":"https:\/\/freizeit-technik.de\/hr\/wp-json\/wp\/v2\/media?parent=16705"}],"wp:term":[{"taxonomy":"product_brand","embeddable":true,"href":"https:\/\/freizeit-technik.de\/hr\/wp-json\/wp\/v2\/product_brand?post=16705"},{"taxonomy":"product_cat","embeddable":true,"href":"https:\/\/freizeit-technik.de\/hr\/wp-json\/wp\/v2\/product_cat?post=16705"},{"taxonomy":"product_tag","embeddable":true,"href":"https:\/\/freizeit-technik.de\/hr\/wp-json\/wp\/v2\/product_tag?post=16705"}],"curies":[{"name":"wp","href":"https:\/\/api.w.org\/{rel}","templated":true}]}}