{"id":16813,"date":"2017-07-31T15:06:49","date_gmt":"2017-07-31T13:06:49","guid":{"rendered":"https:\/\/freizeit-technik.de\/shop\/elasticni-ekspanderi-tipa-2-10-kg-prodaju-se-na-metar\/"},"modified":"2026-05-11T11:15:39","modified_gmt":"2026-05-11T09:15:39","slug":"elasticni-ekspanderi-tipa-2-10-kg-prodaju-se-na-metar","status":"publish","type":"product","link":"https:\/\/freizeit-technik.de\/hr\/shop\/elasticni-ekspanderi-tipa-2-10-kg-prodaju-se-na-metar\/","title":{"rendered":"Elasti\u010dni ekspanderi tipa 2, 10 kg, prodaju se na metar"},"content":{"rendered":"<p><strong>Za te\u017einu: cca. 10 kg<\/strong> (te\u017eina skaka\u010da kada se koristi s obje strane) <strong><br \/>\nBoja: crna ili crno-\u017euta<br \/>\n Duljina role: 100 m<br \/>\n Dinamika skoka: +++<br \/>\n Rok trajanja: ++++<br \/>\n Sigurnost: ++++<\/strong><\/p>\n","protected":false},"excerpt":{"rendered":"<p class=\"bodytext\">Gumeno u\u017ee od 9 mm s crnim ili crno-\u017eutim dvostrukim omota\u010dem.<br \/>\n Dvostruko pletenje, u kombinaciji s ve\u0107im brojem tanjih, crnih unutarnjih niti, rezultira iznadprosje\u010dnim vijekom trajanja ovih elasti\u010dnih traka.<br \/>\n Vanjski omota\u010d vrlo labavo prianja. Posljedi\u010dno, znatno se pomi\u010de tijekom rada, a ponekad \u010dak i napuhne. Me\u0111utim, trajnost ovih elasti\u010dnih vrpci je vrlo dobra, jer vanjski omota\u010d pru\u017ea dodatni za\u0161titni sloj, a unutarnje lateks niti dodatno su za\u0161ti\u0107ene drugim, vrlo mekim unutarnjim omota\u010dem. Ove elasti\u010dne vrpce nude izvrstan omjer cijene i kvalitete i vrlo su dobar izbor za operatere kojima nije prioritet savr\u0161eno pristajaju\u0107i vanjski omota\u010d.   <\/p>\n<p class=\"bodytext\"><strong>Molimo unesite potreban broj linearnih metara u polje za narud\u017ebu.<br \/>\n Duljina role = 100 m<\/strong><\/p>\n<p class=\"bodytext\">Ako se \u017eeljena duljina elasti\u010dne uzice razlikuje od navedene duljine role, naplatit \u0107emo dodatnu cijenu od 7,50 eura neto.<\/p>\n","protected":false},"featured_media":16815,"comment_status":"open","ping_status":"closed","template":"","meta":{"_acf_changed":false},"product_brand":[],"product_cat":[241,346,243],"product_tag":[],"class_list":{"0":"post-16813","1":"product","2":"type-product","3":"status-publish","4":"has-post-thumbnail","6":"product_cat-elastika-i-uzad","7":"product_cat-gumena-uzad","8":"product_cat-uradi-sam","10":"first","11":"instock","12":"taxable","13":"shipping-taxable","14":"purchasable","15":"product-type-variable"},"acf":[],"_links":{"self":[{"href":"https:\/\/freizeit-technik.de\/hr\/wp-json\/wp\/v2\/product\/16813","targetHints":{"allow":["GET"]}}],"collection":[{"href":"https:\/\/freizeit-technik.de\/hr\/wp-json\/wp\/v2\/product"}],"about":[{"href":"https:\/\/freizeit-technik.de\/hr\/wp-json\/wp\/v2\/types\/product"}],"replies":[{"embeddable":true,"href":"https:\/\/freizeit-technik.de\/hr\/wp-json\/wp\/v2\/comments?post=16813"}],"wp:featuredmedia":[{"embeddable":true,"href":"https:\/\/freizeit-technik.de\/hr\/wp-json\/wp\/v2\/media\/16815"}],"wp:attachment":[{"href":"https:\/\/freizeit-technik.de\/hr\/wp-json\/wp\/v2\/media?parent=16813"}],"wp:term":[{"taxonomy":"product_brand","embeddable":true,"href":"https:\/\/freizeit-technik.de\/hr\/wp-json\/wp\/v2\/product_brand?post=16813"},{"taxonomy":"product_cat","embeddable":true,"href":"https:\/\/freizeit-technik.de\/hr\/wp-json\/wp\/v2\/product_cat?post=16813"},{"taxonomy":"product_tag","embeddable":true,"href":"https:\/\/freizeit-technik.de\/hr\/wp-json\/wp\/v2\/product_tag?post=16813"}],"curies":[{"name":"wp","href":"https:\/\/api.w.org\/{rel}","templated":true}]}}