{"id":16859,"date":"2017-08-01T16:07:15","date_gmt":"2017-08-01T14:07:15","guid":{"rendered":"https:\/\/freizeit-technik.de\/?post_type=product&#038;p=16859"},"modified":"2026-05-11T11:15:49","modified_gmt":"2026-05-11T09:15:49","slug":"remenica-od-nehrdajuceg-celika","status":"publish","type":"product","link":"https:\/\/freizeit-technik.de\/hr\/shop\/remenica-od-nehrdajuceg-celika\/","title":{"rendered":"Remenica od nehr\u0111aju\u0107eg \u010delika"},"content":{"rendered":"<p><span class=\"tx-ttproducts-pi1-wrap2\"><strong>Te\u017eina: 0,140 kg<br \/>\n<\/strong><\/span> <span class=\"tx-ttproducts-pi1-wrap2\"><strong>Boja: srebrna<\/strong><\/span> <span class=\"tx-ttproducts-pi1-wrap2\"><strong><br \/>\nVla\u010dna sila: 22 kN<br \/>\n Certifikacija: EN 12278<\/strong><\/span><\/p>\n<p><img loading=\"lazy\" decoding=\"async\" class=\"alignnone size-full wp-image-688\" src=\"https:\/\/freizeit-technik.de\/wp-content\/uploads\/2017\/03\/Q_asia-1.gif\" alt=\"\" width=\"64\" height=\"64\"><img loading=\"lazy\" decoding=\"async\" class=\"alignnone size-full wp-image-694\" src=\"https:\/\/freizeit-technik.de\/wp-content\/uploads\/2017\/03\/premium_line.gif\" alt=\"\" width=\"119\" height=\"64\"><\/p>\n","protected":false},"excerpt":{"rendered":"<p><span class=\"tx-ttproducts-pi1-wrap2\">Deflektor s kugli\u010dnim le\u017eajem i blokirnom \u0161ipkom od nehr\u0111aju\u0107eg \u010delika. Visoka \u010dvrsto\u0107a ovjesnih to\u010daka pod posebno velikim optere\u0107enjima. <\/span><\/p>\n","protected":false},"featured_media":16861,"comment_status":"open","ping_status":"closed","template":"","meta":{"_acf_changed":false},"product_brand":[],"product_cat":[234],"product_tag":[],"class_list":{"0":"post-16859","1":"product","2":"type-product","3":"status-publish","4":"has-post-thumbnail","6":"product_cat-karabineri-i-drustvo","8":"first","9":"instock","10":"taxable","11":"shipping-taxable","12":"purchasable","13":"product-type-simple"},"acf":[],"_links":{"self":[{"href":"https:\/\/freizeit-technik.de\/hr\/wp-json\/wp\/v2\/product\/16859","targetHints":{"allow":["GET"]}}],"collection":[{"href":"https:\/\/freizeit-technik.de\/hr\/wp-json\/wp\/v2\/product"}],"about":[{"href":"https:\/\/freizeit-technik.de\/hr\/wp-json\/wp\/v2\/types\/product"}],"replies":[{"embeddable":true,"href":"https:\/\/freizeit-technik.de\/hr\/wp-json\/wp\/v2\/comments?post=16859"}],"wp:featuredmedia":[{"embeddable":true,"href":"https:\/\/freizeit-technik.de\/hr\/wp-json\/wp\/v2\/media\/16861"}],"wp:attachment":[{"href":"https:\/\/freizeit-technik.de\/hr\/wp-json\/wp\/v2\/media?parent=16859"}],"wp:term":[{"taxonomy":"product_brand","embeddable":true,"href":"https:\/\/freizeit-technik.de\/hr\/wp-json\/wp\/v2\/product_brand?post=16859"},{"taxonomy":"product_cat","embeddable":true,"href":"https:\/\/freizeit-technik.de\/hr\/wp-json\/wp\/v2\/product_cat?post=16859"},{"taxonomy":"product_tag","embeddable":true,"href":"https:\/\/freizeit-technik.de\/hr\/wp-json\/wp\/v2\/product_tag?post=16859"}],"curies":[{"name":"wp","href":"https:\/\/api.w.org\/{rel}","templated":true}]}}