{"id":16881,"date":"2017-08-03T14:19:03","date_gmt":"2017-08-03T12:19:03","guid":{"rendered":"https:\/\/freizeit-technik.de\/shop\/elasticni-ekspanderi-tipa-1-10-kg-prodaju-se-na-metar\/"},"modified":"2026-05-11T11:15:59","modified_gmt":"2026-05-11T09:15:59","slug":"elasticni-ekspanderi-tipa-1-10-kg-prodaju-se-na-metar","status":"publish","type":"product","link":"https:\/\/freizeit-technik.de\/hr\/shop\/elasticni-ekspanderi-tipa-1-10-kg-prodaju-se-na-metar\/","title":{"rendered":"Elasti\u010dni ekspanderi tipa 1, 10 kg, prodaju se na metar"},"content":{"rendered":"<div id=\"tab_fragment_1\" class=\"ui-tabs-panel ui-widget-content ui-corner-bottom ui-tabs-hide\"><span class=\"tx-ttproducts-pi1-wrap2\"><strong>Za te\u017einu: cca. 10 kg (te\u017eina skaka\u010da kada se koristi s obje strane)<br \/>\n Boja: crno-crvena<br \/>\n Duljina role: 100 m<br \/>\n Dinamika skoka: +++<br \/>\n Rok trajanja: +++<br \/>\n Sigurnost: ++++<\/strong><\/span><\/div>\n","protected":false},"excerpt":{"rendered":"<p>Elasti\u010dna uzica od 10 mm s crno-crvenim jednostrukim omota\u010dem. Posebno pletenje je posebno mekano, gotovo se ne pomi\u010de tijekom upotrebe, a labavi kroj omogu\u0107uje dobru elasti\u010dnost. Jednostruki omota\u010d omogu\u0107uje da se ove elasti\u010dne uzice ponude po niskoj cijeni.  <\/p>\n<p class=\"bodytext\"><strong>Molimo unesite potreban broj linearnih metara u polje za narud\u017ebu.<br \/>\n Duljina role = 100 m<\/strong><\/p>\n<p class=\"bodytext\">Ako se \u017eeljena duljina elasti\u010dne uzice razlikuje od navedene duljine role, naplatit \u0107emo dodatnu cijenu od 7,50 eura neto.<\/p>\n","protected":false},"featured_media":16882,"comment_status":"open","ping_status":"closed","template":"","meta":{"_acf_changed":false},"product_brand":[],"product_cat":[241,243],"product_tag":[],"class_list":{"0":"post-16881","1":"product","2":"type-product","3":"status-publish","4":"has-post-thumbnail","6":"product_cat-elastika-i-uzad","7":"product_cat-uradi-sam","9":"first","10":"instock","11":"taxable","12":"shipping-taxable","13":"purchasable","14":"product-type-simple"},"acf":[],"_links":{"self":[{"href":"https:\/\/freizeit-technik.de\/hr\/wp-json\/wp\/v2\/product\/16881","targetHints":{"allow":["GET"]}}],"collection":[{"href":"https:\/\/freizeit-technik.de\/hr\/wp-json\/wp\/v2\/product"}],"about":[{"href":"https:\/\/freizeit-technik.de\/hr\/wp-json\/wp\/v2\/types\/product"}],"replies":[{"embeddable":true,"href":"https:\/\/freizeit-technik.de\/hr\/wp-json\/wp\/v2\/comments?post=16881"}],"wp:featuredmedia":[{"embeddable":true,"href":"https:\/\/freizeit-technik.de\/hr\/wp-json\/wp\/v2\/media\/16882"}],"wp:attachment":[{"href":"https:\/\/freizeit-technik.de\/hr\/wp-json\/wp\/v2\/media?parent=16881"}],"wp:term":[{"taxonomy":"product_brand","embeddable":true,"href":"https:\/\/freizeit-technik.de\/hr\/wp-json\/wp\/v2\/product_brand?post=16881"},{"taxonomy":"product_cat","embeddable":true,"href":"https:\/\/freizeit-technik.de\/hr\/wp-json\/wp\/v2\/product_cat?post=16881"},{"taxonomy":"product_tag","embeddable":true,"href":"https:\/\/freizeit-technik.de\/hr\/wp-json\/wp\/v2\/product_tag?post=16881"}],"curies":[{"name":"wp","href":"https:\/\/api.w.org\/{rel}","templated":true}]}}