{"id":16928,"date":"2017-08-04T14:58:16","date_gmt":"2017-08-04T12:58:16","guid":{"rendered":"https:\/\/freizeit-technik.de\/shop\/elasticni-ekspanderi-tipa-1-75-kg-prodaju-se-na-metar\/"},"modified":"2026-05-11T11:16:23","modified_gmt":"2026-05-11T09:16:23","slug":"elasticni-ekspanderi-tipa-1-75-kg-prodaju-se-na-metar","status":"publish","type":"product","link":"https:\/\/freizeit-technik.de\/hr\/shop\/elasticni-ekspanderi-tipa-1-75-kg-prodaju-se-na-metar\/","title":{"rendered":"Elasti\u010dni ekspanderi tipa 1, 7,5 kg, prodaju se na metar"},"content":{"rendered":"<p><strong>Za te\u017einu: cca. 7,5 kg<\/strong> (te\u017eina skaka\u010da kada se koristi s obje strane) <strong><br \/>\nBoja: crno-zelena<br \/>\n Duljina role: 100 m<br \/>\n Dinamika skoka: +++<br \/>\n Rok trajanja: +++<br \/>\n Sigurnost: ++++<\/strong><strong><br \/>\n<\/strong><\/p>\n<p>&nbsp;<\/p>\n","protected":false},"excerpt":{"rendered":"<p>Za elasti\u010dni kabel od 8 mm s crno-zelenim jednostrukim omota\u010dem. Posebno pletenje je posebno mekano, gotovo se ne pomi\u010de tijekom upotrebe, a labavi kroj omogu\u0107uje dobru elasti\u010dnost. Jednostruki omota\u010d omogu\u0107uje da se ovi elasti\u010dni kabeli ponude po niskoj cijeni <strong>.<\/strong>  <\/p>\n<p class=\"bodytext\"><strong>Molimo unesite potreban broj linearnih metara u polje za narud\u017ebu.<br \/>\n Duljina role = 100 m<\/strong><\/p>\n<p class=\"bodytext\">Ako se \u017eeljena duljina elasti\u010dne uzice razlikuje od navedene duljine role, naplatit \u0107emo dodatnu cijenu od 7,50 eura neto.<\/p>\n","protected":false},"featured_media":16931,"comment_status":"open","ping_status":"closed","template":"","meta":{"_acf_changed":false},"product_brand":[],"product_cat":[241,346,243],"product_tag":[],"class_list":{"0":"post-16928","1":"product","2":"type-product","3":"status-publish","4":"has-post-thumbnail","6":"product_cat-elastika-i-uzad","7":"product_cat-gumena-uzad","8":"product_cat-uradi-sam","10":"first","11":"instock","12":"taxable","13":"shipping-taxable","14":"purchasable","15":"product-type-simple"},"acf":[],"_links":{"self":[{"href":"https:\/\/freizeit-technik.de\/hr\/wp-json\/wp\/v2\/product\/16928","targetHints":{"allow":["GET"]}}],"collection":[{"href":"https:\/\/freizeit-technik.de\/hr\/wp-json\/wp\/v2\/product"}],"about":[{"href":"https:\/\/freizeit-technik.de\/hr\/wp-json\/wp\/v2\/types\/product"}],"replies":[{"embeddable":true,"href":"https:\/\/freizeit-technik.de\/hr\/wp-json\/wp\/v2\/comments?post=16928"}],"wp:featuredmedia":[{"embeddable":true,"href":"https:\/\/freizeit-technik.de\/hr\/wp-json\/wp\/v2\/media\/16931"}],"wp:attachment":[{"href":"https:\/\/freizeit-technik.de\/hr\/wp-json\/wp\/v2\/media?parent=16928"}],"wp:term":[{"taxonomy":"product_brand","embeddable":true,"href":"https:\/\/freizeit-technik.de\/hr\/wp-json\/wp\/v2\/product_brand?post=16928"},{"taxonomy":"product_cat","embeddable":true,"href":"https:\/\/freizeit-technik.de\/hr\/wp-json\/wp\/v2\/product_cat?post=16928"},{"taxonomy":"product_tag","embeddable":true,"href":"https:\/\/freizeit-technik.de\/hr\/wp-json\/wp\/v2\/product_tag?post=16928"}],"curies":[{"name":"wp","href":"https:\/\/api.w.org\/{rel}","templated":true}]}}