{"id":16998,"date":"2017-08-04T16:03:48","date_gmt":"2017-08-04T14:03:48","guid":{"rendered":"https:\/\/freizeit-technik.de\/shop\/deflektorska-remenica-basic-line\/"},"modified":"2026-05-11T11:16:41","modified_gmt":"2026-05-11T09:16:41","slug":"deflektorska-remenica-basic-line","status":"publish","type":"product","link":"https:\/\/freizeit-technik.de\/hr\/shop\/deflektorska-remenica-basic-line\/","title":{"rendered":"Deflektorska remenica Basic Line"},"content":{"rendered":"<p><span class=\"tx-ttproducts-pi1-wrap2\"><strong>Te\u017eina: 0,105 kg<br \/>\n<\/strong><\/span> <span class=\"tx-ttproducts-pi1-wrap2\"><strong>Boja: crvena<\/strong><\/span> <span class=\"tx-ttproducts-pi1-wrap2\"><strong><br \/>\nStati\u010dka nosivost: 22 kN<br \/>\n Certifikacija: EN 12278<\/strong><\/span><\/p>\n","protected":false},"excerpt":{"rendered":"<p>Deflektorska remenica s kugli\u010dnim le\u017eajem i blokirnom \u0161ipkom.<\/p>\n","protected":false},"featured_media":17000,"comment_status":"open","ping_status":"closed","template":"","meta":{"_acf_changed":false},"product_brand":[],"product_cat":[234],"product_tag":[],"class_list":{"0":"post-16998","1":"product","2":"type-product","3":"status-publish","4":"has-post-thumbnail","6":"product_cat-karabineri-i-drustvo","8":"first","9":"instock","10":"taxable","11":"shipping-taxable","12":"purchasable","13":"product-type-simple"},"acf":[],"_links":{"self":[{"href":"https:\/\/freizeit-technik.de\/hr\/wp-json\/wp\/v2\/product\/16998","targetHints":{"allow":["GET"]}}],"collection":[{"href":"https:\/\/freizeit-technik.de\/hr\/wp-json\/wp\/v2\/product"}],"about":[{"href":"https:\/\/freizeit-technik.de\/hr\/wp-json\/wp\/v2\/types\/product"}],"replies":[{"embeddable":true,"href":"https:\/\/freizeit-technik.de\/hr\/wp-json\/wp\/v2\/comments?post=16998"}],"wp:featuredmedia":[{"embeddable":true,"href":"https:\/\/freizeit-technik.de\/hr\/wp-json\/wp\/v2\/media\/17000"}],"wp:attachment":[{"href":"https:\/\/freizeit-technik.de\/hr\/wp-json\/wp\/v2\/media?parent=16998"}],"wp:term":[{"taxonomy":"product_brand","embeddable":true,"href":"https:\/\/freizeit-technik.de\/hr\/wp-json\/wp\/v2\/product_brand?post=16998"},{"taxonomy":"product_cat","embeddable":true,"href":"https:\/\/freizeit-technik.de\/hr\/wp-json\/wp\/v2\/product_cat?post=16998"},{"taxonomy":"product_tag","embeddable":true,"href":"https:\/\/freizeit-technik.de\/hr\/wp-json\/wp\/v2\/product_tag?post=16998"}],"curies":[{"name":"wp","href":"https:\/\/api.w.org\/{rel}","templated":true}]}}