{"id":17015,"date":"2017-08-15T14:53:15","date_gmt":"2017-08-15T12:53:15","guid":{"rendered":"https:\/\/freizeit-technik.de\/shop\/upravljacka-jedinica-tea-he-200-kompletan-set-5-zica\/"},"modified":"2026-05-11T11:16:48","modified_gmt":"2026-05-11T09:16:48","slug":"upravljacka-jedinica-tea-he-200-kompletan-set-5-zica","status":"publish","type":"product","link":"https:\/\/freizeit-technik.de\/hr\/shop\/upravljacka-jedinica-tea-he-200-kompletan-set-5-zica\/","title":{"rendered":"Upravlja\u010dka jedinica TEA HE 200 kompletan set 5 \u017eica"},"content":{"rendered":"","protected":false},"excerpt":{"rendered":"<div id=\"tab_fragment_0\" class=\"ui-tabs-panel ui-widget-content ui-corner-bottom\">\n<div>\n<p>Kompletna upravlja\u010dka jedinica TEA HE 200.<br \/>\n Za vitla TEA HE 200 koja imaju 1 polugu za otpu\u0161tanje i 1 mikroprekida\u010d.<br \/>\n <strong>Uklju\u010dite ga, zavrnite i po\u010dnite!<\/strong><br \/>\n Nije potrebno vi\u0161e kablovskih radova u ku\u0107i.<\/p>\n<p> <strong>Sadr\u017ei:<\/strong><br \/>\n &#8211; Kabel za napajanje od 12 mm s 5 \u017eica, duljine 3 m<br \/>\n &#8211; 1 mikroprekida\u010d (br. 53) s monta\u017enom plo\u010dom (br. 55)<br \/>\n &#8211; Elektri\u010dni utika\u010d (br. 54)<br \/>\n &#8211; Za\u0161titna kapica (br. 51)<\/p>\n<\/div>\n<\/div>\n<p><span class=\"tx-ttproducts-pi1-wrap2\"> <\/span><\/p>\n","protected":false},"featured_media":17016,"comment_status":"open","ping_status":"closed","template":"","meta":{"_acf_changed":false},"product_brand":[],"product_cat":[215,356],"product_tag":[],"class_list":{"0":"post-17015","1":"product","2":"type-product","3":"status-publish","4":"has-post-thumbnail","6":"product_cat-bungee-trampolin-objekti","7":"product_cat-vitla","9":"first","10":"instock","11":"taxable","12":"shipping-taxable","13":"purchasable","14":"product-type-simple"},"acf":[],"_links":{"self":[{"href":"https:\/\/freizeit-technik.de\/hr\/wp-json\/wp\/v2\/product\/17015","targetHints":{"allow":["GET"]}}],"collection":[{"href":"https:\/\/freizeit-technik.de\/hr\/wp-json\/wp\/v2\/product"}],"about":[{"href":"https:\/\/freizeit-technik.de\/hr\/wp-json\/wp\/v2\/types\/product"}],"replies":[{"embeddable":true,"href":"https:\/\/freizeit-technik.de\/hr\/wp-json\/wp\/v2\/comments?post=17015"}],"wp:featuredmedia":[{"embeddable":true,"href":"https:\/\/freizeit-technik.de\/hr\/wp-json\/wp\/v2\/media\/17016"}],"wp:attachment":[{"href":"https:\/\/freizeit-technik.de\/hr\/wp-json\/wp\/v2\/media?parent=17015"}],"wp:term":[{"taxonomy":"product_brand","embeddable":true,"href":"https:\/\/freizeit-technik.de\/hr\/wp-json\/wp\/v2\/product_brand?post=17015"},{"taxonomy":"product_cat","embeddable":true,"href":"https:\/\/freizeit-technik.de\/hr\/wp-json\/wp\/v2\/product_cat?post=17015"},{"taxonomy":"product_tag","embeddable":true,"href":"https:\/\/freizeit-technik.de\/hr\/wp-json\/wp\/v2\/product_tag?post=17015"}],"curies":[{"name":"wp","href":"https:\/\/api.w.org\/{rel}","templated":true}]}}