{"id":17189,"date":"2017-08-16T16:25:04","date_gmt":"2017-08-16T14:25:04","guid":{"rendered":"https:\/\/freizeit-technik.de\/shop\/vitlo-tea-tt-200\/"},"modified":"2026-05-12T10:22:35","modified_gmt":"2026-05-12T08:22:35","slug":"vitlo-tea-tt-200","status":"publish","type":"product","link":"https:\/\/freizeit-technik.de\/hr\/shop\/vitlo-tea-tt-200\/","title":{"rendered":"Vitlo TEA TT 200"},"content":{"rendered":"<p><span class=\"tx-ttproducts-pi1-wrap2\"><strong>Napon: 220 V<br \/>\n Frekvencija: 50 Hz<br \/>\n Potro\u0161nja energije: 370 W<br \/>\n Te\u017eina bez u\u017eeta: 16 kg<br \/>\n Dimenzije pakiranja: 40 x 14 x 28 cm<\/strong><\/span><\/p>\n<p>&nbsp;<\/p>\n","protected":false},"excerpt":{"rendered":"<p>Pristupa\u010dna, visokokvalitetna vitla koja se dokazala posebno u poluprofesionalnoj i privatnoj primjeni. Za kontinuiranu komercijalnu upotrebu preporu\u010dujemo vitlo TEA HE 200. <\/p>\n<p class=\"bodytext\">Vitla se standardno isporu\u010duju bez vu\u010dnog u\u017eeta. Ako vam je potrebno, naru\u010dite ga zasebno. <\/p>\n","protected":false},"featured_media":17190,"comment_status":"open","ping_status":"closed","template":"","meta":{"_acf_changed":false},"product_brand":[],"product_cat":[215,356],"product_tag":[],"class_list":{"0":"post-17189","1":"product","2":"type-product","3":"status-publish","4":"has-post-thumbnail","6":"product_cat-bungee-trampolin-objekti","7":"product_cat-vitla","9":"first","10":"instock","11":"taxable","12":"shipping-taxable","13":"purchasable","14":"product-type-simple"},"acf":[],"_links":{"self":[{"href":"https:\/\/freizeit-technik.de\/hr\/wp-json\/wp\/v2\/product\/17189","targetHints":{"allow":["GET"]}}],"collection":[{"href":"https:\/\/freizeit-technik.de\/hr\/wp-json\/wp\/v2\/product"}],"about":[{"href":"https:\/\/freizeit-technik.de\/hr\/wp-json\/wp\/v2\/types\/product"}],"replies":[{"embeddable":true,"href":"https:\/\/freizeit-technik.de\/hr\/wp-json\/wp\/v2\/comments?post=17189"}],"wp:featuredmedia":[{"embeddable":true,"href":"https:\/\/freizeit-technik.de\/hr\/wp-json\/wp\/v2\/media\/17190"}],"wp:attachment":[{"href":"https:\/\/freizeit-technik.de\/hr\/wp-json\/wp\/v2\/media?parent=17189"}],"wp:term":[{"taxonomy":"product_brand","embeddable":true,"href":"https:\/\/freizeit-technik.de\/hr\/wp-json\/wp\/v2\/product_brand?post=17189"},{"taxonomy":"product_cat","embeddable":true,"href":"https:\/\/freizeit-technik.de\/hr\/wp-json\/wp\/v2\/product_cat?post=17189"},{"taxonomy":"product_tag","embeddable":true,"href":"https:\/\/freizeit-technik.de\/hr\/wp-json\/wp\/v2\/product_tag?post=17189"}],"curies":[{"name":"wp","href":"https:\/\/api.w.org\/{rel}","templated":true}]}}