{"id":17191,"date":"2017-08-17T16:19:40","date_gmt":"2017-08-17T14:19:40","guid":{"rendered":"https:\/\/freizeit-technik.de\/shop\/vitlo-tea-he-200-za-bungee-trampolin-sustave\/"},"modified":"2026-05-12T10:22:37","modified_gmt":"2026-05-12T08:22:37","slug":"vitlo-tea-he-200-za-bungee-trampolin-sustave","status":"publish","type":"product","link":"https:\/\/freizeit-technik.de\/hr\/shop\/vitlo-tea-he-200-za-bungee-trampolin-sustave\/","title":{"rendered":"Vitlo TEA HE 200 za bungee trampolin sustave"},"content":{"rendered":"<p><span class=\"tx-ttproducts-pi1-wrap2\"><strong>Napon: 220 V<br \/>\n Frekvencija: 50 Hz<br \/>\n Potro\u0161nja energije: 750 W<br \/>\n Te\u017eina bez u\u017eeta: 31,5 kg<br \/>\n Dimenzije pakiranja: 69 x 21 x 35 cm<\/strong><\/span><\/p>\n","protected":false},"excerpt":{"rendered":"<p><span class=\"tx-ttproducts-pi1-wrap2\">Robusno vitlo koje se koristi u mnogim bungee trampolin objektima diljem svijeta.<br \/>\n Ova vitla rade vrlo pouzdano i dokazala su se godinama.<br \/>\n <strong>Za 2026. godinu<\/strong> crni PVC poklopac zamijenjen je robusnim metalnim poklopcem. Ru\u010dna upravlja\u010dka jedinica tako\u0111er je modificirana.<br \/>\n Svi rezervni dijelovi su obi\u010dno dostupni brzo i pouzdano.<\/span><\/p>\n<p> <span class=\"tx-ttproducts-pi1-wrap2\">Vitla se standardno isporu\u010duju bez vu\u010dnog u\u017eeta.<br \/>\n Ako vam je potrebna, odaberite verziju s u\u017eetom vitla iz izbornika za odabir.<\/span><\/p>\n","protected":false},"featured_media":17192,"comment_status":"open","ping_status":"closed","template":"","meta":{"_acf_changed":false},"product_brand":[],"product_cat":[215,356],"product_tag":[],"class_list":{"0":"post-17191","1":"product","2":"type-product","3":"status-publish","4":"has-post-thumbnail","6":"product_cat-bungee-trampolin-objekti","7":"product_cat-vitla","9":"first","10":"instock","11":"taxable","12":"shipping-taxable","13":"purchasable","14":"product-type-variable"},"acf":[],"_links":{"self":[{"href":"https:\/\/freizeit-technik.de\/hr\/wp-json\/wp\/v2\/product\/17191","targetHints":{"allow":["GET"]}}],"collection":[{"href":"https:\/\/freizeit-technik.de\/hr\/wp-json\/wp\/v2\/product"}],"about":[{"href":"https:\/\/freizeit-technik.de\/hr\/wp-json\/wp\/v2\/types\/product"}],"replies":[{"embeddable":true,"href":"https:\/\/freizeit-technik.de\/hr\/wp-json\/wp\/v2\/comments?post=17191"}],"wp:featuredmedia":[{"embeddable":true,"href":"https:\/\/freizeit-technik.de\/hr\/wp-json\/wp\/v2\/media\/17192"}],"wp:attachment":[{"href":"https:\/\/freizeit-technik.de\/hr\/wp-json\/wp\/v2\/media?parent=17191"}],"wp:term":[{"taxonomy":"product_brand","embeddable":true,"href":"https:\/\/freizeit-technik.de\/hr\/wp-json\/wp\/v2\/product_brand?post=17191"},{"taxonomy":"product_cat","embeddable":true,"href":"https:\/\/freizeit-technik.de\/hr\/wp-json\/wp\/v2\/product_cat?post=17191"},{"taxonomy":"product_tag","embeddable":true,"href":"https:\/\/freizeit-technik.de\/hr\/wp-json\/wp\/v2\/product_tag?post=17191"}],"curies":[{"name":"wp","href":"https:\/\/api.w.org\/{rel}","templated":true}]}}