{"id":17263,"date":"2017-06-27T13:26:39","date_gmt":"2017-06-27T11:26:39","guid":{"rendered":"https:\/\/freizeit-technik.de\/shop\/ekspanderi-tipa-2-10-kg\/"},"modified":"2026-05-15T12:04:49","modified_gmt":"2026-05-15T10:04:49","slug":"ekspanderi-tipa-2-10-kg","status":"publish","type":"product","link":"https:\/\/freizeit-technik.de\/hr\/shop\/ekspanderi-tipa-2-10-kg\/","title":{"rendered":"Ekspanderi tipa 2, 10 kg"},"content":{"rendered":"<p><strong><span class=\"tx-ttproducts-pi1-wrap2\">Za te\u017einu: cca. 10 kg (te\u017eina skaka\u010da kada se koristi s obje strane)<br \/>\n Boja: crna ili crno-\u017euta<br \/>\n Dinamika skoka: +++<br \/>\n Rok trajanja: ++++<br \/>\n Sigurnost: ++++ <\/span><\/strong><\/p>\n","protected":false},"excerpt":{"rendered":"<p>Gumeno u\u017ee od 9 mm s crnim ili crno-\u017eutim dvostrukim omota\u010dem.<br \/>\n Dvostruko pletenje, u kombinaciji s ve\u0107im brojem tanjih, crnih unutarnjih niti, rezultira iznadprosje\u010dnim vijekom trajanja ovih elasti\u010dnih traka.<br \/>\n Vanjski omota\u010d vrlo labavo prianja. Posljedi\u010dno, znatno se pomi\u010de tijekom rada, a ponekad \u010dak i napuhne. Me\u0111utim, trajnost ovih elasti\u010dnih vrpci je vrlo dobra, jer vanjski omota\u010d pru\u017ea dodatni za\u0161titni sloj, a unutarnje lateks niti dodatno su za\u0161ti\u0107ene drugim, vrlo mekim unutarnjim omota\u010dem. Ove elasti\u010dne vrpce nude izvrstan omjer cijene i kvalitete i vrlo su dobar izbor za operatere kojima nije prioritet savr\u0161eno pristajaju\u0107i vanjski omota\u010d.   <\/p>\n<p>S u\u0161ivenim petljama za pri\u010dvr\u0161\u0107ivanje (pletene trakaste petlje) <u>bez \u010dvorova<\/u> na krajevima. Zna\u010dajno pobolj\u0161anje jednostavnosti kori\u0161tenja, jer se u\u017ead manje zapetljava. <\/p>\n<p>Elastike svih vrsta i dimenzija dostupne su i na metre za samostalnu monta\u017eu.<\/p>\n","protected":false},"featured_media":17265,"comment_status":"open","ping_status":"closed","template":"","meta":{"_acf_changed":false},"product_brand":[],"product_cat":[241,242],"product_tag":[],"class_list":{"0":"post-17263","1":"product","2":"type-product","3":"status-publish","4":"has-post-thumbnail","6":"product_cat-elastika-i-uzad","7":"product_cat-gotove-elastike","9":"first","10":"instock","11":"taxable","12":"shipping-taxable","13":"purchasable","14":"product-type-variable"},"acf":[],"_links":{"self":[{"href":"https:\/\/freizeit-technik.de\/hr\/wp-json\/wp\/v2\/product\/17263","targetHints":{"allow":["GET"]}}],"collection":[{"href":"https:\/\/freizeit-technik.de\/hr\/wp-json\/wp\/v2\/product"}],"about":[{"href":"https:\/\/freizeit-technik.de\/hr\/wp-json\/wp\/v2\/types\/product"}],"replies":[{"embeddable":true,"href":"https:\/\/freizeit-technik.de\/hr\/wp-json\/wp\/v2\/comments?post=17263"}],"wp:featuredmedia":[{"embeddable":true,"href":"https:\/\/freizeit-technik.de\/hr\/wp-json\/wp\/v2\/media\/17265"}],"wp:attachment":[{"href":"https:\/\/freizeit-technik.de\/hr\/wp-json\/wp\/v2\/media?parent=17263"}],"wp:term":[{"taxonomy":"product_brand","embeddable":true,"href":"https:\/\/freizeit-technik.de\/hr\/wp-json\/wp\/v2\/product_brand?post=17263"},{"taxonomy":"product_cat","embeddable":true,"href":"https:\/\/freizeit-technik.de\/hr\/wp-json\/wp\/v2\/product_cat?post=17263"},{"taxonomy":"product_tag","embeddable":true,"href":"https:\/\/freizeit-technik.de\/hr\/wp-json\/wp\/v2\/product_tag?post=17263"}],"curies":[{"name":"wp","href":"https:\/\/api.w.org\/{rel}","templated":true}]}}