{"id":17290,"date":"2017-06-29T13:20:32","date_gmt":"2017-06-29T11:20:32","guid":{"rendered":"https:\/\/freizeit-technik.de\/shop\/ekspander-guma-tip-1-10-kg-crno-crvena\/"},"modified":"2026-05-15T12:04:56","modified_gmt":"2026-05-15T10:04:56","slug":"ekspander-guma-tip-1-10-kg-crno-crvena","status":"publish","type":"product","link":"https:\/\/freizeit-technik.de\/hr\/shop\/ekspander-guma-tip-1-10-kg-crno-crvena\/","title":{"rendered":"Ekspander guma tip 1, 10 kg, crno-crvena"},"content":{"rendered":"<p><strong><span class=\"tx-ttproducts-pi1-wrap2\">Za te\u017einu: cca. 10 kg (te\u017eina skaka\u010da kada se koristi s obje strane)<br \/>\n Boja: crno-crvena<br \/>\n Dinamika skoka: +++<br \/>\n Rok trajanja: +++<br \/>\n Sigurnost: +++<\/span><\/strong><\/p>\n","protected":false},"excerpt":{"rendered":"<p>Elasti\u010dna uzica od 10 mm s crno-crvenim jednostrukim omota\u010dem. Posebno pletenje je posebno mekano, gotovo se ne pomi\u010de tijekom upotrebe, a labavi kroj omogu\u0107uje dobru elasti\u010dnost. Jednostruki omota\u010d omogu\u0107uje da se ove elasti\u010dne uzice ponude po niskoj cijeni.  <\/p>\n<p>S u\u0161ivenim petljama za pri\u010dvr\u0161\u0107ivanje (pletene trakaste petlje) <u>bez \u010dvorova<\/u> na krajevima. Zna\u010dajno pobolj\u0161anje jednostavnosti kori\u0161tenja, jer se u\u017ead manje zapetljava. <\/p>\n<p>Elastike svih vrsta i dimenzija dostupne su i na metre za samostalnu monta\u017eu.<\/p>\n","protected":false},"featured_media":17294,"comment_status":"open","ping_status":"closed","template":"","meta":{"_acf_changed":false},"product_brand":[],"product_cat":[241,242],"product_tag":[],"class_list":{"0":"post-17290","1":"product","2":"type-product","3":"status-publish","4":"has-post-thumbnail","6":"product_cat-elastika-i-uzad","7":"product_cat-gotove-elastike","9":"first","10":"instock","11":"taxable","12":"shipping-taxable","13":"purchasable","14":"product-type-variable"},"acf":[],"_links":{"self":[{"href":"https:\/\/freizeit-technik.de\/hr\/wp-json\/wp\/v2\/product\/17290","targetHints":{"allow":["GET"]}}],"collection":[{"href":"https:\/\/freizeit-technik.de\/hr\/wp-json\/wp\/v2\/product"}],"about":[{"href":"https:\/\/freizeit-technik.de\/hr\/wp-json\/wp\/v2\/types\/product"}],"replies":[{"embeddable":true,"href":"https:\/\/freizeit-technik.de\/hr\/wp-json\/wp\/v2\/comments?post=17290"}],"wp:featuredmedia":[{"embeddable":true,"href":"https:\/\/freizeit-technik.de\/hr\/wp-json\/wp\/v2\/media\/17294"}],"wp:attachment":[{"href":"https:\/\/freizeit-technik.de\/hr\/wp-json\/wp\/v2\/media?parent=17290"}],"wp:term":[{"taxonomy":"product_brand","embeddable":true,"href":"https:\/\/freizeit-technik.de\/hr\/wp-json\/wp\/v2\/product_brand?post=17290"},{"taxonomy":"product_cat","embeddable":true,"href":"https:\/\/freizeit-technik.de\/hr\/wp-json\/wp\/v2\/product_cat?post=17290"},{"taxonomy":"product_tag","embeddable":true,"href":"https:\/\/freizeit-technik.de\/hr\/wp-json\/wp\/v2\/product_tag?post=17290"}],"curies":[{"name":"wp","href":"https:\/\/api.w.org\/{rel}","templated":true}]}}