{"id":17442,"date":"2017-07-18T14:07:23","date_gmt":"2017-07-18T12:07:23","guid":{"rendered":"https:\/\/freizeit-technik.de\/?post_type=product&#038;p=17442"},"modified":"2026-05-15T12:05:34","modified_gmt":"2026-05-15T10:05:34","slug":"lateks-elastika-tipa-4-25-kg-prodaje-se-na-metar-role-od-10-m","status":"publish","type":"product","link":"https:\/\/freizeit-technik.de\/hr\/shop\/lateks-elastika-tipa-4-25-kg-prodaje-se-na-metar-role-od-10-m\/","title":{"rendered":"Lateks elastika tipa 4, 2,5 kg, prodaje se na metar, role od 10 m"},"content":{"rendered":"<p><span class=\"tx-ttproducts-pi1-wrap2\"><strong>Te\u017eina: otprilike 2,5 kg<\/strong> (te\u017eina skaka\u010da kada se koristi s obje strane)<br \/>\n <strong>Boja: zelena<br \/>\n Duljina role: 10 m<br \/>\n Minimalna radna temperatura: +5\u00b0C<br \/>\n Dinamika skoka: +++++<br \/>\n Rok trajanja: ++<br \/>\n Sigurnost: +<\/strong><\/span><\/p>\n<p><img loading=\"lazy\" decoding=\"async\" class=\"size-full wp-image-511 alignleft\" src=\"https:\/\/freizeit-technik.de\/wp-content\/uploads\/2017\/03\/Q_asia.jpg\" alt=\"\" width=\"64\" height=\"64\"><\/p>\n","protected":false},"excerpt":{"rendered":"<p><span class=\"tx-ttproducts-pi1-wrap2\">Visokokvalitetne lateks elasti\u010dne trake s istezanjem od pribli\u017eno 700%, vrlo homogenog prijenosa sile za maksimalnu visinu skoka.  <\/span><\/p>\n<p><strong>Molimo unesite potreban broj linearnih metara u polje za narud\u017ebu.<\/strong><\/p>\n<p>Zbog proizvodnog procesa, lateks cijevi se isporu\u010duju u rolama razli\u010ditih duljina. Nastojimo \u0161to vi\u0161e uskladiti \u017eeljenu koli\u010dinu s va\u0161om narud\u017ebom, ali mo\u017eemo zaokru\u017eiti koli\u010dinu za nekoliko metara ovisno o dostupnosti. <\/p>\n<p><strong><img loading=\"lazy\" decoding=\"async\" src=\"http:\/\/shop.freizeit-technik.de\/images\/content\/hinweis.jpg\" alt=\"\" width=\"24\" height=\"16\">  Va\u017ena NAPOMENA<\/strong><\/p>\n<p>Molimo vas da imate na umu da prilikom narud\u017ebe jedan komad odgovara jednom metru duljine u\u017eeta.<\/p>\n<hr>\n<p>Samostalno sastavljena roba nije pokrivena na\u0161im T\u00dcV certifikatom!<br \/>\nLateks crijeva, bez tekstilne obloge, ne nude dodatnu za\u0161titu od iznenadnog kidanja. Zahtijevaju stalnu, temeljitu inspekciju tijekom rada i moraju se odmah zamijeniti pri prvim znakovima istro\u0161enosti. <\/p>\n","protected":false},"featured_media":17444,"comment_status":"open","ping_status":"closed","template":"","meta":{"_acf_changed":false},"product_brand":[],"product_cat":[241,243],"product_tag":[],"class_list":{"0":"post-17442","1":"product","2":"type-product","3":"status-publish","4":"has-post-thumbnail","6":"product_cat-elastika-i-uzad","7":"product_cat-uradi-sam","9":"first","10":"instock","11":"taxable","12":"shipping-taxable","13":"purchasable","14":"product-type-simple"},"acf":[],"_links":{"self":[{"href":"https:\/\/freizeit-technik.de\/hr\/wp-json\/wp\/v2\/product\/17442","targetHints":{"allow":["GET"]}}],"collection":[{"href":"https:\/\/freizeit-technik.de\/hr\/wp-json\/wp\/v2\/product"}],"about":[{"href":"https:\/\/freizeit-technik.de\/hr\/wp-json\/wp\/v2\/types\/product"}],"replies":[{"embeddable":true,"href":"https:\/\/freizeit-technik.de\/hr\/wp-json\/wp\/v2\/comments?post=17442"}],"wp:featuredmedia":[{"embeddable":true,"href":"https:\/\/freizeit-technik.de\/hr\/wp-json\/wp\/v2\/media\/17444"}],"wp:attachment":[{"href":"https:\/\/freizeit-technik.de\/hr\/wp-json\/wp\/v2\/media?parent=17442"}],"wp:term":[{"taxonomy":"product_brand","embeddable":true,"href":"https:\/\/freizeit-technik.de\/hr\/wp-json\/wp\/v2\/product_brand?post=17442"},{"taxonomy":"product_cat","embeddable":true,"href":"https:\/\/freizeit-technik.de\/hr\/wp-json\/wp\/v2\/product_cat?post=17442"},{"taxonomy":"product_tag","embeddable":true,"href":"https:\/\/freizeit-technik.de\/hr\/wp-json\/wp\/v2\/product_tag?post=17442"}],"curies":[{"name":"wp","href":"https:\/\/api.w.org\/{rel}","templated":true}]}}