{"id":17451,"date":"2017-07-19T14:40:36","date_gmt":"2017-07-19T12:40:36","guid":{"rendered":"https:\/\/freizeit-technik.de\/shop\/elasticni-ekspanderi-tipa-3-20-kg-prodaju-se-na-metar\/"},"modified":"2026-05-15T12:05:40","modified_gmt":"2026-05-15T10:05:40","slug":"elasticni-ekspanderi-tipa-3-20-kg-prodaju-se-na-metar","status":"publish","type":"product","link":"https:\/\/freizeit-technik.de\/hr\/shop\/elasticni-ekspanderi-tipa-3-20-kg-prodaju-se-na-metar\/","title":{"rendered":"Elasti\u010dni ekspanderi tipa 3, 20 kg, prodaju se na metar"},"content":{"rendered":"<p><strong>Za te\u017einu: cca. 20 kg (te\u017eina skaka\u010da kada se koristi s obje strane)<br \/>\n Boja: zeleno-plava<br \/>\n Duljina role: 75 m<br \/>\n Dinamika skoka: +++<br \/>\n Rok trajanja: ++++<br \/>\n Sigurnost: ++++<\/strong><\/p>\n","protected":false},"excerpt":{"rendered":"<p>Elasti\u010dna vrpca od 12 mm sa posebnim zeleno-plavim omota\u010dem. Dvostruko pletenje je elasti\u010dno u drugom sloju i stoga prakti\u010dki eliminira pomicanje. To rezultira vijekom trajanja usporedivim s elasti\u010dnim vrpcama &#8220;tipa 2&#8221;. Me\u0111utim, elasti\u010dne vrpce &#8220;tipa 3&#8221; znatno dulje zadr\u017eavaju svoj besprijekoran izgled.   <\/p>\n<p class=\"bodytext\"><strong>Molimo unesite potreban broj linearnih metara u polje za narud\u017ebu.<br \/>\n Duljina role = 75 m<\/strong><\/p>\n<p class=\"bodytext\">Ako se \u017eeljena duljina elasti\u010dne uzice razlikuje od navedene duljine role, naplatit \u0107emo dodatnu cijenu od 7,50 eura neto.<\/p>\n","protected":false},"featured_media":17453,"comment_status":"open","ping_status":"closed","template":"","meta":{"_acf_changed":false},"product_brand":[],"product_cat":[241,243],"product_tag":[],"class_list":{"0":"post-17451","1":"product","2":"type-product","3":"status-publish","4":"has-post-thumbnail","6":"product_cat-elastika-i-uzad","7":"product_cat-uradi-sam","9":"first","10":"instock","11":"taxable","12":"shipping-taxable","13":"purchasable","14":"product-type-simple"},"acf":[],"_links":{"self":[{"href":"https:\/\/freizeit-technik.de\/hr\/wp-json\/wp\/v2\/product\/17451","targetHints":{"allow":["GET"]}}],"collection":[{"href":"https:\/\/freizeit-technik.de\/hr\/wp-json\/wp\/v2\/product"}],"about":[{"href":"https:\/\/freizeit-technik.de\/hr\/wp-json\/wp\/v2\/types\/product"}],"replies":[{"embeddable":true,"href":"https:\/\/freizeit-technik.de\/hr\/wp-json\/wp\/v2\/comments?post=17451"}],"wp:featuredmedia":[{"embeddable":true,"href":"https:\/\/freizeit-technik.de\/hr\/wp-json\/wp\/v2\/media\/17453"}],"wp:attachment":[{"href":"https:\/\/freizeit-technik.de\/hr\/wp-json\/wp\/v2\/media?parent=17451"}],"wp:term":[{"taxonomy":"product_brand","embeddable":true,"href":"https:\/\/freizeit-technik.de\/hr\/wp-json\/wp\/v2\/product_brand?post=17451"},{"taxonomy":"product_cat","embeddable":true,"href":"https:\/\/freizeit-technik.de\/hr\/wp-json\/wp\/v2\/product_cat?post=17451"},{"taxonomy":"product_tag","embeddable":true,"href":"https:\/\/freizeit-technik.de\/hr\/wp-json\/wp\/v2\/product_tag?post=17451"}],"curies":[{"name":"wp","href":"https:\/\/api.w.org\/{rel}","templated":true}]}}