{"id":17484,"date":"2017-07-25T14:39:40","date_gmt":"2017-07-25T12:39:40","guid":{"rendered":"https:\/\/freizeit-technik.de\/shop\/ekspander-gumice-tipa-3-10-kg-prodaju-se-na-metar\/"},"modified":"2026-05-15T12:05:56","modified_gmt":"2026-05-15T10:05:56","slug":"ekspander-gumice-tipa-3-10-kg-prodaju-se-na-metar","status":"publish","type":"product","link":"https:\/\/freizeit-technik.de\/hr\/shop\/ekspander-gumice-tipa-3-10-kg-prodaju-se-na-metar\/","title":{"rendered":"Ekspander gumice tipa 3, 10 kg, prodaju se na metar"},"content":{"rendered":"<p><strong>Za te\u017einu: cca. 10 kg<\/strong> (te\u017eina skaka\u010da kada se koristi s obje strane) <strong><br \/>\nBoja: plavo-zelena<br \/>\n Duljina role: 100 m<br \/>\n Dinamika skoka: +++<br \/>\n Rok trajanja: ++++<br \/>\n Sigurnost: ++++<\/strong><\/p>\n<p><img loading=\"lazy\" decoding=\"async\" class=\"size-full wp-image-492 alignleft\" src=\"https:\/\/freizeit-technik.de\/wp-content\/uploads\/2017\/03\/Premium-Line.jpg\" alt=\"\" width=\"64\" height=\"64\"><img loading=\"lazy\" decoding=\"async\" class=\"size-full wp-image-429 alignleft\" src=\"https:\/\/freizeit-technik.de\/wp-content\/uploads\/2017\/02\/premium_line.gif\" alt=\"\" width=\"119\" height=\"64\"><\/p>\n","protected":false},"excerpt":{"rendered":"<p class=\"bodytext\">Elasti\u010dna vrpca od 9 mm sa posebnim plavo-zelenim omota\u010dem. Dvostruko pletenje je elasti\u010dno u drugom sloju i stoga prakti\u010dki eliminira pomicanje. To rezultira vijekom trajanja usporedivim s elasti\u010dnim vrpcama &#8220;tipa 2&#8221;. Me\u0111utim, elasti\u010dne vrpce &#8220;tipa 3&#8221; znatno dulje zadr\u017eavaju svoj besprijekoran izgled.   <\/p>\n<p class=\"bodytext\"><strong>Molimo unesite potreban broj linearnih metara u polje za narud\u017ebu.<br \/>\n Duljina role = 100 m<\/strong><\/p>\n<p class=\"bodytext\">Ako se \u017eeljena duljina elasti\u010dne uzice razlikuje od navedene duljine role, naplatit \u0107emo dodatnu cijenu od 7,50 eura neto.<\/p>\n","protected":false},"featured_media":17485,"comment_status":"open","ping_status":"closed","template":"","meta":{"_acf_changed":false},"product_brand":[],"product_cat":[241,243],"product_tag":[],"class_list":{"0":"post-17484","1":"product","2":"type-product","3":"status-publish","4":"has-post-thumbnail","6":"product_cat-elastika-i-uzad","7":"product_cat-uradi-sam","9":"first","10":"instock","11":"taxable","12":"shipping-taxable","13":"purchasable","14":"product-type-simple"},"acf":[],"_links":{"self":[{"href":"https:\/\/freizeit-technik.de\/hr\/wp-json\/wp\/v2\/product\/17484","targetHints":{"allow":["GET"]}}],"collection":[{"href":"https:\/\/freizeit-technik.de\/hr\/wp-json\/wp\/v2\/product"}],"about":[{"href":"https:\/\/freizeit-technik.de\/hr\/wp-json\/wp\/v2\/types\/product"}],"replies":[{"embeddable":true,"href":"https:\/\/freizeit-technik.de\/hr\/wp-json\/wp\/v2\/comments?post=17484"}],"wp:featuredmedia":[{"embeddable":true,"href":"https:\/\/freizeit-technik.de\/hr\/wp-json\/wp\/v2\/media\/17485"}],"wp:attachment":[{"href":"https:\/\/freizeit-technik.de\/hr\/wp-json\/wp\/v2\/media?parent=17484"}],"wp:term":[{"taxonomy":"product_brand","embeddable":true,"href":"https:\/\/freizeit-technik.de\/hr\/wp-json\/wp\/v2\/product_brand?post=17484"},{"taxonomy":"product_cat","embeddable":true,"href":"https:\/\/freizeit-technik.de\/hr\/wp-json\/wp\/v2\/product_cat?post=17484"},{"taxonomy":"product_tag","embeddable":true,"href":"https:\/\/freizeit-technik.de\/hr\/wp-json\/wp\/v2\/product_tag?post=17484"}],"curies":[{"name":"wp","href":"https:\/\/api.w.org\/{rel}","templated":true}]}}