{"id":17526,"date":"2017-07-16T14:21:56","date_gmt":"2017-07-16T12:21:56","guid":{"rendered":"https:\/\/freizeit-technik.de\/shop\/lateks-elastika-tipa-4-10-kg-prodaje-se-na-metar\/"},"modified":"2026-05-15T12:06:20","modified_gmt":"2026-05-15T10:06:20","slug":"lateks-elastika-tipa-4-10-kg-prodaje-se-na-metar","status":"publish","type":"product","link":"https:\/\/freizeit-technik.de\/hr\/shop\/lateks-elastika-tipa-4-10-kg-prodaje-se-na-metar\/","title":{"rendered":"Lateks elastika tipa 4, 10 kg, prodaje se na metar"},"content":{"rendered":"<div id=\"tab_fragment_1\" class=\"ui-tabs-panel ui-widget-content ui-corner-bottom ui-tabs-hide\"><span class=\"tx-ttproducts-pi1-wrap2\"><strong>Za te\u017einu: otprilike 10 kg (te\u017eina skaka\u010da kada se koristi s obje strane)<br \/>\n Boja: prirodna, nebojena (be\u017e) ili obojena<br \/>\n Duljina role: varira<br \/>\n Minimalna radna temperatura: +5\u00b0C<br \/>\n Dinamika skoka: +++++<br \/>\n Rok trajanja: ++<br \/>\n Sigurnost: +<\/strong><\/span><\/div>\n<p><span class=\"tx-ttproducts-pi1-wrap2\"><strong> <\/strong><\/span><\/p>\n<p>&nbsp;<\/p>\n","protected":false},"excerpt":{"rendered":"<p>Lateks cijevi prodaju se na metre za samostalnu monta\u017eu. Proizvedene prema najvi\u0161im standardima kvalitete s elasti\u010dno\u0161\u0107u od pribli\u017eno 700%, \u0161to omogu\u0107uje vrlo homogen prijenos sile za maksimalnu visinu skoka. <\/p>\n<p><strong><span style=\"color: #000000;\">Alternativno, dostupno u prirodnoj boji ili<\/span> <span style=\"color: #ffcc00;\"><span style=\"color: #ff6600;\">s obojenim za\u0161titnim premazom<\/span> <span style=\"color: #000000;\">.<\/span><\/span><\/strong> Obojeni premaz nudi odre\u0111enu za\u0161titu od utjecaja okoline i olak\u0161ava otkrivanje o\u0161te\u0107enja, posebno mikropukotina.<\/p>\n<p><span style=\"color: #000000;\"><strong>Obja\u0161njenja za izbornik odabira \u201eKvaliteta i duljina\u201c:<\/strong><\/span><\/p>\n<p><strong><span style=\"color: #000000;\">Opcija 1: <span style=\"color: #ffcc00;\"><span style=\"color: #ff6600;\">s<\/span><\/span><\/span> <span style=\"color: #ff6600;\">obojenim za\u0161titnim slojem<\/span> <span style=\"color: #000000;\">, duljina je 20 m, 40 m, 60 m itd. (najjeftinija cijena)<\/span><br \/>\n<\/strong> Unesete vrijednost koja je djeljiva s 20. Ova kvaliteta je uvijek dostupna kao kontinuirana rola u to\u010dno 20 m duljine. Stoga \u0107ete dobiti barem jednu, a mogu\u0107e i nekoliko punih rola od 20 m.<br \/>\n<strong>Primjer:<\/strong> &#8220;100&#8221;. Dobit \u0107ete 5 punih rola, svaka duga\u010dka to\u010dno 20 m. <\/p>\n<p><strong><span style=\"color: #ffcc00;\"><span style=\"color: #000000;\">Opcija 2:<\/span> <span style=\"color: #ff6600;\">s obojenim za\u0161titnim slojem<\/span><\/span> <span style=\"color: #000000;\">, razli\u010dita koli\u010dina po \u017eelji (uz nadoplatu)<\/span><br \/>\n<\/strong> Unesete vrijednost koja nije djeljiva s 20.<br \/>\n<strong>Primjer:<\/strong> &#8220;36&#8221;. Dobit \u0107ete to\u010dno 20 m + 16 m. To rezultira dodatnim radom, otpadom i stoga dodatnom naknadom.  <\/p>\n<p><strong><span style=\"color: #000000;\">Opcija 3: prirodna boja, otprilike ova koli\u010dina, s tendencijom zaokru\u017eivanja prema dolje.<\/span><br \/>\n<\/strong> Ova kvaliteta se proizvodi kao kontinuirani proizvod u razli\u010ditim duljinama od pribli\u017eno 29 m do 39 m.<br \/>\n Odaberite \u017eeljenu duljinu. Tra\u017eit \u0107emo prikladne valjke koji \u0107e \u0161to vi\u0161e odgovarati va\u0161oj ukupnoj duljini, ali <strong>\u0107emo te\u017eiti da ostanemo ispod va\u0161e ciljane vrijednosti = zaokru\u017eivanje prema dolje.<br \/>\n<\/strong> <strong>Primjer:<\/strong> Unesete &#8220;100&#8221;. Isporu\u010dit \u0107emo vam 96 m u paketu 31 m + 33 m + 32 m (3 pune role).<br \/>\n Potvrdit \u0107emo vam koli\u010dinu sastavljenu nakon \u0161to naru\u010dite, prije slanja.  <\/p>\n<p><strong> <\/strong><strong><span style=\"color: #000000;\">Opcija 4: prirodna boja, otprilike ova koli\u010dina, s tendencijom zaokru\u017eivanja prema gore.<\/span><br \/>\n<\/strong> Vi odabirete \u017eeljenu koli\u010dinu. Tra\u017eimo odgovaraju\u0107e role koje \u0107e \u0161to vi\u0161e odgovarati va\u0161oj ukupnoj duljini, ali <strong>nastojimo ostati iznad va\u0161e ciljane vrijednosti = zaokru\u017eivanje prema gore<\/strong> .<br \/>\n<strong>Primjer:<\/strong> Naru\u010dite 100 m. Sastavit \u0107emo vam 124 m u paketu 31 m + 33 m + 29 m + 31 m (4 pune role). <\/p>\n<p>Potvrdit \u0107emo vam koli\u010dinu sastavljenu nakon \u0161to naru\u010dite, prije slanja.<\/p>\n<p><strong> <\/strong><strong><span style=\"color: #000000;\">Opcija 5: prirodna boja, u to\u010dno toj koli\u010dini (uz nadoplatu)<\/span><br \/>\n<\/strong> Potrebna vam je vrlo specifi\u010dna ukupna duljina koju nam to\u010dno navedete. Zatim odaberite ovu petu opciju.<br \/>\n<strong>Primjer:<\/strong> Naru\u010dite 100 m. Dobit \u0107ete 100 m u rolama veli\u010dine 31 m + 33 m + 29 m + 7 m. <\/p>\n<p><span style=\"color: #000000;\">Molimo unesite <strong>\u017eeljeni broj du\u017enih metara<\/strong> u polje za slobodni tekst, a <strong>zatim odaberite varijantu.<\/strong><\/span><\/p>\n<p><strong>Va\u017ena NAPOMENA:<br \/>\n<\/strong> Oba lateks crijeva nemaju tekstilni omota\u010d i stoga ne nude dodatnu za\u0161titu od iznenadnog trganja. Zahtijevaju stalnu, temeljitu inspekciju tijekom rada i moraju se odmah zamijeniti pri prvim znakovima istro\u0161enosti. <\/p>\n<p>U tom kontekstu, molimo vas da tako\u0111er imate na umu ograni\u010deno maksimalno dopu\u0161teno vrijeme kori\u0161tenja.<\/p>\n","protected":false},"featured_media":17527,"comment_status":"open","ping_status":"closed","template":"","meta":{"_acf_changed":false},"product_brand":[],"product_cat":[241,243],"product_tag":[],"class_list":{"0":"post-17526","1":"product","2":"type-product","3":"status-publish","4":"has-post-thumbnail","6":"product_cat-elastika-i-uzad","7":"product_cat-uradi-sam","9":"first","10":"instock","11":"taxable","12":"shipping-taxable","13":"purchasable","14":"product-type-variable"},"acf":[],"_links":{"self":[{"href":"https:\/\/freizeit-technik.de\/hr\/wp-json\/wp\/v2\/product\/17526","targetHints":{"allow":["GET"]}}],"collection":[{"href":"https:\/\/freizeit-technik.de\/hr\/wp-json\/wp\/v2\/product"}],"about":[{"href":"https:\/\/freizeit-technik.de\/hr\/wp-json\/wp\/v2\/types\/product"}],"replies":[{"embeddable":true,"href":"https:\/\/freizeit-technik.de\/hr\/wp-json\/wp\/v2\/comments?post=17526"}],"wp:featuredmedia":[{"embeddable":true,"href":"https:\/\/freizeit-technik.de\/hr\/wp-json\/wp\/v2\/media\/17527"}],"wp:attachment":[{"href":"https:\/\/freizeit-technik.de\/hr\/wp-json\/wp\/v2\/media?parent=17526"}],"wp:term":[{"taxonomy":"product_brand","embeddable":true,"href":"https:\/\/freizeit-technik.de\/hr\/wp-json\/wp\/v2\/product_brand?post=17526"},{"taxonomy":"product_cat","embeddable":true,"href":"https:\/\/freizeit-technik.de\/hr\/wp-json\/wp\/v2\/product_cat?post=17526"},{"taxonomy":"product_tag","embeddable":true,"href":"https:\/\/freizeit-technik.de\/hr\/wp-json\/wp\/v2\/product_tag?post=17526"}],"curies":[{"name":"wp","href":"https:\/\/api.w.org\/{rel}","templated":true}]}}