{"id":17656,"date":"2017-04-15T13:00:47","date_gmt":"2017-04-15T11:00:47","guid":{"rendered":"https:\/\/freizeit-technik.de\/shop\/celicno-uze-4tramp-klasicno-kratko\/"},"modified":"2026-05-15T15:46:29","modified_gmt":"2026-05-15T13:46:29","slug":"celicno-uze-4tramp-klasicno-kratko","status":"publish","type":"product","link":"https:\/\/freizeit-technik.de\/hr\/shop\/celicno-uze-4tramp-klasicno-kratko\/","title":{"rendered":"\u010celi\u010dno u\u017ee \u201e4tramp klasi\u010dno kratko\u201c"},"content":{"rendered":"","protected":false},"excerpt":{"rendered":"<p>Kratko \u017ei\u010dano u\u017ee za originalni 4tramp classic.<\/p>\n<p> Uklju\u010duje 2 kop\u010de za monta\u017eu.<\/p>\n","protected":false},"featured_media":0,"comment_status":"open","ping_status":"closed","template":"","meta":{"_acf_changed":false},"product_brand":[],"product_cat":[241,275,385],"product_tag":[],"class_list":{"0":"post-17656","1":"product","2":"type-product","3":"status-publish","5":"product_cat-elastika-i-uzad","6":"product_cat-nekategorizirano","7":"product_cat-staticka-uzad-i-celicna-uzad","9":"first","10":"instock","11":"taxable","12":"shipping-taxable","13":"purchasable","14":"product-type-simple"},"acf":[],"_links":{"self":[{"href":"https:\/\/freizeit-technik.de\/hr\/wp-json\/wp\/v2\/product\/17656","targetHints":{"allow":["GET"]}}],"collection":[{"href":"https:\/\/freizeit-technik.de\/hr\/wp-json\/wp\/v2\/product"}],"about":[{"href":"https:\/\/freizeit-technik.de\/hr\/wp-json\/wp\/v2\/types\/product"}],"replies":[{"embeddable":true,"href":"https:\/\/freizeit-technik.de\/hr\/wp-json\/wp\/v2\/comments?post=17656"}],"wp:attachment":[{"href":"https:\/\/freizeit-technik.de\/hr\/wp-json\/wp\/v2\/media?parent=17656"}],"wp:term":[{"taxonomy":"product_brand","embeddable":true,"href":"https:\/\/freizeit-technik.de\/hr\/wp-json\/wp\/v2\/product_brand?post=17656"},{"taxonomy":"product_cat","embeddable":true,"href":"https:\/\/freizeit-technik.de\/hr\/wp-json\/wp\/v2\/product_cat?post=17656"},{"taxonomy":"product_tag","embeddable":true,"href":"https:\/\/freizeit-technik.de\/hr\/wp-json\/wp\/v2\/product_tag?post=17656"}],"curies":[{"name":"wp","href":"https:\/\/api.w.org\/{rel}","templated":true}]}}