{"id":17685,"date":"2017-06-08T11:23:42","date_gmt":"2017-06-08T09:23:42","guid":{"rendered":"https:\/\/freizeit-technik.de\/shop\/staticki-vucni-kablovi-prodaju-se-na-metre\/"},"modified":"2026-05-15T15:46:49","modified_gmt":"2026-05-15T13:46:49","slug":"staticki-vucni-kablovi-prodaju-se-na-metre","status":"publish","type":"product","link":"https:\/\/freizeit-technik.de\/hr\/shop\/staticki-vucni-kablovi-prodaju-se-na-metre\/","title":{"rendered":"Stati\u010dki vu\u010dni kablovi, prodaju se na metre"},"content":{"rendered":"<p><strong>Debljina: 9 mm<br \/>\n Boja: crno-plava<br \/>\n Stati\u010dka nosivost: 23 kN<br \/>\n Certifikacija: EN 1891<\/strong> <strong><br \/>\nDuljine: 50, 100 i 200 m<br \/>\n Isporu\u010duje se u rolama ili rinfuzno u kartonskoj kutiji.<\/strong><\/p>\n<p><img loading=\"lazy\" decoding=\"async\" class=\"size-full wp-image-492 alignleft\" src=\"https:\/\/freizeit-technik.de\/wp-content\/uploads\/2017\/03\/Premium-Line.jpg\" alt=\"\" width=\"64\" height=\"64\"><\/p>\n","protected":false},"excerpt":{"rendered":"<p>Ovo stati\u010dko u\u017ee, proizvedeno ekskluzivno za nas od strane tvrtke Edelrid za upotrebu na bungee trampolinima, nudi maksimalnu sigurnost. Tako\u0111er pokazuje izvrsnu otpornost na habanje, nepropusno je za prljav\u0161tinu i gotovo se ne skuplja pod utjecajem vremenskih uvjeta.<br \/>\n Stati\u010dka vu\u010dna u\u017ead s u\u0161icama na oba kraja. Namotana na \u0161pulu ili labavo u kutiji.  <\/p>\n","protected":false},"featured_media":10851,"comment_status":"open","ping_status":"closed","template":"","meta":{"_acf_changed":false},"product_brand":[],"product_cat":[241,385],"product_tag":[],"class_list":{"0":"post-17685","1":"product","2":"type-product","3":"status-publish","4":"has-post-thumbnail","6":"product_cat-elastika-i-uzad","7":"product_cat-staticka-uzad-i-celicna-uzad","9":"first","10":"instock","11":"taxable","12":"shipping-taxable","13":"purchasable","14":"product-type-variable"},"acf":[],"_links":{"self":[{"href":"https:\/\/freizeit-technik.de\/hr\/wp-json\/wp\/v2\/product\/17685","targetHints":{"allow":["GET"]}}],"collection":[{"href":"https:\/\/freizeit-technik.de\/hr\/wp-json\/wp\/v2\/product"}],"about":[{"href":"https:\/\/freizeit-technik.de\/hr\/wp-json\/wp\/v2\/types\/product"}],"replies":[{"embeddable":true,"href":"https:\/\/freizeit-technik.de\/hr\/wp-json\/wp\/v2\/comments?post=17685"}],"wp:featuredmedia":[{"embeddable":true,"href":"https:\/\/freizeit-technik.de\/hr\/wp-json\/wp\/v2\/media\/10851"}],"wp:attachment":[{"href":"https:\/\/freizeit-technik.de\/hr\/wp-json\/wp\/v2\/media?parent=17685"}],"wp:term":[{"taxonomy":"product_brand","embeddable":true,"href":"https:\/\/freizeit-technik.de\/hr\/wp-json\/wp\/v2\/product_brand?post=17685"},{"taxonomy":"product_cat","embeddable":true,"href":"https:\/\/freizeit-technik.de\/hr\/wp-json\/wp\/v2\/product_cat?post=17685"},{"taxonomy":"product_tag","embeddable":true,"href":"https:\/\/freizeit-technik.de\/hr\/wp-json\/wp\/v2\/product_tag?post=17685"}],"curies":[{"name":"wp","href":"https:\/\/api.w.org\/{rel}","templated":true}]}}