{"id":17697,"date":"2017-06-13T13:04:23","date_gmt":"2017-06-13T11:04:23","guid":{"rendered":"https:\/\/freizeit-technik.de\/shop\/lateks-petlje-tipa-4-20-kg\/"},"modified":"2026-05-15T15:46:57","modified_gmt":"2026-05-15T13:46:57","slug":"lateks-petlje-tipa-4-20-kg","status":"publish","type":"product","link":"https:\/\/freizeit-technik.de\/hr\/shop\/lateks-petlje-tipa-4-20-kg\/","title":{"rendered":"Lateks petlje tipa 4, 20 kg"},"content":{"rendered":"<p class=\"bodytext\"><span class=\"tx-ttproducts-pi1-wrap2\"><strong>cca. 20 kg (te\u017eina skaka\u010da kada se koristi s obje strane)<br \/>\n Boja: obojena<br \/>\n Minimalna radna temperatura: +5\u00b0C<br \/>\n Dinamika skoka: +++++<br \/>\n Rok trajanja: ++<br \/>\n Sigurnost: +<\/strong><\/span><\/p>\n<p>&nbsp;<\/p>\n","protected":false},"excerpt":{"rendered":"<p>Unaprijed sastavljene lateks petlje za izravno pri\u010dvr\u0161\u0107ivanje na karabiner. Proizvedene prema najvi\u0161im standardima kvalitete s elasti\u010dno\u0161\u0107u od pribli\u017eno 700%, \u0161to osigurava vrlo konzistentan prijenos snage za maksimalne visine skoka. <\/p>\n<p><strong>Samostalna monta\u017ea i izrada po mjeri:<br \/>\n<\/strong> Elasti\u010dne vrpce svih vrsta i dimenzija dostupne su i na metar za samostalno dimenzioniranje. Ako \u017eeljena duljina nije navedena, kontaktirajte nas. Proizvodimo prema va\u0161im specifikacijama!  <\/p>\n<p><strong>Va\u017ena NAPOMENA:<br \/>\n<\/strong> Lateks crijeva, bez tekstilne obloge, ne nude dodatnu za\u0161titu od iznenadnog kidanja. Zahtijevaju stalnu, temeljitu inspekciju tijekom rada i moraju se odmah zamijeniti pri prvim znakovima istro\u0161enosti. <\/p>\n<p>U tom kontekstu, molimo vas da tako\u0111er imate na umu ograni\u010deno maksimalno dopu\u0161teno vrijeme kori\u0161tenja.<\/p>\n","protected":false},"featured_media":17698,"comment_status":"open","ping_status":"closed","template":"","meta":{"_acf_changed":false},"product_brand":[],"product_cat":[241,242],"product_tag":[],"class_list":{"0":"post-17697","1":"product","2":"type-product","3":"status-publish","4":"has-post-thumbnail","6":"product_cat-elastika-i-uzad","7":"product_cat-gotove-elastike","9":"first","10":"instock","11":"taxable","12":"shipping-taxable","13":"purchasable","14":"product-type-variable"},"acf":[],"_links":{"self":[{"href":"https:\/\/freizeit-technik.de\/hr\/wp-json\/wp\/v2\/product\/17697","targetHints":{"allow":["GET"]}}],"collection":[{"href":"https:\/\/freizeit-technik.de\/hr\/wp-json\/wp\/v2\/product"}],"about":[{"href":"https:\/\/freizeit-technik.de\/hr\/wp-json\/wp\/v2\/types\/product"}],"replies":[{"embeddable":true,"href":"https:\/\/freizeit-technik.de\/hr\/wp-json\/wp\/v2\/comments?post=17697"}],"wp:featuredmedia":[{"embeddable":true,"href":"https:\/\/freizeit-technik.de\/hr\/wp-json\/wp\/v2\/media\/17698"}],"wp:attachment":[{"href":"https:\/\/freizeit-technik.de\/hr\/wp-json\/wp\/v2\/media?parent=17697"}],"wp:term":[{"taxonomy":"product_brand","embeddable":true,"href":"https:\/\/freizeit-technik.de\/hr\/wp-json\/wp\/v2\/product_brand?post=17697"},{"taxonomy":"product_cat","embeddable":true,"href":"https:\/\/freizeit-technik.de\/hr\/wp-json\/wp\/v2\/product_cat?post=17697"},{"taxonomy":"product_tag","embeddable":true,"href":"https:\/\/freizeit-technik.de\/hr\/wp-json\/wp\/v2\/product_tag?post=17697"}],"curies":[{"name":"wp","href":"https:\/\/api.w.org\/{rel}","templated":true}]}}