{"id":17830,"date":"2017-06-18T12:00:17","date_gmt":"2017-06-18T10:00:17","guid":{"rendered":"https:\/\/freizeit-technik.de\/shop\/lateks-trake-tipa-4-za-rotorski-disk-5-kg\/"},"modified":"2026-05-15T15:47:32","modified_gmt":"2026-05-15T13:47:32","slug":"lateks-trake-tipa-4-za-rotorski-disk-5-kg","status":"publish","type":"product","link":"https:\/\/freizeit-technik.de\/hr\/shop\/lateks-trake-tipa-4-za-rotorski-disk-5-kg\/","title":{"rendered":"Lateks trake tipa 4 za rotorski disk, 5 kg"},"content":{"rendered":"<p><strong>cca. 5 kg (te\u017eina skaka\u010da kada se koristi s obje strane)<\/strong><br \/>\n <strong>Boja: prirodna, nebojena (be\u017e) ili obojena<\/strong><br \/>\n <strong>Minimalna radna temperatura: +5\u00b0C<\/strong><br \/>\n <strong>Dinamika skoka: +++++<\/strong><br \/>\n <strong>Rok trajanja: ++<\/strong><br \/>\n <strong>Sigurnost: +<\/strong><\/p>\n","protected":false},"excerpt":{"rendered":"<p>Lateks trake, unaprijed sastavljene za na\u0161 Rotor-Disc sustav. Proizvedene prema najvi\u0161im standardima kvalitete s elasti\u010dno\u0161\u0107u od pribli\u017eno 700%, \u0161to omogu\u0107uje vrlo homogen prijenos snage za maksimalne visine skoka. <\/p>\n<p>Alternativno, prirodna boja ili s obojenim za\u0161titnim premazom.<\/p>\n<p>Obojeni premaz nudi odre\u0111enu za\u0161titu od utjecaja okoline i olak\u0161ava otkrivanje o\u0161te\u0107enja, posebno mikropukotina.<\/p>\n<p><strong>Samostalna monta\u017ea i izrada po mjeri:<\/strong><\/p>\n<p>Elastike svih vrsta i dimenzija dostupne su i na metre za samostalnu monta\u017eu. Ako \u017eeljena duljina nije navedena, molimo kontaktirajte nas. Izra\u0111ujemo prema va\u0161im specifikacijama! <\/p>\n<p><strong>Va\u017ena NAPOMENA:<\/strong><\/p>\n<p>Oba tipa lateks crijeva nemaju tekstilni omota\u010d i stoga ne nude dodatnu za\u0161titu od iznenadnog kidanja. Zahtijevaju stalnu, temeljitu inspekciju tijekom rada i moraju se odmah zamijeniti pri prvim znakovima istro\u0161enosti. <\/p>\n<p>U tom kontekstu, molimo vas da tako\u0111er imate na umu ograni\u010deno maksimalno dopu\u0161teno vrijeme kori\u0161tenja.<\/p>\n","protected":false},"featured_media":17831,"comment_status":"open","ping_status":"closed","template":"","meta":{"_acf_changed":false},"product_brand":[],"product_cat":[241,242],"product_tag":[],"class_list":{"0":"post-17830","1":"product","2":"type-product","3":"status-publish","4":"has-post-thumbnail","6":"product_cat-elastika-i-uzad","7":"product_cat-gotove-elastike","9":"first","10":"instock","11":"taxable","12":"shipping-taxable","13":"purchasable","14":"product-type-variable"},"acf":[],"_links":{"self":[{"href":"https:\/\/freizeit-technik.de\/hr\/wp-json\/wp\/v2\/product\/17830","targetHints":{"allow":["GET"]}}],"collection":[{"href":"https:\/\/freizeit-technik.de\/hr\/wp-json\/wp\/v2\/product"}],"about":[{"href":"https:\/\/freizeit-technik.de\/hr\/wp-json\/wp\/v2\/types\/product"}],"replies":[{"embeddable":true,"href":"https:\/\/freizeit-technik.de\/hr\/wp-json\/wp\/v2\/comments?post=17830"}],"wp:featuredmedia":[{"embeddable":true,"href":"https:\/\/freizeit-technik.de\/hr\/wp-json\/wp\/v2\/media\/17831"}],"wp:attachment":[{"href":"https:\/\/freizeit-technik.de\/hr\/wp-json\/wp\/v2\/media?parent=17830"}],"wp:term":[{"taxonomy":"product_brand","embeddable":true,"href":"https:\/\/freizeit-technik.de\/hr\/wp-json\/wp\/v2\/product_brand?post=17830"},{"taxonomy":"product_cat","embeddable":true,"href":"https:\/\/freizeit-technik.de\/hr\/wp-json\/wp\/v2\/product_cat?post=17830"},{"taxonomy":"product_tag","embeddable":true,"href":"https:\/\/freizeit-technik.de\/hr\/wp-json\/wp\/v2\/product_tag?post=17830"}],"curies":[{"name":"wp","href":"https:\/\/api.w.org\/{rel}","templated":true}]}}