{"id":17923,"date":"2017-06-21T13:51:19","date_gmt":"2017-06-21T11:51:19","guid":{"rendered":"https:\/\/freizeit-technik.de\/shop\/pletenica-od-lateksa-tipa-5-20-kg-narancasto-crna\/"},"modified":"2026-05-15T15:47:55","modified_gmt":"2026-05-15T13:47:55","slug":"pletenica-od-lateksa-tipa-5-20-kg-narancasto-crna","status":"publish","type":"product","link":"https:\/\/freizeit-technik.de\/hr\/shop\/pletenica-od-lateksa-tipa-5-20-kg-narancasto-crna\/","title":{"rendered":"Pletenica od lateksa tipa 5, 20 kg, naran\u010dasto-crna"},"content":{"rendered":"<div id=\"tab_fragment_1\" class=\"ui-tabs-panel ui-widget-content ui-corner-bottom ui-tabs-hide\">\n<div id=\"tab_fragment_1\" class=\"ui-tabs-panel ui-widget-content ui-corner-bottom ui-tabs-hide\"><span class=\"tx-ttproducts-pi1-wrap2\"><strong>Za te\u017einu: cca. 20 kg (te\u017eina skaka\u010da kada se koristi s obje strane)<br \/>\n Boja: naran\u010dasto-crna<br \/>\n Dinamika skoka: +++++<br \/>\n Rok trajanja: ++<br \/>\n Sigurnost: ++++  <\/strong><\/span><\/div>\n<\/div>\n","protected":false},"excerpt":{"rendered":"<p><strong>Sigurni kao ekspander gumene vrpce i dinami\u010dni kao lateks elasti\u010dne trake!<\/strong><\/p>\n<p>Ova elasti\u010dna u\u017ead dobar su izbor za operatere koji daju prioritet maksimalnoj visini skoka, ali \u017eele prakti\u010dki eliminirati pucanje u\u017eeta. Unutarnji materijal ovih gumenih u\u017eadi, koje smo mi razvili, sastoji se od \u010diste prirodne gumene cijevi. Performanse skoka su apsolutno uvjerljive.  <\/p>\n<p><strong>Na\u0161 savjet:<\/strong> Kombinirajte ovu gumenu vrpcu tipa 5, barem za ni\u017ee te\u017einske kategorije od 5 kg i 10 kg, s elasti\u010dnim vrpcama tipa 1, tipa 2 ili tipa 3 za varijante od 15 kg odnosno 20 kg.<\/p>\n<p>S u\u0161ivenim petljama za pri\u010dvr\u0161\u0107ivanje (pletene trakaste petlje) <u>bez \u010dvorova<\/u> na krajevima. Zna\u010dajno pobolj\u0161anje jednostavnosti kori\u0161tenja, jer se u\u017ead manje zapetljava. <\/p>\n<p>Elastike svih vrsta i dimenzija dostupne su i na metre za samostalnu monta\u017eu.<\/p>\n","protected":false},"featured_media":17931,"comment_status":"open","ping_status":"closed","template":"","meta":{"_acf_changed":false},"product_brand":[],"product_cat":[241,242],"product_tag":[],"class_list":{"0":"post-17923","1":"product","2":"type-product","3":"status-publish","4":"has-post-thumbnail","6":"product_cat-elastika-i-uzad","7":"product_cat-gotove-elastike","9":"first","10":"instock","11":"taxable","12":"shipping-taxable","13":"purchasable","14":"product-type-variable"},"acf":[],"_links":{"self":[{"href":"https:\/\/freizeit-technik.de\/hr\/wp-json\/wp\/v2\/product\/17923","targetHints":{"allow":["GET"]}}],"collection":[{"href":"https:\/\/freizeit-technik.de\/hr\/wp-json\/wp\/v2\/product"}],"about":[{"href":"https:\/\/freizeit-technik.de\/hr\/wp-json\/wp\/v2\/types\/product"}],"replies":[{"embeddable":true,"href":"https:\/\/freizeit-technik.de\/hr\/wp-json\/wp\/v2\/comments?post=17923"}],"wp:featuredmedia":[{"embeddable":true,"href":"https:\/\/freizeit-technik.de\/hr\/wp-json\/wp\/v2\/media\/17931"}],"wp:attachment":[{"href":"https:\/\/freizeit-technik.de\/hr\/wp-json\/wp\/v2\/media?parent=17923"}],"wp:term":[{"taxonomy":"product_brand","embeddable":true,"href":"https:\/\/freizeit-technik.de\/hr\/wp-json\/wp\/v2\/product_brand?post=17923"},{"taxonomy":"product_cat","embeddable":true,"href":"https:\/\/freizeit-technik.de\/hr\/wp-json\/wp\/v2\/product_cat?post=17923"},{"taxonomy":"product_tag","embeddable":true,"href":"https:\/\/freizeit-technik.de\/hr\/wp-json\/wp\/v2\/product_tag?post=17923"}],"curies":[{"name":"wp","href":"https:\/\/api.w.org\/{rel}","templated":true}]}}