{"id":17979,"date":"2017-06-10T11:00:51","date_gmt":"2017-06-10T09:00:51","guid":{"rendered":"https:\/\/freizeit-technik.de\/shop\/uze-za-preskakanje\/"},"modified":"2026-05-15T15:48:08","modified_gmt":"2026-05-15T13:48:08","slug":"uze-za-preskakanje","status":"publish","type":"product","link":"https:\/\/freizeit-technik.de\/hr\/shop\/uze-za-preskakanje\/","title":{"rendered":"U\u017ee za preskakanje"},"content":{"rendered":"<p><span class=\"tx-ttproducts-pi1-wrap2\"><strong>Debljina: 9 mm<br \/>\n Boja: crna<br \/>\n Stati\u010dka nosivost: 23 kN<br \/>\n Certifikacija: EN 1891<\/strong><\/span><\/p>\n<p><img loading=\"lazy\" decoding=\"async\" class=\"size-full wp-image-492 alignleft\" src=\"https:\/\/freizeit-technik.de\/wp-content\/uploads\/2017\/03\/Premium-Line.jpg\" alt=\"\" width=\"64\" height=\"64\"><\/p>\n","protected":false},"excerpt":{"rendered":"<p>Ovo stati\u010dko u\u017ee, proizvedeno ekskluzivno za nas od strane tvrtke Edelrid za upotrebu na bungee trampolinima, nudi maksimalnu sigurnost. Tako\u0111er pokazuje izvrsnu otpornost na habanje, nepropusno je za prljav\u0161tinu i gotovo se ne skuplja pod utjecajem vremenskih uvjeta.<br \/>\n Stati\u010dka vu\u010dna u\u017ead s u\u0161icama na oba kraja. Za\u0161tita \u010dvorova osigurana je izuzetno robusnom termoskupljaju\u0107om cijevi.  <\/p>\n<p>___________________________________________________________________________<\/p>\n<p><span class=\"tx-ttproducts-pi1-wrap2\"><strong>  Prilikom naru\u010divanja vija\u010da za preskakanje za sustave 4Tramp Classic i 4Tramp Mini, molimo vas da obratite pozornost na sljede\u0107e:<br \/>\n<\/strong><\/span><\/p>\n<p>Jednostavna u\u017ead za preskakanje spojena su s u\u017eetom za povla\u010denje motora pomo\u0107u karabinera. Po platformi za preskakanje potrebna su dva takva u\u017eeta, \u0161to je ukupno osam u\u017eeta po sustavu bungee trampolina za \u010detiri osobe.<\/p>\n<p>U dvostrukoj verziji, za svaku platformu za skakanje potrebno je samo jedno u\u017ee za preskakanje. Povezano je s motoriziranim u\u017eetom za povla\u010denje pomo\u0107u karabinera <strong><u>i<\/u><\/strong> kolotura. Stoga su za svaki sustav bungee trampolina za \u010detiri osobe potrebna \u010detiri u\u017eeta za preskakanje.  <\/p>\n","protected":false},"featured_media":10724,"comment_status":"open","ping_status":"closed","template":"","meta":{"_acf_changed":false},"product_brand":[],"product_cat":[241,385],"product_tag":[],"class_list":{"0":"post-17979","1":"product","2":"type-product","3":"status-publish","4":"has-post-thumbnail","6":"product_cat-elastika-i-uzad","7":"product_cat-staticka-uzad-i-celicna-uzad","9":"first","10":"instock","11":"taxable","12":"shipping-taxable","13":"purchasable","14":"product-type-variable"},"acf":[],"_links":{"self":[{"href":"https:\/\/freizeit-technik.de\/hr\/wp-json\/wp\/v2\/product\/17979","targetHints":{"allow":["GET"]}}],"collection":[{"href":"https:\/\/freizeit-technik.de\/hr\/wp-json\/wp\/v2\/product"}],"about":[{"href":"https:\/\/freizeit-technik.de\/hr\/wp-json\/wp\/v2\/types\/product"}],"replies":[{"embeddable":true,"href":"https:\/\/freizeit-technik.de\/hr\/wp-json\/wp\/v2\/comments?post=17979"}],"wp:featuredmedia":[{"embeddable":true,"href":"https:\/\/freizeit-technik.de\/hr\/wp-json\/wp\/v2\/media\/10724"}],"wp:attachment":[{"href":"https:\/\/freizeit-technik.de\/hr\/wp-json\/wp\/v2\/media?parent=17979"}],"wp:term":[{"taxonomy":"product_brand","embeddable":true,"href":"https:\/\/freizeit-technik.de\/hr\/wp-json\/wp\/v2\/product_brand?post=17979"},{"taxonomy":"product_cat","embeddable":true,"href":"https:\/\/freizeit-technik.de\/hr\/wp-json\/wp\/v2\/product_cat?post=17979"},{"taxonomy":"product_tag","embeddable":true,"href":"https:\/\/freizeit-technik.de\/hr\/wp-json\/wp\/v2\/product_tag?post=17979"}],"curies":[{"name":"wp","href":"https:\/\/api.w.org\/{rel}","templated":true}]}}