{"id":18027,"date":"2017-06-09T11:13:56","date_gmt":"2017-06-09T09:13:56","guid":{"rendered":"https:\/\/freizeit-technik.de\/shop\/sajla-za-vucu-motora\/"},"modified":"2026-05-15T15:48:19","modified_gmt":"2026-05-15T13:48:19","slug":"sajla-za-vucu-motora","status":"publish","type":"product","link":"https:\/\/freizeit-technik.de\/hr\/shop\/sajla-za-vucu-motora\/","title":{"rendered":"Sajla za vu\u010du motora"},"content":{"rendered":"<p><strong>Debljina: 9 mm<br \/>\n Boja: crna<br \/>\n Stati\u010dka nosivost: 23 kN<br \/>\n Certifikacija: EN 1891<\/strong><\/p>\n<p><img loading=\"lazy\" decoding=\"async\" class=\"size-full wp-image-492 alignleft\" src=\"https:\/\/freizeit-technik.de\/wp-content\/uploads\/2017\/03\/Premium-Line.jpg\" alt=\"\" width=\"64\" height=\"64\"><\/p>\n","protected":false},"excerpt":{"rendered":"<p><span class=\"tx-ttproducts-pi1-wrap2\">Stati\u010dko vu\u010dno u\u017ee za motor za vitlo HE 200.  <\/span>Proizvedeno ekskluzivno za nas od strane Edelrida i posebno za upotrebu na bungee trampolinima, ovo stati\u010dko u\u017ee nudi maksimalnu sigurnost. Tako\u0111er pokazuje izvrsnu otpornost na habanje, nepropusno je za prljav\u0161tinu i minimalno se skuplja zbog vremenskih uvjeta. Ova u\u017ead za motorna vitla imaju su\u017eeni kraj i prsten za jednostavno pri\u010dvr\u0161\u0107ivanje na va\u0161e vitlo.  <\/p>\n","protected":false},"featured_media":10716,"comment_status":"open","ping_status":"closed","template":"","meta":{"_acf_changed":false},"product_brand":[],"product_cat":[241,385],"product_tag":[],"class_list":{"0":"post-18027","1":"product","2":"type-product","3":"status-publish","4":"has-post-thumbnail","6":"product_cat-elastika-i-uzad","7":"product_cat-staticka-uzad-i-celicna-uzad","9":"first","10":"instock","11":"taxable","12":"shipping-taxable","13":"purchasable","14":"product-type-simple"},"acf":[],"_links":{"self":[{"href":"https:\/\/freizeit-technik.de\/hr\/wp-json\/wp\/v2\/product\/18027","targetHints":{"allow":["GET"]}}],"collection":[{"href":"https:\/\/freizeit-technik.de\/hr\/wp-json\/wp\/v2\/product"}],"about":[{"href":"https:\/\/freizeit-technik.de\/hr\/wp-json\/wp\/v2\/types\/product"}],"replies":[{"embeddable":true,"href":"https:\/\/freizeit-technik.de\/hr\/wp-json\/wp\/v2\/comments?post=18027"}],"wp:featuredmedia":[{"embeddable":true,"href":"https:\/\/freizeit-technik.de\/hr\/wp-json\/wp\/v2\/media\/10716"}],"wp:attachment":[{"href":"https:\/\/freizeit-technik.de\/hr\/wp-json\/wp\/v2\/media?parent=18027"}],"wp:term":[{"taxonomy":"product_brand","embeddable":true,"href":"https:\/\/freizeit-technik.de\/hr\/wp-json\/wp\/v2\/product_brand?post=18027"},{"taxonomy":"product_cat","embeddable":true,"href":"https:\/\/freizeit-technik.de\/hr\/wp-json\/wp\/v2\/product_cat?post=18027"},{"taxonomy":"product_tag","embeddable":true,"href":"https:\/\/freizeit-technik.de\/hr\/wp-json\/wp\/v2\/product_tag?post=18027"}],"curies":[{"name":"wp","href":"https:\/\/api.w.org\/{rel}","templated":true}]}}