{"id":18285,"date":"2017-06-18T09:00:09","date_gmt":"2017-06-18T07:00:09","guid":{"rendered":"https:\/\/freizeit-technik.de\/shop\/lateks-elastika-tipa-4-s-tkanom-trakom-10-kg\/"},"modified":"2026-05-15T15:49:28","modified_gmt":"2026-05-15T13:49:28","slug":"lateks-elastika-tipa-4-s-tkanom-trakom-10-kg","status":"publish","type":"product","link":"https:\/\/freizeit-technik.de\/hr\/shop\/lateks-elastika-tipa-4-s-tkanom-trakom-10-kg\/","title":{"rendered":"Lateks elastika tipa 4 s tkanom trakom, 10 kg"},"content":{"rendered":"<p><strong>Za te\u017einu: cca. 10 kg (te\u017eina skaka\u010da kada se koristi s obje strane)<\/strong><br \/>\n <strong>Boja: prirodna, nebojena (be\u017e) ili obojena<\/strong><br \/>\n <strong>Minimalna radna temperatura: +5\u00b0C<\/strong><br \/>\n <strong>Dinamika skoka: +++++<\/strong><br \/>\n <strong>Rok trajanja: ++<\/strong><br \/>\n <strong>Sigurnost: +<\/strong><\/p>\n<p>&nbsp;<\/p>\n","protected":false},"excerpt":{"rendered":"<p>Lateks elasti\u010dne trake s tkanim petljama, gotove. Proizvedene prema najvi\u0161im standardima kvalitete s elasti\u010dno\u0161\u0107u od pribli\u017eno 700%, \u0161to omogu\u0107uje vrlo homogenu raspodjelu sile za maksimalnu visinu skoka. <\/p>\n<p><strong>Alternativno, prirodna boja ili s <span style=\"color: #ff6600;\">obojenim za\u0161titnim premazom<\/span><\/strong><br \/>\n Obojeni premaz nudi odre\u0111enu za\u0161titu od utjecaja okoline i olak\u0161ava otkrivanje o\u0161te\u0107enja, posebno mikropukotina.<\/p>\n<p><strong>Samostalna monta\u017ea i izrada po mjeri:<br \/>\n<\/strong> Elasti\u010dne vrpce svih vrsta i dimenzija dostupne su i na metar za samostalno dimenzioniranje. Ako \u017eeljena duljina nije navedena, kontaktirajte nas. Proizvodimo prema va\u0161im specifikacijama!  <\/p>\n<p><strong>Va\u017ena NAPOMENA:<br \/>\n<\/strong> Oba tipa lateks crijeva nemaju tekstilni omota\u010d i stoga ne nude dodatnu za\u0161titu od iznenadnog kidanja. Zahtijevaju stalnu, temeljitu inspekciju tijekom rada i moraju se odmah zamijeniti pri prvim znakovima istro\u0161enosti. <\/p>\n<p>U tom kontekstu, molimo vas da tako\u0111er imate na umu ograni\u010deno maksimalno dopu\u0161teno vrijeme kori\u0161tenja.<\/p>\n","protected":false},"featured_media":18293,"comment_status":"open","ping_status":"closed","template":"","meta":{"_acf_changed":false},"product_brand":[],"product_cat":[241,242],"product_tag":[],"class_list":{"0":"post-18285","1":"product","2":"type-product","3":"status-publish","4":"has-post-thumbnail","6":"product_cat-elastika-i-uzad","7":"product_cat-gotove-elastike","9":"first","10":"instock","11":"taxable","12":"shipping-taxable","13":"purchasable","14":"product-type-variable"},"acf":[],"_links":{"self":[{"href":"https:\/\/freizeit-technik.de\/hr\/wp-json\/wp\/v2\/product\/18285","targetHints":{"allow":["GET"]}}],"collection":[{"href":"https:\/\/freizeit-technik.de\/hr\/wp-json\/wp\/v2\/product"}],"about":[{"href":"https:\/\/freizeit-technik.de\/hr\/wp-json\/wp\/v2\/types\/product"}],"replies":[{"embeddable":true,"href":"https:\/\/freizeit-technik.de\/hr\/wp-json\/wp\/v2\/comments?post=18285"}],"wp:featuredmedia":[{"embeddable":true,"href":"https:\/\/freizeit-technik.de\/hr\/wp-json\/wp\/v2\/media\/18293"}],"wp:attachment":[{"href":"https:\/\/freizeit-technik.de\/hr\/wp-json\/wp\/v2\/media?parent=18285"}],"wp:term":[{"taxonomy":"product_brand","embeddable":true,"href":"https:\/\/freizeit-technik.de\/hr\/wp-json\/wp\/v2\/product_brand?post=18285"},{"taxonomy":"product_cat","embeddable":true,"href":"https:\/\/freizeit-technik.de\/hr\/wp-json\/wp\/v2\/product_cat?post=18285"},{"taxonomy":"product_tag","embeddable":true,"href":"https:\/\/freizeit-technik.de\/hr\/wp-json\/wp\/v2\/product_tag?post=18285"}],"curies":[{"name":"wp","href":"https:\/\/api.w.org\/{rel}","templated":true}]}}