{"id":18373,"date":"2017-06-23T13:42:53","date_gmt":"2017-06-23T11:42:53","guid":{"rendered":"https:\/\/freizeit-technik.de\/shop\/pletenica-od-lateksa-tipa-5-5-kg-narancasta\/"},"modified":"2026-05-15T15:49:49","modified_gmt":"2026-05-15T13:49:49","slug":"pletenica-od-lateksa-tipa-5-5-kg-narancasta","status":"publish","type":"product","link":"https:\/\/freizeit-technik.de\/hr\/shop\/pletenica-od-lateksa-tipa-5-5-kg-narancasta\/","title":{"rendered":"Pletenica od lateksa tipa 5, 5 kg, naran\u010dasta"},"content":{"rendered":"<div id=\"tab_fragment_1\" class=\"ui-tabs-panel ui-widget-content ui-corner-bottom ui-tabs-hide\"><strong>Za te\u017einu:  <\/strong><span class=\"tx-ttproducts-pi1-wrap2\"><strong>cca. 5 kg (te\u017eina skaka\u010da kada se koristi s obje strane)<br \/>\n Boja: naran\u010dasta<br \/>\n Dinamika skoka: +++++<br \/>\n Rok trajanja: +++<br \/>\n Sigurnost: ++++  <\/strong><\/span><\/div>\n","protected":false},"excerpt":{"rendered":"<p><strong>Sigurno kao ekspander gumene vrpce i <span style=\"color: #ff6600;\">dinami\u010dno kao lateks elasti\u010dne trake<\/span> !<\/strong><\/p>\n<p>Ova elasti\u010dna u\u017ead dobar su izbor za operatere koji daju prioritet maksimalnoj visini skoka, ali \u017eele prakti\u010dki eliminirati pucanje u\u017eeta. Unutarnji materijal ovih gumenih u\u017eadi, koje smo mi razvili, sastoji se od \u010diste prirodne gumene cijevi. Performanse skoka su apsolutno uvjerljive.   Ove gumene vrpce mogu se pocijepati samo s unutarnje strane; omota\u010d sprje\u010dava potpuno pocijepanje kada se dosegne granica istro\u0161enosti.<\/p>\n<p><strong>Na\u0161 savjet:<\/strong> Kombinirajte ovo gumeno u\u017ee tipa 5 za ni\u017ee te\u017einske kategorije od 5 kg i 10 kg s elasti\u010dnim trakama tipa 1, tipa 2 ili tipa 3 za varijantu od 15 kg ili 20 kg.<\/p>\n<p>S u\u0161ivenim petljama za pri\u010dvr\u0161\u0107ivanje (pletene trakaste petlje) <u>bez \u010dvorova<\/u> na krajevima. Zna\u010dajno pobolj\u0161anje jednostavnosti kori\u0161tenja, jer se u\u017ead manje zapetljava. <\/p>\n<p>Elastike svih vrsta i dimenzija dostupne su i na metre za samostalnu monta\u017eu.<\/p>\n","protected":false},"featured_media":18381,"comment_status":"open","ping_status":"closed","template":"","meta":{"_acf_changed":false},"product_brand":[],"product_cat":[241,242],"product_tag":[],"class_list":{"0":"post-18373","1":"product","2":"type-product","3":"status-publish","4":"has-post-thumbnail","6":"product_cat-elastika-i-uzad","7":"product_cat-gotove-elastike","9":"first","10":"instock","11":"taxable","12":"shipping-taxable","13":"purchasable","14":"product-type-variable"},"acf":[],"_links":{"self":[{"href":"https:\/\/freizeit-technik.de\/hr\/wp-json\/wp\/v2\/product\/18373","targetHints":{"allow":["GET"]}}],"collection":[{"href":"https:\/\/freizeit-technik.de\/hr\/wp-json\/wp\/v2\/product"}],"about":[{"href":"https:\/\/freizeit-technik.de\/hr\/wp-json\/wp\/v2\/types\/product"}],"replies":[{"embeddable":true,"href":"https:\/\/freizeit-technik.de\/hr\/wp-json\/wp\/v2\/comments?post=18373"}],"wp:featuredmedia":[{"embeddable":true,"href":"https:\/\/freizeit-technik.de\/hr\/wp-json\/wp\/v2\/media\/18381"}],"wp:attachment":[{"href":"https:\/\/freizeit-technik.de\/hr\/wp-json\/wp\/v2\/media?parent=18373"}],"wp:term":[{"taxonomy":"product_brand","embeddable":true,"href":"https:\/\/freizeit-technik.de\/hr\/wp-json\/wp\/v2\/product_brand?post=18373"},{"taxonomy":"product_cat","embeddable":true,"href":"https:\/\/freizeit-technik.de\/hr\/wp-json\/wp\/v2\/product_cat?post=18373"},{"taxonomy":"product_tag","embeddable":true,"href":"https:\/\/freizeit-technik.de\/hr\/wp-json\/wp\/v2\/product_tag?post=18373"}],"curies":[{"name":"wp","href":"https:\/\/api.w.org\/{rel}","templated":true}]}}