{"id":18438,"date":"2017-06-25T13:37:03","date_gmt":"2017-06-25T11:37:03","guid":{"rendered":"https:\/\/freizeit-technik.de\/shop\/ekspander-guma-tip-3-10-kg-plavo-zelena\/"},"modified":"2026-05-15T15:50:08","modified_gmt":"2026-05-15T13:50:08","slug":"ekspander-guma-tip-3-10-kg-plavo-zelena","status":"publish","type":"product","link":"https:\/\/freizeit-technik.de\/hr\/shop\/ekspander-guma-tip-3-10-kg-plavo-zelena\/","title":{"rendered":"Ekspander guma tip 3, 10 kg, plavo-zelena"},"content":{"rendered":"<p><strong><span class=\"tx-ttproducts-pi1-wrap2\">Za te\u017einu: cca. 10 kg (te\u017eina skaka\u010da kada se koristi s obje strane)<br \/>\n Boja: plavo-zelena<br \/>\n Dinamika skoka: +++<br \/>\n Rok trajanja: ++++<br \/>\n Sigurnost: ++++<\/span><\/strong><\/p>\n","protected":false},"excerpt":{"rendered":"<p>Elasti\u010dna vrpca od 9 mm sa posebnim plavo-zelenim omota\u010dem. Dvostruko pletenje je elasti\u010dno u drugom sloju i stoga prakti\u010dki eliminira pomicanje. To rezultira vijekom trajanja usporedivim s elasti\u010dnim vrpcama &#8220;tipa 2&#8221;. Me\u0111utim, elasti\u010dne vrpce &#8220;tipa 3&#8221; znatno dulje zadr\u017eavaju svoj besprijekoran izgled.   <\/p>\n<p>S u\u0161ivenim petljama za pri\u010dvr\u0161\u0107ivanje (pletene trakaste petlje) <u>bez \u010dvorova<\/u> na krajevima. Zna\u010dajno pobolj\u0161anje jednostavnosti kori\u0161tenja, jer se u\u017ead manje zapetljava. <\/p>\n<p>Elastike svih vrsta i dimenzija dostupne su i na metre za samostalnu monta\u017eu.<\/p>\n","protected":false},"featured_media":18440,"comment_status":"open","ping_status":"closed","template":"","meta":{"_acf_changed":false},"product_brand":[],"product_cat":[241,242],"product_tag":[],"class_list":{"0":"post-18438","1":"product","2":"type-product","3":"status-publish","4":"has-post-thumbnail","6":"product_cat-elastika-i-uzad","7":"product_cat-gotove-elastike","9":"first","10":"instock","11":"taxable","12":"shipping-taxable","13":"purchasable","14":"product-type-variable"},"acf":[],"_links":{"self":[{"href":"https:\/\/freizeit-technik.de\/hr\/wp-json\/wp\/v2\/product\/18438","targetHints":{"allow":["GET"]}}],"collection":[{"href":"https:\/\/freizeit-technik.de\/hr\/wp-json\/wp\/v2\/product"}],"about":[{"href":"https:\/\/freizeit-technik.de\/hr\/wp-json\/wp\/v2\/types\/product"}],"replies":[{"embeddable":true,"href":"https:\/\/freizeit-technik.de\/hr\/wp-json\/wp\/v2\/comments?post=18438"}],"wp:featuredmedia":[{"embeddable":true,"href":"https:\/\/freizeit-technik.de\/hr\/wp-json\/wp\/v2\/media\/18440"}],"wp:attachment":[{"href":"https:\/\/freizeit-technik.de\/hr\/wp-json\/wp\/v2\/media?parent=18438"}],"wp:term":[{"taxonomy":"product_brand","embeddable":true,"href":"https:\/\/freizeit-technik.de\/hr\/wp-json\/wp\/v2\/product_brand?post=18438"},{"taxonomy":"product_cat","embeddable":true,"href":"https:\/\/freizeit-technik.de\/hr\/wp-json\/wp\/v2\/product_cat?post=18438"},{"taxonomy":"product_tag","embeddable":true,"href":"https:\/\/freizeit-technik.de\/hr\/wp-json\/wp\/v2\/product_tag?post=18438"}],"curies":[{"name":"wp","href":"https:\/\/api.w.org\/{rel}","templated":true}]}}