{"id":18493,"date":"2017-03-07T17:02:32","date_gmt":"2017-03-07T16:02:32","guid":{"rendered":"https:\/\/freizeit-technik.de\/shop\/gumena-drska-za-zabavne-strijelce-proizvodaca-gebhardt-freizeit-technik\/"},"modified":"2026-05-15T21:12:01","modified_gmt":"2026-05-15T19:12:01","slug":"gumena-drska-za-zabavne-strijelce-proizvodaca-gebhardt-freizeit-technik","status":"publish","type":"product","link":"https:\/\/freizeit-technik.de\/hr\/shop\/gumena-drska-za-zabavne-strijelce-proizvodaca-gebhardt-freizeit-technik\/","title":{"rendered":"Gumena dr\u0161ka za zabavne strijelce, proizvo\u0111a\u010da Gebhardt Freizeit-Technik"},"content":{"rendered":"","protected":false},"excerpt":{"rendered":"<div class=\"description tabs\">\n<div id=\"description-1\">\n<div>\n<div id=\"tabbed_description_part\" class=\"ui-tabs ui-widget ui-widget-content ui-corner-all\">\n<div id=\"tab_fragment_0\" class=\"ui-tabs-panel ui-widget-content ui-corner-bottom\">\n<p><span class=\"tx-ttproducts-pi1-wrap2\">Gumena dr\u0161ka za zabavne strijelce, u dvije verzije: s rupom za tipke i bez rupe.<\/span><\/p>\n<\/div>\n<\/div>\n<\/div>\n<\/div>\n<\/div>\n","protected":false},"featured_media":18498,"comment_status":"open","ping_status":"closed","template":"","meta":{"_acf_changed":false},"product_brand":[],"product_cat":[368,300],"product_tag":[],"class_list":{"0":"post-18493","1":"product","2":"type-product","3":"status-publish","4":"has-post-thumbnail","6":"product_cat-pribor-za-zabavne-strijelce","7":"product_cat-zabavna-pucacina","9":"first","10":"instock","11":"taxable","12":"shipping-taxable","13":"purchasable","14":"product-type-variable"},"acf":[],"_links":{"self":[{"href":"https:\/\/freizeit-technik.de\/hr\/wp-json\/wp\/v2\/product\/18493","targetHints":{"allow":["GET"]}}],"collection":[{"href":"https:\/\/freizeit-technik.de\/hr\/wp-json\/wp\/v2\/product"}],"about":[{"href":"https:\/\/freizeit-technik.de\/hr\/wp-json\/wp\/v2\/types\/product"}],"replies":[{"embeddable":true,"href":"https:\/\/freizeit-technik.de\/hr\/wp-json\/wp\/v2\/comments?post=18493"}],"wp:featuredmedia":[{"embeddable":true,"href":"https:\/\/freizeit-technik.de\/hr\/wp-json\/wp\/v2\/media\/18498"}],"wp:attachment":[{"href":"https:\/\/freizeit-technik.de\/hr\/wp-json\/wp\/v2\/media?parent=18493"}],"wp:term":[{"taxonomy":"product_brand","embeddable":true,"href":"https:\/\/freizeit-technik.de\/hr\/wp-json\/wp\/v2\/product_brand?post=18493"},{"taxonomy":"product_cat","embeddable":true,"href":"https:\/\/freizeit-technik.de\/hr\/wp-json\/wp\/v2\/product_cat?post=18493"},{"taxonomy":"product_tag","embeddable":true,"href":"https:\/\/freizeit-technik.de\/hr\/wp-json\/wp\/v2\/product_tag?post=18493"}],"curies":[{"name":"wp","href":"https:\/\/api.w.org\/{rel}","templated":true}]}}