{"id":18506,"date":"2017-03-07T17:03:02","date_gmt":"2017-03-07T16:03:02","guid":{"rendered":"https:\/\/freizeit-technik.de\/shop\/soft-loptice-60-mm-sa-zastitnom-kozom-pakiranje-1000-komada\/"},"modified":"2026-05-15T21:12:06","modified_gmt":"2026-05-15T19:12:06","slug":"soft-loptice-60-mm-sa-zastitnom-kozom-pakiranje-1000-komada","status":"publish","type":"product","link":"https:\/\/freizeit-technik.de\/hr\/shop\/soft-loptice-60-mm-sa-zastitnom-kozom-pakiranje-1000-komada\/","title":{"rendered":"Soft loptice 60 mm, sa za\u0161titnom ko\u017eom, pakiranje: 1000 komada"},"content":{"rendered":"<p><img loading=\"lazy\" decoding=\"async\" class=\"size-full wp-image-690 alignleft\" src=\"https:\/\/freizeit-technik.de\/wp-content\/uploads\/2017\/03\/empfehlung.gif\" alt=\"\" width=\"198\" height=\"64\"><img loading=\"lazy\" decoding=\"async\" class=\"size-full wp-image-684 alignleft\" src=\"https:\/\/freizeit-technik.de\/wp-content\/uploads\/2017\/03\/Q_eu-1.gif\" alt=\"\" width=\"64\" height=\"64\"><img loading=\"lazy\" decoding=\"async\" class=\"size-full wp-image-694 alignleft\" src=\"https:\/\/freizeit-technik.de\/wp-content\/uploads\/2017\/03\/premium_line.gif\" alt=\"\" width=\"119\" height=\"64\"><\/p>\n","protected":false},"excerpt":{"rendered":"<p><strong>Jednobojne soft loptice od 60 mm u crvenoj, \u017eutoj, naran\u010dastoj, zelenoj i plavoj boji. Soft loptice karakterizira visoka gusto\u0107a i, posljedi\u010dno, vrlo dobre karakteristike leta.<\/strong><\/p>\n<p>Vanjski, glatki za\u0161titni sloj otporan je na habanje i doprinosi iznadprosje\u010dnoj izdr\u017eljivosti ovih soft lopti.<\/p>\n<p>Soft loptice od 60 mm prodaju se u jedinicama od 1000; tako\u0111er imajte na umu vi\u0161eslojnu cijenu:<\/p>\n<p>1-4 jedinice: 282 \u20ac\/jedinici<\/p>\n<p>5-9 jedinica: 272 \u20ac\/jedinici<\/p>\n<p>Od 10 jedinica: 262 \u20ac\/jedinici<\/p>\n<p>&nbsp;<\/p>\n<p><strong>Molimo unesite \u017eeljenu koli\u010dinu ovdje; molimo navedite \u017eeljene boje prilikom pla\u0107anja pod naslovom &#8220;Napomene uz narud\u017ebu&#8221;!<\/strong><\/p>\n","protected":false},"featured_media":14823,"comment_status":"open","ping_status":"closed","template":"","meta":{"_acf_changed":false},"product_brand":[],"product_cat":[301,300],"product_tag":[],"class_list":{"0":"post-18506","1":"product","2":"type-product","3":"status-publish","4":"has-post-thumbnail","6":"product_cat-softballi","7":"product_cat-zabavna-pucacina","9":"first","10":"instock","11":"taxable","12":"shipping-taxable","13":"purchasable","14":"product-type-simple"},"acf":[],"_links":{"self":[{"href":"https:\/\/freizeit-technik.de\/hr\/wp-json\/wp\/v2\/product\/18506","targetHints":{"allow":["GET"]}}],"collection":[{"href":"https:\/\/freizeit-technik.de\/hr\/wp-json\/wp\/v2\/product"}],"about":[{"href":"https:\/\/freizeit-technik.de\/hr\/wp-json\/wp\/v2\/types\/product"}],"replies":[{"embeddable":true,"href":"https:\/\/freizeit-technik.de\/hr\/wp-json\/wp\/v2\/comments?post=18506"}],"wp:featuredmedia":[{"embeddable":true,"href":"https:\/\/freizeit-technik.de\/hr\/wp-json\/wp\/v2\/media\/14823"}],"wp:attachment":[{"href":"https:\/\/freizeit-technik.de\/hr\/wp-json\/wp\/v2\/media?parent=18506"}],"wp:term":[{"taxonomy":"product_brand","embeddable":true,"href":"https:\/\/freizeit-technik.de\/hr\/wp-json\/wp\/v2\/product_brand?post=18506"},{"taxonomy":"product_cat","embeddable":true,"href":"https:\/\/freizeit-technik.de\/hr\/wp-json\/wp\/v2\/product_cat?post=18506"},{"taxonomy":"product_tag","embeddable":true,"href":"https:\/\/freizeit-technik.de\/hr\/wp-json\/wp\/v2\/product_tag?post=18506"}],"curies":[{"name":"wp","href":"https:\/\/api.w.org\/{rel}","templated":true}]}}