{"id":18677,"date":"2017-03-07T17:26:31","date_gmt":"2017-03-07T16:26:31","guid":{"rendered":"https:\/\/freizeit-technik.de\/shop\/gumeno-uze-za-bungee-run-za-tezinu-od-cca-20-kg-duljine-4-m\/"},"modified":"2026-05-15T21:15:05","modified_gmt":"2026-05-15T19:15:05","slug":"gumeno-uze-za-bungee-run-za-tezinu-od-cca-20-kg-duljine-4-m","status":"publish","type":"product","link":"https:\/\/freizeit-technik.de\/hr\/shop\/gumeno-uze-za-bungee-run-za-tezinu-od-cca-20-kg-duljine-4-m\/","title":{"rendered":"Gumeno u\u017ee za bungee-run za te\u017einu od cca. 20 kg &#8211; duljine 4 m"},"content":{"rendered":"","protected":false},"excerpt":{"rendered":"<p>Na\u0161i elasti\u010dni konopci tipa 1 idealni su za upotrebu s modulom za doga\u0111aj &#8220;Bungee Run&#8221;. Bungee konopci dolaze unaprijed sastavljeni s visokokvalitetnim u\u0161ivenim krajevima i dugi su 4 metra. Maksimalno istezanje je 11 metara. Za tjelesnu te\u017einu od pribli\u017eno 20 kg, ovisno o individualnoj razini kondicije, na modulu za doga\u0111aj Bungee Run treba koristiti elasti\u010dni konopac tipa 1 od 12 mm. Bungee konopci mogu se pri\u010dvrstiti karabinerom i tako podesiti po potrebi.    <\/p>\n<p>Na zahtjev, proizvodimo i gumene u\u017eadi za bungee-run za vas u svim ostalim kvalitetama, promjerima i duljinama.<\/p>\n<p><u><strong>Obavijest!  <\/strong><\/u><br \/>\n\u010cak i tijekom bungee run-a, uvijek treba koristiti barem dva neo\u0161te\u0107ena gumena u\u017eeta!<\/p>\n","protected":false},"featured_media":17404,"comment_status":"open","ping_status":"closed","template":"","meta":{"_acf_changed":false},"product_brand":[],"product_cat":[391],"product_tag":[],"class_list":{"0":"post-18677","1":"product","2":"type-product","3":"status-publish","4":"has-post-thumbnail","6":"product_cat-bungee-run","8":"first","9":"instock","10":"taxable","11":"shipping-taxable","12":"purchasable","13":"product-type-simple"},"acf":[],"_links":{"self":[{"href":"https:\/\/freizeit-technik.de\/hr\/wp-json\/wp\/v2\/product\/18677","targetHints":{"allow":["GET"]}}],"collection":[{"href":"https:\/\/freizeit-technik.de\/hr\/wp-json\/wp\/v2\/product"}],"about":[{"href":"https:\/\/freizeit-technik.de\/hr\/wp-json\/wp\/v2\/types\/product"}],"replies":[{"embeddable":true,"href":"https:\/\/freizeit-technik.de\/hr\/wp-json\/wp\/v2\/comments?post=18677"}],"wp:featuredmedia":[{"embeddable":true,"href":"https:\/\/freizeit-technik.de\/hr\/wp-json\/wp\/v2\/media\/17404"}],"wp:attachment":[{"href":"https:\/\/freizeit-technik.de\/hr\/wp-json\/wp\/v2\/media?parent=18677"}],"wp:term":[{"taxonomy":"product_brand","embeddable":true,"href":"https:\/\/freizeit-technik.de\/hr\/wp-json\/wp\/v2\/product_brand?post=18677"},{"taxonomy":"product_cat","embeddable":true,"href":"https:\/\/freizeit-technik.de\/hr\/wp-json\/wp\/v2\/product_cat?post=18677"},{"taxonomy":"product_tag","embeddable":true,"href":"https:\/\/freizeit-technik.de\/hr\/wp-json\/wp\/v2\/product_tag?post=18677"}],"curies":[{"name":"wp","href":"https:\/\/api.w.org\/{rel}","templated":true}]}}