{"id":18708,"date":"2017-03-07T17:23:48","date_gmt":"2017-03-07T16:23:48","guid":{"rendered":"https:\/\/freizeit-technik.de\/shop\/bungee-run-pojas-za-kukove-velicina-xs-m-boja-plava\/"},"modified":"2026-05-15T21:15:19","modified_gmt":"2026-05-15T19:15:19","slug":"bungee-run-pojas-za-kukove-velicina-xs-m-boja-plava","status":"publish","type":"product","link":"https:\/\/freizeit-technik.de\/hr\/shop\/bungee-run-pojas-za-kukove-velicina-xs-m-boja-plava\/","title":{"rendered":"Bungee-Run pojas za kukove, veli\u010dina XS &#8211; M, boja plava"},"content":{"rendered":"","protected":false},"excerpt":{"rendered":"<p>Ova traka za bungee run je vrlo udobna zahvaljuju\u0107i \u0161irokoj kontaktnoj povr\u0161ini i dobrom podstavljenju.<br \/>\n Proizvedeno u EU u tvornici s PSA certifikatom i vrlo dobre kvalitete.<br \/>\n Za opseg bokova od 65 do 100 cm.<\/p>\n","protected":false},"featured_media":18709,"comment_status":"open","ping_status":"closed","template":"","meta":{"_acf_changed":false},"product_brand":[],"product_cat":[391],"product_tag":[],"class_list":{"0":"post-18708","1":"product","2":"type-product","3":"status-publish","4":"has-post-thumbnail","6":"product_cat-bungee-run","8":"first","9":"instock","10":"taxable","11":"shipping-taxable","12":"purchasable","13":"product-type-simple"},"acf":[],"_links":{"self":[{"href":"https:\/\/freizeit-technik.de\/hr\/wp-json\/wp\/v2\/product\/18708","targetHints":{"allow":["GET"]}}],"collection":[{"href":"https:\/\/freizeit-technik.de\/hr\/wp-json\/wp\/v2\/product"}],"about":[{"href":"https:\/\/freizeit-technik.de\/hr\/wp-json\/wp\/v2\/types\/product"}],"replies":[{"embeddable":true,"href":"https:\/\/freizeit-technik.de\/hr\/wp-json\/wp\/v2\/comments?post=18708"}],"wp:featuredmedia":[{"embeddable":true,"href":"https:\/\/freizeit-technik.de\/hr\/wp-json\/wp\/v2\/media\/18709"}],"wp:attachment":[{"href":"https:\/\/freizeit-technik.de\/hr\/wp-json\/wp\/v2\/media?parent=18708"}],"wp:term":[{"taxonomy":"product_brand","embeddable":true,"href":"https:\/\/freizeit-technik.de\/hr\/wp-json\/wp\/v2\/product_brand?post=18708"},{"taxonomy":"product_cat","embeddable":true,"href":"https:\/\/freizeit-technik.de\/hr\/wp-json\/wp\/v2\/product_cat?post=18708"},{"taxonomy":"product_tag","embeddable":true,"href":"https:\/\/freizeit-technik.de\/hr\/wp-json\/wp\/v2\/product_tag?post=18708"}],"curies":[{"name":"wp","href":"https:\/\/api.w.org\/{rel}","templated":true}]}}