{"id":12050,"date":"2026-03-10T17:57:52","date_gmt":"2026-03-10T16:57:52","guid":{"rendered":"https:\/\/freizeit-technik.de\/shop\/tappeto-da-salto-di-tipo-2-in-pvc-giallo-per-trampolini\/"},"modified":"2026-04-21T17:44:00","modified_gmt":"2026-04-21T15:44:00","slug":"tappeto-da-salto-di-tipo-2-in-pvc-giallo-per-trampolini","status":"publish","type":"product","link":"https:\/\/freizeit-technik.de\/it\/shop\/tappeto-da-salto-di-tipo-2-in-pvc-giallo-per-trampolini\/","title":{"rendered":"Tappeto da salto di tipo 2 in PVC giallo per trampolini"},"content":{"rendered":"<p><strong>Larghezza massima nero, blu e verde: 230 cm.<br \/>\n<\/strong><strong>larghezza massima giallo, arancione e grigio: 220cm<br \/>\n<\/strong><strong>lunghezza massima: 20 m<br \/>\n<\/strong><strong>Applicazione: interno ed esterno<br \/>\n<\/strong><strong>Colori: nero, blu, verde, giallo, arancione, grigio<br \/>\n<\/strong><strong>Prestazioni di lancio: ++++<br \/>\n<\/strong><strong>Elasticit\u00e0 del punto: +++<br \/>\n<\/strong><strong>Resistenza ai raggi UV nero: ++++<br \/>\n<\/strong><strong>Resistenza ai raggi UV colorata: +++<br \/>\n<\/strong><strong>Pulizia: +++++<\/strong><\/p>\n<p><img loading=\"lazy\" decoding=\"async\" class=\"size-full wp-image-682 alignleft\" src=\"https:\/\/freizeit-technik.de\/wp-content\/uploads\/2017\/03\/Q_deutschland-1.gif\" alt=\"\" width=\"64\" height=\"64\"><\/p>\n<p>&nbsp;<\/p>\n<p>&nbsp;<\/p>\n","protected":false},"excerpt":{"rendered":"<p>Il tappeto da salto di tipo 2 in rete di PVC \u00e8 oggi il nostro tessuto pi\u00f9 utilizzato. Diverse migliaia di unit\u00e0 sono in uso in tutto il mondo, sia all&#8217;interno che all&#8217;esterno. \u00c8 estremamente robusto e versatile.<br \/>\nOffre una buona presa, un flusso d&#8217;aria significativamente migliore rispetto al tessuto per tappeti da salto in PP di tipo 1 e offre propriet\u00e0 di lancio simili a quelle del tappeto da salto di tipo 3.<br \/>\nLe singole maglie non possono deformarsi, per cui le aperture rimangono sempre uguali e non si formano punti di aggancio.<br \/>\nLa pulizia \u00e8 molto semplice perch\u00e9 il materiale non si attacca quasi per niente alla polvere.<br \/>\nQuando si usano calze antiscivolo, si consiglia di abbinare il colore del rivestimento antiscivolo a quello del tappeto da salto.  <\/p>\n<p>Realizzato su misura nella nostra selleria di Stoccarda.<\/p>\n<p><strong>Requisiti per le categorie di prezzo:<\/strong><\/p>\n<ul>\n<li><strong>Dimensione 1: <\/strong>fino a 2m\u00b2 + nessun lato inferiore a 90cm, ad <strong>esempio fino a 140 x 140cm<\/strong>.<\/li>\n<li style=\"text-align: left;\"><strong>Dimensione 2: <\/strong>fino a 5m\u00b2 + nessun lato inferiore a 120 cm, ad <strong>esempio fino a 200 x 250 cm.<\/strong><\/li>\n<li style=\"text-align: left;\"><strong>Dimensione 3: <\/strong>fino a 8,5m\u00b2 + nessun lato inferiore a 150cm, ad <strong>esempio fino a 195 x 435cm<\/strong>.<\/li>\n<li style=\"text-align: left;\"><strong>Dimensione 4: <\/strong>Fino a 12m\u00b2 + nessun lato inferiore a 180cm, ad <strong>esempio fino a 220 x 540cm<\/strong>.<\/li>\n<li><strong>Dimensione standard &#8220;Modulo barbone multitramp&#8221;  <\/strong><\/li>\n<\/ul>\n<p>Quadrato o rettangolare. Per altre forme (rotonde, triangolari, ottagonali, ecc.) e per tessuti pi\u00f9 stretti, inviaci una richiesta separata. <\/p>\n<p><strong>Prezzi graduati per fogli di salto identici: <\/strong>se aumenti il numero di pezzi<br \/>\na 2, 4, 6, 8 o 10, il prezzo per unit\u00e0 si riduce!<\/p>\n<p><strong>Procedura d&#8217;ordine: <\/strong>Non ti chiediamo di prendere le misure per le lastre di salto multitrampa. Per la produzione di attrezzature di altri produttori, ti preghiamo di fare riferimento agli ordini precedenti quando effettui l&#8217;ordine. Se non abbiamo ancora registrato il tuo tappeto da salto con le dimensioni corrispondenti, ti preghiamo di comunicarcelo. Se hai bisogno di aiuto, contattaci. Saremo lieti di aiutarti a determinare le dimensioni corrette!    <\/p>\n<p><strong>Tempi di consegna: <\/strong>di solito 1-2 settimane.<\/p>\n<p><strong>Importante, prescritto secondo la norma DIN EN ISO 23659: <\/strong><\/p>\n<ul>\n<li><strong>Grembiule di sicurezza<\/strong> sul tappeto da salto, che chiude lo spazio tra il tappeto da salto e l&#8217;imbottitura (Fig. 2).<\/li>\n<li>una <strong>fettuccia colorata<\/strong> che delimita l&#8217;area di salto sicura (Fig. 3).<\/li>\n<li><strong>Rete di sicurezza ridondante<\/strong> sotto il tappeto da salto (Fig. 4).<\/li>\n<li>Differenza di colore ben visibile tra l&#8217;imbottitura del trampolino e il tappetino da salto del trampolino.<\/li>\n<\/ul>\n<p>Se desideri comunque rinunciare a questi requisiti, inviaci una liberatoria scritta subito dopo aver effettuato l&#8217;ordine.<\/p>\n<p><strong>Operatore di un parco trampolini<\/strong><br \/>\nGestisci un parco trampolini o diverse strutture di trampolini con un&#8217;elevata richiesta, di forme e dimensioni diverse? Ti aiuteremo con la nostra esperienza e ti forniremo un preventivo per il rinnovo dei teli e dei tappeti elastici. <\/p>\n","protected":false},"featured_media":12051,"comment_status":"open","ping_status":"closed","template":"","meta":{"_acf_changed":false},"product_brand":[],"product_cat":[194,193],"product_tag":[],"class_list":{"0":"post-12050","1":"product","2":"type-product","3":"status-publish","4":"has-post-thumbnail","6":"product_cat-lenzuola-per-il-salto-dal-trampolino","7":"product_cat-parco-di-trampolini-e-strutture-per-trampolini","9":"first","10":"instock","11":"taxable","12":"shipping-taxable","13":"product-type-variable"},"acf":[],"_links":{"self":[{"href":"https:\/\/freizeit-technik.de\/it\/wp-json\/wp\/v2\/product\/12050","targetHints":{"allow":["GET"]}}],"collection":[{"href":"https:\/\/freizeit-technik.de\/it\/wp-json\/wp\/v2\/product"}],"about":[{"href":"https:\/\/freizeit-technik.de\/it\/wp-json\/wp\/v2\/types\/product"}],"replies":[{"embeddable":true,"href":"https:\/\/freizeit-technik.de\/it\/wp-json\/wp\/v2\/comments?post=12050"}],"wp:featuredmedia":[{"embeddable":true,"href":"https:\/\/freizeit-technik.de\/it\/wp-json\/wp\/v2\/media\/12051"}],"wp:attachment":[{"href":"https:\/\/freizeit-technik.de\/it\/wp-json\/wp\/v2\/media?parent=12050"}],"wp:term":[{"taxonomy":"product_brand","embeddable":true,"href":"https:\/\/freizeit-technik.de\/it\/wp-json\/wp\/v2\/product_brand?post=12050"},{"taxonomy":"product_cat","embeddable":true,"href":"https:\/\/freizeit-technik.de\/it\/wp-json\/wp\/v2\/product_cat?post=12050"},{"taxonomy":"product_tag","embeddable":true,"href":"https:\/\/freizeit-technik.de\/it\/wp-json\/wp\/v2\/product_tag?post=12050"}],"curies":[{"name":"wp","href":"https:\/\/api.w.org\/{rel}","templated":true}]}}