{"id":13299,"date":"2026-03-19T12:00:54","date_gmt":"2026-03-19T11:00:54","guid":{"rendered":"https:\/\/freizeit-technik.de\/shop\/sistema-a-disco-rotante-per-strisce-di-lattice-di-tipo-4-4-girelle-incluse\/"},"modified":"2026-04-24T10:14:41","modified_gmt":"2026-04-24T08:14:41","slug":"sistema-a-disco-rotante-per-strisce-di-lattice-di-tipo-4-4-girelle-incluse","status":"publish","type":"product","link":"https:\/\/freizeit-technik.de\/it\/shop\/sistema-a-disco-rotante-per-strisce-di-lattice-di-tipo-4-4-girelle-incluse\/","title":{"rendered":"Sistema a disco rotante per strisce di lattice di tipo 4, 4 girelle incluse!"},"content":{"rendered":"<div style=\"width: 720px;\" class=\"wp-video\"><video class=\"wp-video-shortcode\" id=\"video-13299-1\" width=\"720\" height=\"1280\" preload=\"metadata\" controls=\"controls\"><source type=\"video\/mp4\" src=\"https:\/\/freizeit-technik.de\/wp-content\/uploads\/2026\/03\/rotor-discs-einhaengen.mp4?_=1\" \/><a href=\"https:\/\/freizeit-technik.de\/wp-content\/uploads\/2026\/03\/rotor-discs-einhaengen.mp4\">https:\/\/freizeit-technik.de\/wp-content\/uploads\/2026\/03\/rotor-discs-einhaengen.mp4<\/a><\/video><\/div>\n<div>\n<div style=\"width: 980px;\" class=\"wp-video\"><video class=\"wp-video-shortcode\" id=\"video-13299-2\" width=\"980\" height=\"551\" preload=\"metadata\" controls=\"controls\"><source type=\"video\/mp4\" src=\"https:\/\/freizeit-technik.de\/wp-content\/uploads\/2026\/03\/rotor_discs_video_1.mp4?_=2\" \/><a href=\"https:\/\/freizeit-technik.de\/wp-content\/uploads\/2026\/03\/rotor_discs_video_1.mp4\">https:\/\/freizeit-technik.de\/wp-content\/uploads\/2026\/03\/rotor_discs_video_1.mp4<\/a><\/video><\/div>\n<p><span class=\"tx-ttproducts-pi1-wrap2\"><strong>Ogni disco con girella integrata in acciaio inox<\/strong><\/span><\/p>\n<\/div>\n<div id=\"tab_fragment_1\" class=\"ui-tabs-panel ui-widget-content ui-corner-bottom ui-tabs-hide\"><span class=\"tx-ttproducts-pi1-wrap2\"><strong>Peso: 0,58 kg<br \/>\nDimensioni della confezione: 23 x 12 x 12 cm<br \/>\nColore: blu<br \/>\nCertificazione: test di tipo T\u00dcV (test di carico di rottura)<\/strong><\/span><\/div>\n<div class=\"ui-tabs-panel ui-widget-content ui-corner-bottom ui-tabs-hide\"><\/div>\n","protected":false},"excerpt":{"rendered":"<p>Il sistema Rotor-Disk permette all&#8217;operatore di impostare rapidamente il peso corretto del ponticello con le strisce di lattice di tipo 4.<\/p>\n<p><strong>Innovazioni 2026:<\/strong><br \/>\nRiduzione del prezzo e prezzo unitario ancora pi\u00f9 vantaggioso con 4 sistemi per un trampolino bungee a 4 posti.<br \/>\nIl disco superiore \u00e8 ora dotato anche di una girella, in modo da avere <strong>un totale di quattro girelle scorrevoli <\/strong> gi\u00e0 integrate in questo sistema.<\/p>\n<p><strong>Come funziona:<\/strong><br \/>\nLe strisce di lattice di tipo 4 vengono inserite nel disco superiore con fessure pi\u00f9 strette e vi rimangono sempre. I dischi inferiori del ponticello hanno 2 supporti pi\u00f9 stretti, nei quali rimangono sempre 2 corde di gomma (di solito 2 x 10 kg = 20 kg).<br \/>\nLe lunghe sporgenze delle strisce all&#8217;estremit\u00e0 inferiore fanno s\u00ec che il peso del ponticello possa essere regolato in modo facile e veloce oltre ai 20 kg gi\u00e0 fissati.<br \/>\nLe due girelle in alto e in basso fanno s\u00ec che le strisce difficilmente si impiglino. <\/p>\n<p><strong>Vantaggi:<br \/>\n<\/strong>&#8211; 4 girelle in acciaio inox di alta qualit\u00e0 gi\u00e0 integrate per ogni set.<br \/>\n&#8211; Per questo motivo sono necessari almeno 2 moschettoni e girelle in meno rispetto ad altri set.<br \/>\n&#8211; Fettuccia di contenimento per proteggere il materiale in lattice e prolungare la durata di vita.<br \/>\n&#8211; Costi di gestione inferiori.<br \/>\n&#8211; Maggiore sicurezza rispetto ad altri sistemi di contenimento dei tubi in lattice grazie alla distanza della fettuccia.<\/p>\n<p><strong>Informazioni sulla consegna e sul prezzo:<\/strong><br \/>\nSe ordini la quantit\u00e0 &#8220;1&#8221;, riceverai <strong>4 dischi <\/strong>(2 superiori e 2 inferiori con nastro intrecciato)<strong> per un&#8217;area di salto.<br \/>\n<\/strong>Se ordini<strong> 4 sistemi <\/strong>per un trampolino bungee a 4 pieghe<strong>, il prezzo unitario \u00e8 ridotto!<\/strong><\/p>\n<p><strong>Varianti di attrezzatura consigliate per ogni set di pedane per saltare (da ordinare separatamente):<br \/>\n<\/strong>&#8211; Per un peso massimo di 90 kg: 16 pezzi da 10 kg e 4 pezzi da 5 kg<br \/>\n&#8211; Per un peso massimo di 95 kg: 18 pezzi da 10 kg e 2 pezzi da 5 kg<br \/>\n&#8211; Per un peso massimo di 100 kg: 20 pezzi da 10 kg (senza 5 kg)   <strong><br \/>\n<\/strong><\/p>\n<p>Disponibile immediatamente! Le strisce di corda di gomma in lattice di tipo 4 mostrate sono solo a scopo illustrativo e non sono incluse nella fornitura. Devono essere ordinate separatamente.  <\/p>\n<p><strong>Sei interessato ma non sei sicuro?<\/strong><br \/>\nChiedi il nostro <strong>set di prova<\/strong>, che <strong>possiamo prestarti<\/strong> (in base alla disponibilit\u00e0)!<\/p>\n","protected":false},"featured_media":13314,"comment_status":"open","ping_status":"closed","template":"","meta":{"_acf_changed":false},"product_brand":[],"product_cat":[235,237,238,229],"product_tag":[],"class_list":{"0":"post-13299","1":"product","2":"type-product","3":"status-publish","4":"has-post-thumbnail","6":"product_cat-elastici-e-corde","7":"product_cat-elastici-pronti-per-luso","8":"product_cat-fai-da-te","9":"product_cat-moschettone-co","11":"first","12":"instock","13":"taxable","14":"shipping-taxable","15":"product-type-simple"},"acf":[],"_links":{"self":[{"href":"https:\/\/freizeit-technik.de\/it\/wp-json\/wp\/v2\/product\/13299","targetHints":{"allow":["GET"]}}],"collection":[{"href":"https:\/\/freizeit-technik.de\/it\/wp-json\/wp\/v2\/product"}],"about":[{"href":"https:\/\/freizeit-technik.de\/it\/wp-json\/wp\/v2\/types\/product"}],"replies":[{"embeddable":true,"href":"https:\/\/freizeit-technik.de\/it\/wp-json\/wp\/v2\/comments?post=13299"}],"wp:featuredmedia":[{"embeddable":true,"href":"https:\/\/freizeit-technik.de\/it\/wp-json\/wp\/v2\/media\/13314"}],"wp:attachment":[{"href":"https:\/\/freizeit-technik.de\/it\/wp-json\/wp\/v2\/media?parent=13299"}],"wp:term":[{"taxonomy":"product_brand","embeddable":true,"href":"https:\/\/freizeit-technik.de\/it\/wp-json\/wp\/v2\/product_brand?post=13299"},{"taxonomy":"product_cat","embeddable":true,"href":"https:\/\/freizeit-technik.de\/it\/wp-json\/wp\/v2\/product_cat?post=13299"},{"taxonomy":"product_tag","embeddable":true,"href":"https:\/\/freizeit-technik.de\/it\/wp-json\/wp\/v2\/product_tag?post=13299"}],"curies":[{"name":"wp","href":"https:\/\/api.w.org\/{rel}","templated":true}]}}