{"id":16465,"date":"2026-02-08T19:14:50","date_gmt":"2026-02-08T18:14:50","guid":{"rendered":"https:\/\/freizeit-technik.de\/shop\/offerta-speciale-telaio-per-trampolino-rotondo-proline-8-diametro-esterno-245-cm-colore-verde-codice-pr8-1\/"},"modified":"2026-05-05T19:35:39","modified_gmt":"2026-05-05T17:35:39","slug":"offerta-speciale-telaio-per-trampolino-rotondo-proline-8-diametro-esterno-245-cm-colore-verde-codice-pr8-1","status":"publish","type":"product","link":"https:\/\/freizeit-technik.de\/it\/shop\/offerta-speciale-telaio-per-trampolino-rotondo-proline-8-diametro-esterno-245-cm-colore-verde-codice-pr8-1\/","title":{"rendered":"Offerta speciale: Telaio per trampolino rotondo Proline 8&#8243;, diametro esterno 245 cm, colore verde. Codice: PR8-1"},"content":{"rendered":"<p>Il cuscinetto del telaio \u00e8 nuovo e non utilizzato. Tuttavia, il cuscinetto \u00e8 stato piegato durante la produzione prima che l&#8217;etichetta di avvertimento si asciugasse, per cui si pu\u00f2 notare un leggero errore di stampa in un punto.<br \/>\nVedi foto. <\/p>\n","protected":false},"excerpt":{"rendered":"<p>inutilizzato, etichetta di avvertimento con refuso.<\/p>\n","protected":false},"featured_media":16467,"comment_status":"open","ping_status":"closed","template":"","meta":{"_acf_changed":false},"product_brand":[],"product_cat":[211,225],"product_tag":[],"class_list":{"0":"post-16465","1":"product","2":"type-product","3":"status-publish","4":"has-post-thumbnail","6":"product_cat-strutture-per-il-trampolino-bungee","7":"product_cat-trampolini-laterali","9":"first","10":"instock","11":"taxable","12":"shipping-taxable","13":"purchasable","14":"product-type-simple"},"acf":[],"_links":{"self":[{"href":"https:\/\/freizeit-technik.de\/it\/wp-json\/wp\/v2\/product\/16465","targetHints":{"allow":["GET"]}}],"collection":[{"href":"https:\/\/freizeit-technik.de\/it\/wp-json\/wp\/v2\/product"}],"about":[{"href":"https:\/\/freizeit-technik.de\/it\/wp-json\/wp\/v2\/types\/product"}],"replies":[{"embeddable":true,"href":"https:\/\/freizeit-technik.de\/it\/wp-json\/wp\/v2\/comments?post=16465"}],"wp:featuredmedia":[{"embeddable":true,"href":"https:\/\/freizeit-technik.de\/it\/wp-json\/wp\/v2\/media\/16467"}],"wp:attachment":[{"href":"https:\/\/freizeit-technik.de\/it\/wp-json\/wp\/v2\/media?parent=16465"}],"wp:term":[{"taxonomy":"product_brand","embeddable":true,"href":"https:\/\/freizeit-technik.de\/it\/wp-json\/wp\/v2\/product_brand?post=16465"},{"taxonomy":"product_cat","embeddable":true,"href":"https:\/\/freizeit-technik.de\/it\/wp-json\/wp\/v2\/product_cat?post=16465"},{"taxonomy":"product_tag","embeddable":true,"href":"https:\/\/freizeit-technik.de\/it\/wp-json\/wp\/v2\/product_tag?post=16465"}],"curies":[{"name":"wp","href":"https:\/\/api.w.org\/{rel}","templated":true}]}}