{"id":16764,"date":"2020-04-19T15:09:49","date_gmt":"2020-04-19T13:09:49","guid":{"rendered":"https:\/\/freizeit-technik.de\/?post_type=product&#038;p=16764"},"modified":"2026-05-11T11:05:40","modified_gmt":"2026-05-11T09:05:40","slug":"trampolino-gonfiabile-taglia-1","status":"publish","type":"product","link":"https:\/\/freizeit-technik.de\/it\/shop\/trampolino-gonfiabile-taglia-1\/","title":{"rendered":"Trampolino gonfiabile taglia 1"},"content":{"rendered":"<p><strong>Dimensioni:<br \/>\n132&#8243; x 113&#8243; x 25&#8243;<br \/>\n335,28 x 287,02 x 63,5 cm<\/strong><\/p>\n<p><span class=\"tx-ttproducts-pi1-wrap2\"><strong>Peso: 24,50 kg<br \/>\nDimensioni della confezione: 52 x 52 x 21 cm<br \/>\nColore: giallo<br \/>\nCertificazione: CE<\/strong><\/span><\/p>\n<p><img loading=\"lazy\" decoding=\"async\" class=\"size-full wp-image-690 alignleft\" src=\"https:\/\/freizeit-technik.de\/wp-content\/uploads\/2017\/03\/empfehlung.gif\" alt=\"\" width=\"198\" height=\"64\"><img loading=\"lazy\" decoding=\"async\" class=\"size-full wp-image-688 alignleft\" src=\"https:\/\/freizeit-technik.de\/wp-content\/uploads\/2017\/03\/Q_asia-1.gif\" alt=\"\" width=\"64\" height=\"64\"><img loading=\"lazy\" decoding=\"async\" class=\"size-full wp-image-694 alignleft\" src=\"https:\/\/freizeit-technik.de\/wp-content\/uploads\/2017\/03\/premium_line.gif\" alt=\"\" width=\"119\" height=\"64\"><img loading=\"lazy\" decoding=\"async\" class=\"size-full wp-image-448 alignleft\" src=\"https:\/\/freizeit-technik.de\/wp-content\/uploads\/2017\/02\/exclusively_JS.gif\" alt=\"\" width=\"119\" height=\"64\"><\/p>\n","protected":false},"excerpt":{"rendered":"<p><span class=\"tx-ttproducts-pi1-wrap2\">Il trampolino gonfiabile pu\u00f2 essere gonfiato in pochi minuti utilizzando un soffiatore. Poi trattiene l&#8217;aria in modo affidabile. La stessa tecnologia \u00e8 utilizzata anche nella nautica professionale. Il trampolino ad aria \u00e8 dotato di un vero e proprio tappetino per saltare.<br \/>\nSe gonfiato correttamente, fornisce un incredibile effetto molla senza limitare l&#8217;altezza di salto quando viene utilizzato su sistemi di trampolino bungee. La qualit\u00e0 \u00e8 convincente e ha dato prova di s\u00e9 per oltre 10 anni. Le piccole riparazioni possono essere effettuate senza problemi utilizzando il kit in dotazione.<br \/>\nLe dimensioni ridotte dell&#8217;imballaggio e il peso ridotto lo rendono un&#8217;ottima soluzione per i trampolini bungee mobili, con un notevole risparmio di tempo durante le fasi di montaggio e smontaggio.<\/span><br \/>\nDato che i trampolini gonfiabili possono essere sgonfiati prima e dopo ogni giorno di utilizzo, anche i danni alla propriet\u00e0 non sono un problema.<\/p>\n<p><strong>Un nostro chiaro consiglio!<\/strong><\/p>\n","protected":false},"featured_media":16674,"comment_status":"open","ping_status":"closed","template":"","meta":{"_acf_changed":false},"product_brand":[],"product_cat":[211,225],"product_tag":[],"class_list":{"0":"post-16764","1":"product","2":"type-product","3":"status-publish","4":"has-post-thumbnail","6":"product_cat-strutture-per-il-trampolino-bungee","7":"product_cat-trampolini-laterali","9":"first","10":"instock","11":"taxable","12":"shipping-taxable","13":"purchasable","14":"product-type-variable"},"acf":[],"_links":{"self":[{"href":"https:\/\/freizeit-technik.de\/it\/wp-json\/wp\/v2\/product\/16764","targetHints":{"allow":["GET"]}}],"collection":[{"href":"https:\/\/freizeit-technik.de\/it\/wp-json\/wp\/v2\/product"}],"about":[{"href":"https:\/\/freizeit-technik.de\/it\/wp-json\/wp\/v2\/types\/product"}],"replies":[{"embeddable":true,"href":"https:\/\/freizeit-technik.de\/it\/wp-json\/wp\/v2\/comments?post=16764"}],"wp:featuredmedia":[{"embeddable":true,"href":"https:\/\/freizeit-technik.de\/it\/wp-json\/wp\/v2\/media\/16674"}],"wp:attachment":[{"href":"https:\/\/freizeit-technik.de\/it\/wp-json\/wp\/v2\/media?parent=16764"}],"wp:term":[{"taxonomy":"product_brand","embeddable":true,"href":"https:\/\/freizeit-technik.de\/it\/wp-json\/wp\/v2\/product_brand?post=16764"},{"taxonomy":"product_cat","embeddable":true,"href":"https:\/\/freizeit-technik.de\/it\/wp-json\/wp\/v2\/product_cat?post=16764"},{"taxonomy":"product_tag","embeddable":true,"href":"https:\/\/freizeit-technik.de\/it\/wp-json\/wp\/v2\/product_tag?post=16764"}],"curies":[{"name":"wp","href":"https:\/\/api.w.org\/{rel}","templated":true}]}}