{"id":17144,"date":"2017-08-17T16:19:40","date_gmt":"2017-08-17T14:19:40","guid":{"rendered":"https:\/\/freizeit-technik.de\/shop\/argano-a-cavo-tea-he-200-per-trampolini-bungee\/"},"modified":"2026-05-12T10:22:09","modified_gmt":"2026-05-12T08:22:09","slug":"argano-a-cavo-tea-he-200-per-trampolini-bungee","status":"publish","type":"product","link":"https:\/\/freizeit-technik.de\/it\/shop\/argano-a-cavo-tea-he-200-per-trampolini-bungee\/","title":{"rendered":"Argano a cavo TEA HE 200 per trampolini bungee"},"content":{"rendered":"<p><span class=\"tx-ttproducts-pi1-wrap2\"><strong>Tensione: 220 V<br \/>\nFrequenza: 50 Hz<br \/>\nConsumo di energia: 750 W<br \/>\nPeso senza corda: 31,5 kg<br \/>\nDimensioni della confezione: 69 x 21 x 35 cm<\/strong><\/span><\/p>\n","protected":false},"excerpt":{"rendered":"<p><span class=\"tx-ttproducts-pi1-wrap2\">Robusto argano a fune utilizzato in molti sistemi di trampolino bungee in tutto il mondo.<br \/>\nQuesto argano a fune funziona in modo molto affidabile e ha dato prova di s\u00e9 per molti anni.<br \/>\n<strong>Per il 2026<\/strong>, la copertura nera in PVC \u00e8 stata sostituita da una robusta copertura in metallo. L&#8217;unit\u00e0 di controllo manuale \u00e8 stata personalizzata.<br \/>\nTutti i pezzi di ricambio sono generalmente disponibili in modo rapido e affidabile. <\/span><\/p>\n<p><span class=\"tx-ttproducts-pi1-wrap2\">Gli argani vengono forniti di serie senza cavo per l&#8217;argano.<br \/>\nSe ne desideri uno, seleziona la versione con cavo per l&#8217;argano nel menu di selezione.<\/span><\/p>\n","protected":false},"featured_media":17145,"comment_status":"open","ping_status":"closed","template":"","meta":{"_acf_changed":false},"product_brand":[],"product_cat":[352,211],"product_tag":[],"class_list":{"0":"post-17144","1":"product","2":"type-product","3":"status-publish","4":"has-post-thumbnail","6":"product_cat-argani-a-cavo","7":"product_cat-strutture-per-il-trampolino-bungee","9":"first","10":"instock","11":"taxable","12":"shipping-taxable","13":"purchasable","14":"product-type-variable"},"acf":[],"_links":{"self":[{"href":"https:\/\/freizeit-technik.de\/it\/wp-json\/wp\/v2\/product\/17144","targetHints":{"allow":["GET"]}}],"collection":[{"href":"https:\/\/freizeit-technik.de\/it\/wp-json\/wp\/v2\/product"}],"about":[{"href":"https:\/\/freizeit-technik.de\/it\/wp-json\/wp\/v2\/types\/product"}],"replies":[{"embeddable":true,"href":"https:\/\/freizeit-technik.de\/it\/wp-json\/wp\/v2\/comments?post=17144"}],"wp:featuredmedia":[{"embeddable":true,"href":"https:\/\/freizeit-technik.de\/it\/wp-json\/wp\/v2\/media\/17145"}],"wp:attachment":[{"href":"https:\/\/freizeit-technik.de\/it\/wp-json\/wp\/v2\/media?parent=17144"}],"wp:term":[{"taxonomy":"product_brand","embeddable":true,"href":"https:\/\/freizeit-technik.de\/it\/wp-json\/wp\/v2\/product_brand?post=17144"},{"taxonomy":"product_cat","embeddable":true,"href":"https:\/\/freizeit-technik.de\/it\/wp-json\/wp\/v2\/product_cat?post=17144"},{"taxonomy":"product_tag","embeddable":true,"href":"https:\/\/freizeit-technik.de\/it\/wp-json\/wp\/v2\/product_tag?post=17144"}],"curies":[{"name":"wp","href":"https:\/\/api.w.org\/{rel}","templated":true}]}}