{"id":17210,"date":"2017-06-26T13:33:18","date_gmt":"2017-06-26T11:33:18","guid":{"rendered":"https:\/\/freizeit-technik.de\/shop\/elastiks-expander-di-tipo-2-20-kg\/"},"modified":"2026-05-15T12:04:43","modified_gmt":"2026-05-15T10:04:43","slug":"elastiks-expander-di-tipo-2-20-kg","status":"publish","type":"product","link":"https:\/\/freizeit-technik.de\/it\/shop\/elastiks-expander-di-tipo-2-20-kg\/","title":{"rendered":"Elastiks Expander di tipo 2, 20 kg"},"content":{"rendered":"<p><strong><span class=\"tx-ttproducts-pi1-wrap2\">Per il peso: circa 20 kg (peso del ponticello se usato su entrambi i lati)<br \/>\nColore: blu-bianco o giallo-nero<br \/>\nDinamica di salto: +++<br \/>\nDurata: ++++<br \/>\nSicurezza: ++++ <\/span><\/strong><\/p>\n","protected":false},"excerpt":{"rendered":"<p>Corda in gomma da 12 mm con doppia guaina blu-bianca o giallo-nera.<br \/>\nLa doppia intrecciatura in combinazione con un numero maggiore di fili interni neri e pi\u00f9 sottili conferisce a questi elastici una durata superiore alla media.<br \/>\nLa guaina esterna \u00e8 molto allentata. Di conseguenza, si muove in modo relativamente forte durante il funzionamento e a volte si gonfia. Tuttavia, la durata di questi elastici \u00e8 molto buona, poich\u00e9 la guaina esterna fornisce un ulteriore strato protettivo e i fili di lattice interni sono ancora protetti dalla seconda guaina interna, molto morbida. Queste corde elastiche offrono un eccellente rapporto qualit\u00e0-prezzo e sono un&#8217;ottima scelta per gli operatori che non si preoccupano principalmente di una guaina esterna perfettamente aderente.   <\/p>\n<p>Con passanti cuciti (passanti in fettuccia) <u>senza nodi<\/u> alle estremit\u00e0. Un evidente vantaggio in termini di facilit\u00e0 d&#8217;uso, in quanto le corde hanno meno probabilit\u00e0 di impigliarsi l&#8217;una nell&#8217;altra. <\/p>\n<p>Elastik di ogni tipo e dimensione \u00e8 disponibile anche al metro per l&#8217;autoassemblaggio.<\/p>\n","protected":false},"featured_media":17232,"comment_status":"open","ping_status":"closed","template":"","meta":{"_acf_changed":false},"product_brand":[],"product_cat":[235,237],"product_tag":[],"class_list":{"0":"post-17210","1":"product","2":"type-product","3":"status-publish","4":"has-post-thumbnail","6":"product_cat-elastici-e-corde","7":"product_cat-elastici-pronti-per-luso","9":"first","10":"instock","11":"taxable","12":"shipping-taxable","13":"purchasable","14":"product-type-variable"},"acf":[],"_links":{"self":[{"href":"https:\/\/freizeit-technik.de\/it\/wp-json\/wp\/v2\/product\/17210","targetHints":{"allow":["GET"]}}],"collection":[{"href":"https:\/\/freizeit-technik.de\/it\/wp-json\/wp\/v2\/product"}],"about":[{"href":"https:\/\/freizeit-technik.de\/it\/wp-json\/wp\/v2\/types\/product"}],"replies":[{"embeddable":true,"href":"https:\/\/freizeit-technik.de\/it\/wp-json\/wp\/v2\/comments?post=17210"}],"wp:featuredmedia":[{"embeddable":true,"href":"https:\/\/freizeit-technik.de\/it\/wp-json\/wp\/v2\/media\/17232"}],"wp:attachment":[{"href":"https:\/\/freizeit-technik.de\/it\/wp-json\/wp\/v2\/media?parent=17210"}],"wp:term":[{"taxonomy":"product_brand","embeddable":true,"href":"https:\/\/freizeit-technik.de\/it\/wp-json\/wp\/v2\/product_brand?post=17210"},{"taxonomy":"product_cat","embeddable":true,"href":"https:\/\/freizeit-technik.de\/it\/wp-json\/wp\/v2\/product_cat?post=17210"},{"taxonomy":"product_tag","embeddable":true,"href":"https:\/\/freizeit-technik.de\/it\/wp-json\/wp\/v2\/product_tag?post=17210"}],"curies":[{"name":"wp","href":"https:\/\/api.w.org\/{rel}","templated":true}]}}