{"id":17392,"date":"2017-06-27T13:26:39","date_gmt":"2017-06-27T11:26:39","guid":{"rendered":"https:\/\/freizeit-technik.de\/shop\/elastiks-expander-di-tipo-2-10-kg\/"},"modified":"2026-05-15T12:05:20","modified_gmt":"2026-05-15T10:05:20","slug":"elastiks-expander-di-tipo-2-10-kg","status":"publish","type":"product","link":"https:\/\/freizeit-technik.de\/it\/shop\/elastiks-expander-di-tipo-2-10-kg\/","title":{"rendered":"Elastiks Expander di tipo 2, 10 kg"},"content":{"rendered":"<p><strong><span class=\"tx-ttproducts-pi1-wrap2\">Per il peso: circa 10 kg (peso del ponticello se usato su entrambi i lati)<br \/>\nColore: nero o nero-giallo<br \/>\nDinamica di salto: +++<br \/>\nDurata: ++++<br \/>\nSicurezza: ++++ <\/span><\/strong><\/p>\n","protected":false},"excerpt":{"rendered":"<p>Corda di gomma da 9 mm con doppio rivestimento nero o nero\/giallo.<br \/>\nIl doppio intreccio, in combinazione con un numero maggiore di fili interni neri e pi\u00f9 sottili, fa s\u00ec che questi elastici abbiano una durata superiore alla media.<br \/>\nIl rivestimento esterno \u00e8 molto allentato. Di conseguenza, si muove in modo relativamente forte durante il funzionamento e a volte si gonfia. Tuttavia, la durata di questi elastici \u00e8 molto buona, poich\u00e9 la guaina esterna fornisce un ulteriore strato protettivo e i fili di lattice interni sono ancora protetti dalla seconda guaina interna, molto morbida. Queste corde elastiche offrono un eccellente rapporto qualit\u00e0-prezzo e sono un&#8217;ottima scelta per gli operatori che non si preoccupano principalmente di una guaina esterna perfettamente aderente.   <\/p>\n<p>Con passanti cuciti (passanti in fettuccia) <u>senza nodi<\/u> alle estremit\u00e0. Un evidente vantaggio in termini di facilit\u00e0 d&#8217;uso, in quanto le corde hanno meno probabilit\u00e0 di impigliarsi l&#8217;una nell&#8217;altra. <\/p>\n<p>Elastik di ogni tipo e dimensione \u00e8 disponibile anche al metro per l&#8217;autoassemblaggio.<\/p>\n","protected":false},"featured_media":17393,"comment_status":"open","ping_status":"closed","template":"","meta":{"_acf_changed":false},"product_brand":[],"product_cat":[235,237],"product_tag":[],"class_list":{"0":"post-17392","1":"product","2":"type-product","3":"status-publish","4":"has-post-thumbnail","6":"product_cat-elastici-e-corde","7":"product_cat-elastici-pronti-per-luso","9":"first","10":"instock","11":"taxable","12":"shipping-taxable","13":"purchasable","14":"product-type-variable"},"acf":[],"_links":{"self":[{"href":"https:\/\/freizeit-technik.de\/it\/wp-json\/wp\/v2\/product\/17392","targetHints":{"allow":["GET"]}}],"collection":[{"href":"https:\/\/freizeit-technik.de\/it\/wp-json\/wp\/v2\/product"}],"about":[{"href":"https:\/\/freizeit-technik.de\/it\/wp-json\/wp\/v2\/types\/product"}],"replies":[{"embeddable":true,"href":"https:\/\/freizeit-technik.de\/it\/wp-json\/wp\/v2\/comments?post=17392"}],"wp:featuredmedia":[{"embeddable":true,"href":"https:\/\/freizeit-technik.de\/it\/wp-json\/wp\/v2\/media\/17393"}],"wp:attachment":[{"href":"https:\/\/freizeit-technik.de\/it\/wp-json\/wp\/v2\/media?parent=17392"}],"wp:term":[{"taxonomy":"product_brand","embeddable":true,"href":"https:\/\/freizeit-technik.de\/it\/wp-json\/wp\/v2\/product_brand?post=17392"},{"taxonomy":"product_cat","embeddable":true,"href":"https:\/\/freizeit-technik.de\/it\/wp-json\/wp\/v2\/product_cat?post=17392"},{"taxonomy":"product_tag","embeddable":true,"href":"https:\/\/freizeit-technik.de\/it\/wp-json\/wp\/v2\/product_tag?post=17392"}],"curies":[{"name":"wp","href":"https:\/\/api.w.org\/{rel}","templated":true}]}}