{"id":17422,"date":"2017-06-28T13:23:50","date_gmt":"2017-06-28T11:23:50","guid":{"rendered":"https:\/\/freizeit-technik.de\/shop\/expander-elastiks-di-tipo-1-15-kg-bianco-e-nero\/"},"modified":"2026-05-15T12:05:27","modified_gmt":"2026-05-15T10:05:27","slug":"expander-elastiks-di-tipo-1-15-kg-bianco-e-nero","status":"publish","type":"product","link":"https:\/\/freizeit-technik.de\/it\/shop\/expander-elastiks-di-tipo-1-15-kg-bianco-e-nero\/","title":{"rendered":"Expander Elastiks di tipo 1, 15 kg, bianco e nero"},"content":{"rendered":"<p><strong><span class=\"tx-ttproducts-pi1-wrap2\">Per il peso: circa 15 kg (peso del ponticello se usato su entrambi i lati)<br \/>\nColore: bianco e nero<br \/>\nDinamica di salto: +++<br \/>\nDurata: +++<br \/>\nSicurezza: ++++<\/span><\/strong><\/p>\n","protected":false},"excerpt":{"rendered":"<p>Corda in gomma da 12 mm con copertura singola bianca e nera. L&#8217;intreccio speciale \u00e8 particolarmente morbido, non si muove quasi mai durante l&#8217;operazione e permette di ottenere buoni valori di allungamento grazie all&#8217;allentamento. Grazie alla copertura singola, questi elastici possono essere offerti a prezzi vantaggiosi.  <\/p>\n<p>Con passanti cuciti (passanti in fettuccia) <u>senza nodi<\/u> alle estremit\u00e0. Un evidente vantaggio in termini di facilit\u00e0 d&#8217;uso, in quanto le corde hanno meno probabilit\u00e0 di impigliarsi l&#8217;una nell&#8217;altra. <\/p>\n<p>Elastik di ogni tipo e dimensione \u00e8 disponibile anche al metro per l&#8217;autoassemblaggio.<\/p>\n","protected":false},"featured_media":17423,"comment_status":"open","ping_status":"closed","template":"","meta":{"_acf_changed":false},"product_brand":[],"product_cat":[235,237],"product_tag":[],"class_list":{"0":"post-17422","1":"product","2":"type-product","3":"status-publish","4":"has-post-thumbnail","6":"product_cat-elastici-e-corde","7":"product_cat-elastici-pronti-per-luso","9":"first","10":"instock","11":"taxable","12":"shipping-taxable","13":"purchasable","14":"product-type-variable"},"acf":[],"_links":{"self":[{"href":"https:\/\/freizeit-technik.de\/it\/wp-json\/wp\/v2\/product\/17422","targetHints":{"allow":["GET"]}}],"collection":[{"href":"https:\/\/freizeit-technik.de\/it\/wp-json\/wp\/v2\/product"}],"about":[{"href":"https:\/\/freizeit-technik.de\/it\/wp-json\/wp\/v2\/types\/product"}],"replies":[{"embeddable":true,"href":"https:\/\/freizeit-technik.de\/it\/wp-json\/wp\/v2\/comments?post=17422"}],"wp:featuredmedia":[{"embeddable":true,"href":"https:\/\/freizeit-technik.de\/it\/wp-json\/wp\/v2\/media\/17423"}],"wp:attachment":[{"href":"https:\/\/freizeit-technik.de\/it\/wp-json\/wp\/v2\/media?parent=17422"}],"wp:term":[{"taxonomy":"product_brand","embeddable":true,"href":"https:\/\/freizeit-technik.de\/it\/wp-json\/wp\/v2\/product_brand?post=17422"},{"taxonomy":"product_cat","embeddable":true,"href":"https:\/\/freizeit-technik.de\/it\/wp-json\/wp\/v2\/product_cat?post=17422"},{"taxonomy":"product_tag","embeddable":true,"href":"https:\/\/freizeit-technik.de\/it\/wp-json\/wp\/v2\/product_tag?post=17422"}],"curies":[{"name":"wp","href":"https:\/\/api.w.org\/{rel}","templated":true}]}}