{"id":17445,"date":"2017-07-18T14:07:23","date_gmt":"2017-07-18T12:07:23","guid":{"rendered":"https:\/\/freizeit-technik.de\/?post_type=product&#038;p=17445"},"modified":"2026-05-15T12:05:36","modified_gmt":"2026-05-15T10:05:36","slug":"elastici-in-lattice-di-tipo-4-25-kg-al-metro-rotoli-da-10-m","status":"publish","type":"product","link":"https:\/\/freizeit-technik.de\/it\/shop\/elastici-in-lattice-di-tipo-4-25-kg-al-metro-rotoli-da-10-m\/","title":{"rendered":"Elastici in lattice di tipo 4, 2,5 kg, al metro, rotoli da 10 m"},"content":{"rendered":"<p><span class=\"tx-ttproducts-pi1-wrap2\"><strong>Per il peso: singolo circa 2,5 kg <\/strong>(peso del ponticello se usato su entrambi i lati)<br \/>\n<strong>Colore: verde<br \/>\nLunghezza del rotolo: 10m<br \/>\nTemperatura minima di esercizio: +5\u00b0C<br \/>\nDinamica di salto: +++++<br \/>\nDurata: ++<br \/>\nSicurezza: +<\/strong><\/span><\/p>\n<p><img loading=\"lazy\" decoding=\"async\" class=\"size-full wp-image-511 alignleft\" src=\"https:\/\/freizeit-technik.de\/wp-content\/uploads\/2017\/03\/Q_asia.jpg\" alt=\"\" width=\"64\" height=\"64\"><\/p>\n","protected":false},"excerpt":{"rendered":"<p><span class=\"tx-ttproducts-pi1-wrap2\">Elastici in lattice di alta qualit\u00e0 con un&#8217;elasticit\u00e0 di circa il 700%, molto omogenei nell&#8217;erogazione della forza per raggiungere le massime altezze di salto.  <\/span><\/p>\n<p><strong>Inserisci il numero di metri di corsa che desideri nel campo dell&#8217;ordine.<\/strong><\/p>\n<p>Per motivi di produzione, i tubi in lattice vengono forniti in rotoli di lunghezza diversa. Cerchiamo di adeguarci il pi\u00f9 possibile alla quantit\u00e0 desiderata, ma possiamo arrotondare la quantit\u00e0 di qualche metro lineare in base alla disponibilit\u00e0. <\/p>\n<p><strong><img loading=\"lazy\" decoding=\"async\" src=\"http:\/\/shop.freizeit-technik.de\/images\/content\/hinweis.jpg\" alt=\"\" width=\"24\" height=\"16\">  Nota importante<\/strong><\/p>\n<p>Tieni presente che al momento dell&#8217;ordine un pezzo corrisponde a un metro di lunghezza della corda.<\/p>\n<hr>\n<p>Anche i prodotti gi\u00e0 pronti non sono coperti dal nostro certificato T\u00dcV!<br \/>\nI tubi in lattice non hanno alcuna protezione aggiuntiva contro gli strappi improvvisi a causa della mancanza di una copertura tessile. Durante il funzionamento, richiedono un&#8217;ispezione costante e completa e devono essere sostituiti immediatamente ai primi segni di usura. <\/p>\n","protected":false},"featured_media":17447,"comment_status":"open","ping_status":"closed","template":"","meta":{"_acf_changed":false},"product_brand":[],"product_cat":[235,238],"product_tag":[],"class_list":{"0":"post-17445","1":"product","2":"type-product","3":"status-publish","4":"has-post-thumbnail","6":"product_cat-elastici-e-corde","7":"product_cat-fai-da-te","9":"first","10":"instock","11":"taxable","12":"shipping-taxable","13":"purchasable","14":"product-type-simple"},"acf":[],"_links":{"self":[{"href":"https:\/\/freizeit-technik.de\/it\/wp-json\/wp\/v2\/product\/17445","targetHints":{"allow":["GET"]}}],"collection":[{"href":"https:\/\/freizeit-technik.de\/it\/wp-json\/wp\/v2\/product"}],"about":[{"href":"https:\/\/freizeit-technik.de\/it\/wp-json\/wp\/v2\/types\/product"}],"replies":[{"embeddable":true,"href":"https:\/\/freizeit-technik.de\/it\/wp-json\/wp\/v2\/comments?post=17445"}],"wp:featuredmedia":[{"embeddable":true,"href":"https:\/\/freizeit-technik.de\/it\/wp-json\/wp\/v2\/media\/17447"}],"wp:attachment":[{"href":"https:\/\/freizeit-technik.de\/it\/wp-json\/wp\/v2\/media?parent=17445"}],"wp:term":[{"taxonomy":"product_brand","embeddable":true,"href":"https:\/\/freizeit-technik.de\/it\/wp-json\/wp\/v2\/product_brand?post=17445"},{"taxonomy":"product_cat","embeddable":true,"href":"https:\/\/freizeit-technik.de\/it\/wp-json\/wp\/v2\/product_cat?post=17445"},{"taxonomy":"product_tag","embeddable":true,"href":"https:\/\/freizeit-technik.de\/it\/wp-json\/wp\/v2\/product_tag?post=17445"}],"curies":[{"name":"wp","href":"https:\/\/api.w.org\/{rel}","templated":true}]}}