{"id":17552,"date":"2017-07-16T14:21:56","date_gmt":"2017-07-16T12:21:56","guid":{"rendered":"https:\/\/freizeit-technik.de\/shop\/elastici-in-lattice-di-tipo-4-10-kg-al-metro\/"},"modified":"2026-05-15T12:06:29","modified_gmt":"2026-05-15T10:06:29","slug":"elastici-in-lattice-di-tipo-4-10-kg-al-metro","status":"publish","type":"product","link":"https:\/\/freizeit-technik.de\/it\/shop\/elastici-in-lattice-di-tipo-4-10-kg-al-metro\/","title":{"rendered":"Elastici in lattice di tipo 4, 10 kg, al metro"},"content":{"rendered":"<div id=\"tab_fragment_1\" class=\"ui-tabs-panel ui-widget-content ui-corner-bottom ui-tabs-hide\"><span class=\"tx-ttproducts-pi1-wrap2\"><strong>Per il peso: singolo circa 10 kg (peso del ponticello se usato su entrambi i lati)<br \/>\nColore: naturale non colorato (beige) o colorato<br \/>\nLunghezza del rotolo: variabile<br \/>\nTemperatura minima di esercizio: +5\u00b0C<br \/>\nDinamica di salto: +++++<br \/>\nDurata: ++<br \/>\nSicurezza: +<\/strong><\/span><\/div>\n<p><span class=\"tx-ttproducts-pi1-wrap2\"><strong> <\/strong><\/span><\/p>\n<p>&nbsp;<\/p>\n","protected":false},"excerpt":{"rendered":"<p>Tubi in lattice al metro per l&#8217;autoassemblaggio. Realizzati in assoluta qualit\u00e0, con una capacit\u00e0 di allungamento di circa il 700% e un&#8217;emissione di forza molto omogenea per raggiungere le massime altezze di salto. <\/p>\n<p><strong><span style=\"color: #000000;\">In alternativa, in colore naturale o<\/span><span style=\"color: #ffcc00;\"><span style=\"color: #ff6600;\"> con rivestimento protettivo colorato<\/span><span style=\"color: #000000;\">.<\/span> <\/span><\/strong>Il rivestimento colorato offre un certo grado di protezione contro le influenze ambientali e facilita l&#8217;individuazione dei danni, in particolare delle microfratture.<\/p>\n<p><span style=\"color: #000000;\"><strong>Spiegazione del menu di selezione &#8220;Qualit\u00e0 e lunghezza&#8221;:<\/strong><\/span><\/p>\n<p><strong>1a <span style=\"color: #000000;\"> opzione: <span style=\"color: #ffcc00;\"><span style=\"color: #ff6600;\">con <\/span><\/span><\/span><span style=\"color: #ff6600;\">strato protettivo colorato<\/span><span style=\"color: #000000;\">, lunghezza 20m, 40m, 60m ecc. (prezzo pi\u00f9 vantaggioso)<\/span><br \/>\n<\/strong>Inserisci un valore che sia divisibile per 20. Questa qualit\u00e0 \u00e8 sempre disponibile al metro in rotoli da 20 m esatti. Riceverai quindi almeno uno o pi\u00f9 rotoli interi da 20 metri.<br \/>\n<strong>Esempio:<\/strong> &#8220;100&#8221;. Riceverai 5 rotoli interi della lunghezza esatta di 20 metri. <\/p>\n<p><strong>2a <span style=\"color: #ffcc00;\"> <span style=\"color: #000000;\">opzione: <\/span> <span style=\"color: #ff6600;\">con strato protettivo colorato<\/span><\/span><span style=\"color: #000000;\">, quantit\u00e0 desiderata diversa (sovrapprezzo)<\/span><br \/>\n<\/strong>Inserisci un valore non divisibile per 20.<br \/>\n<strong>Esempio:<\/strong> &#8220;36&#8221;. Riceverai esattamente 20m + 16m. Questo comporta un lavoro aggiuntivo, uno spreco e quindi un sovrapprezzo.  <\/p>\n<p><strong>3a <span style=\"color: #000000;\">opzione: colore naturale, approssimativamente questa quantit\u00e0, tende ad arrotondare<\/span><br \/>\n<\/strong>Questa qualit\u00e0 \u00e8 sempre prodotta al metro in diverse lunghezze da circa 29m a 39m.<br \/>\nSeleziona la lunghezza desiderata. Cerchiamo i rotoli adatti che corrispondano il pi\u00f9 possibile alla tua lunghezza totale, ma che <strong>tendano a<\/strong> rimanere <strong>al di sotto del tuo valore target = arrotondamento per difetto.<br \/>\n<\/strong><strong>Esempio:<\/strong> inserisci &#8220;100&#8221;. Ti forniremo 96 m in 31 m + 33 m + 32 m (3 rotoli interi).<br \/>\nTi confermeremo la quantit\u00e0 assemblata dopo l&#8217;ordine prima della spedizione.  <\/p>\n<p><strong> <\/strong><strong>4a <span style=\"color: #000000;\">opzione: colori naturali, circa questa quantit\u00e0, tendono ad arrotondare per eccesso<\/span><br \/>\n<\/strong>Seleziona la quantit\u00e0 desiderata. Cerchiamo dei rotoli adatti che corrispondano il pi\u00f9 possibile alla tua lunghezza totale, ma <strong>tendiamo<\/strong> a rimanere <strong>al di sopra del tuo valore target = arrotondiamo per eccesso<\/strong>.<br \/>\n<strong>Esempio:<\/strong> ordini 100 m. Mettiamo insieme 124m in 31m + 33m + 29m + 31m (4 rotoli interi). <\/p>\n<p>Confermeremo poi la quantit\u00e0 messa insieme per te dopo l&#8217;ordine prima della spedizione.<\/p>\n<p><strong> <\/strong><strong>5a <span style=\"color: #000000;\">opzione: colore naturale, esattamente in questa quantit\u00e0 (supplemento)<\/span><br \/>\n<\/strong> Se hai bisogno di una lunghezza totale molto specifica, che ci indichi esattamente. Allora scegli questa quinta opzione.<br \/>\n<strong>Esempio:<\/strong> ordini 100 m. Riceverai 100m in 31m + 33m + 29m + 7m (rotolo tagliato). <\/p>\n<p><span style=\"color: #000000;\">Inserisci<strong> il numero di metri di corsa desiderato <\/strong>nel campo libero e<strong> poi seleziona una variante<\/strong>.<\/span><\/p>\n<p><strong>Nota importante:<br \/>\n<\/strong>Entrambi i tubi in lattice non hanno una protezione aggiuntiva contro gli strappi improvvisi a causa della mancanza di una copertura tessile. Durante il funzionamento, devono essere controllati costantemente e devono essere sostituiti immediatamente ai primi segni di usura. <\/p>\n<p>In questo contesto, tieni presente anche i tempi massimi di utilizzo autorizzati.<\/p>\n","protected":false},"featured_media":17567,"comment_status":"open","ping_status":"closed","template":"","meta":{"_acf_changed":false},"product_brand":[],"product_cat":[235,238],"product_tag":[],"class_list":{"0":"post-17552","1":"product","2":"type-product","3":"status-publish","4":"has-post-thumbnail","6":"product_cat-elastici-e-corde","7":"product_cat-fai-da-te","9":"first","10":"instock","11":"taxable","12":"shipping-taxable","13":"purchasable","14":"product-type-variable"},"acf":[],"_links":{"self":[{"href":"https:\/\/freizeit-technik.de\/it\/wp-json\/wp\/v2\/product\/17552","targetHints":{"allow":["GET"]}}],"collection":[{"href":"https:\/\/freizeit-technik.de\/it\/wp-json\/wp\/v2\/product"}],"about":[{"href":"https:\/\/freizeit-technik.de\/it\/wp-json\/wp\/v2\/types\/product"}],"replies":[{"embeddable":true,"href":"https:\/\/freizeit-technik.de\/it\/wp-json\/wp\/v2\/comments?post=17552"}],"wp:featuredmedia":[{"embeddable":true,"href":"https:\/\/freizeit-technik.de\/it\/wp-json\/wp\/v2\/media\/17567"}],"wp:attachment":[{"href":"https:\/\/freizeit-technik.de\/it\/wp-json\/wp\/v2\/media?parent=17552"}],"wp:term":[{"taxonomy":"product_brand","embeddable":true,"href":"https:\/\/freizeit-technik.de\/it\/wp-json\/wp\/v2\/product_brand?post=17552"},{"taxonomy":"product_cat","embeddable":true,"href":"https:\/\/freizeit-technik.de\/it\/wp-json\/wp\/v2\/product_cat?post=17552"},{"taxonomy":"product_tag","embeddable":true,"href":"https:\/\/freizeit-technik.de\/it\/wp-json\/wp\/v2\/product_tag?post=17552"}],"curies":[{"name":"wp","href":"https:\/\/api.w.org\/{rel}","templated":true}]}}