{"id":17700,"date":"2017-06-14T13:00:20","date_gmt":"2017-06-14T11:00:20","guid":{"rendered":"https:\/\/freizeit-technik.de\/shop\/loops-in-lattice-di-tipo-4-10-kg\/"},"modified":"2026-05-15T15:46:59","modified_gmt":"2026-05-15T13:46:59","slug":"loops-in-lattice-di-tipo-4-10-kg","status":"publish","type":"product","link":"https:\/\/freizeit-technik.de\/it\/shop\/loops-in-lattice-di-tipo-4-10-kg\/","title":{"rendered":"Loops in lattice di tipo 4, 10 kg"},"content":{"rendered":"<p><strong><span class=\"tx-ttproducts-pi1-wrap2\">Per il peso: circa 10 kg (peso del ponticello se usato su entrambi i lati)<br \/>\nColore: colorato<br \/>\nTemperatura minima di funzionamento: +5\u00b0C<br \/>\nDinamica di salto: +++++<br \/>\nDurata: ++<br \/>\nSicurezza: +<\/span><\/strong><\/p>\n<p>&nbsp;<\/p>\n<p>&nbsp;<\/p>\n","protected":false},"excerpt":{"rendered":"<p>Anelli in lattice gi\u00e0 pronti per il fissaggio diretto a un moschettone Realizzato in assoluta qualit\u00e0 con un&#8217;elasticit\u00e0 di circa il 700%, un&#8217;emissione di forza molto omogenea per le massime altezze di salto.<\/p>\n<p><strong>Autoproduzione e personalizzazione:<br \/>\n<\/strong>Elastik di tutti i tipi e dimensioni sono disponibili anche al metro per prodotti autoprodotti. Se la lunghezza desiderata non \u00e8 presente nell&#8217;elenco, contattaci. Produciamo nelle dimensioni che desideri!  <\/p>\n<p><strong>Nota importante:<\/strong>i tubi in lattice di <strong><br \/>\n non hanno una protezione aggiuntiva contro gli strappi improvvisi a causa della mancanza di una copertura tessile. Durante il funzionamento, devono essere controllati in modo costante e continuo e devono essere sostituiti immediatamente se compaiono i primi segni di usura.<\/strong> <\/p>\n<p>In questo contesto, tieni presente anche i tempi massimi di utilizzo autorizzati.<\/p>\n","protected":false},"featured_media":17714,"comment_status":"open","ping_status":"closed","template":"","meta":{"_acf_changed":false},"product_brand":[],"product_cat":[235,237],"product_tag":[],"class_list":{"0":"post-17700","1":"product","2":"type-product","3":"status-publish","4":"has-post-thumbnail","6":"product_cat-elastici-e-corde","7":"product_cat-elastici-pronti-per-luso","9":"first","10":"instock","11":"taxable","12":"shipping-taxable","13":"purchasable","14":"product-type-variable"},"acf":[],"_links":{"self":[{"href":"https:\/\/freizeit-technik.de\/it\/wp-json\/wp\/v2\/product\/17700","targetHints":{"allow":["GET"]}}],"collection":[{"href":"https:\/\/freizeit-technik.de\/it\/wp-json\/wp\/v2\/product"}],"about":[{"href":"https:\/\/freizeit-technik.de\/it\/wp-json\/wp\/v2\/types\/product"}],"replies":[{"embeddable":true,"href":"https:\/\/freizeit-technik.de\/it\/wp-json\/wp\/v2\/comments?post=17700"}],"wp:featuredmedia":[{"embeddable":true,"href":"https:\/\/freizeit-technik.de\/it\/wp-json\/wp\/v2\/media\/17714"}],"wp:attachment":[{"href":"https:\/\/freizeit-technik.de\/it\/wp-json\/wp\/v2\/media?parent=17700"}],"wp:term":[{"taxonomy":"product_brand","embeddable":true,"href":"https:\/\/freizeit-technik.de\/it\/wp-json\/wp\/v2\/product_brand?post=17700"},{"taxonomy":"product_cat","embeddable":true,"href":"https:\/\/freizeit-technik.de\/it\/wp-json\/wp\/v2\/product_cat?post=17700"},{"taxonomy":"product_tag","embeddable":true,"href":"https:\/\/freizeit-technik.de\/it\/wp-json\/wp\/v2\/product_tag?post=17700"}],"curies":[{"name":"wp","href":"https:\/\/api.w.org\/{rel}","templated":true}]}}