{"id":18043,"date":"2017-06-13T13:04:23","date_gmt":"2017-06-13T11:04:23","guid":{"rendered":"https:\/\/freizeit-technik.de\/shop\/loops-in-lattice-di-tipo-4-20-kg\/"},"modified":"2026-05-15T15:48:41","modified_gmt":"2026-05-15T13:48:41","slug":"loops-in-lattice-di-tipo-4-20-kg","status":"publish","type":"product","link":"https:\/\/freizeit-technik.de\/it\/shop\/loops-in-lattice-di-tipo-4-20-kg\/","title":{"rendered":"Loops in lattice di tipo 4, 20 kg"},"content":{"rendered":"<p class=\"bodytext\"><span class=\"tx-ttproducts-pi1-wrap2\"><strong>Circa 20 kg (peso del ponticello se usato su entrambi i lati)<br \/>\nColore: colorato<br \/>\nTemperatura minima di funzionamento: +5\u00b0C<br \/>\nDinamica di salto: +++++<br \/>\nDurata: ++<br \/>\nSicurezza: +<\/strong><\/span><\/p>\n<p>&nbsp;<\/p>\n","protected":false},"excerpt":{"rendered":"<p>Anelli in lattice gi\u00e0 pronti per il fissaggio diretto a un moschettone. Realizzato in assoluta qualit\u00e0 con una capacit\u00e0 di allungamento di circa il 700%, molto omogeneo nell&#8217;emissione di forza per le massime altezze di salto. <\/p>\n<p><strong>Autoproduzione e personalizzazione:<br \/>\n<\/strong>Elastik di tutti i tipi e dimensioni sono disponibili anche al metro per prodotti autoprodotti. Se la lunghezza desiderata non \u00e8 presente nell&#8217;elenco, contattaci. Produciamo nelle dimensioni che desideri!  <\/p>\n<p><strong>Nota importante:<\/strong>i tubi in lattice di <strong><br \/>\n non hanno una protezione aggiuntiva contro gli strappi improvvisi a causa della mancanza di una copertura tessile. Durante il funzionamento, devono essere controllati in modo costante e continuo e devono essere sostituiti immediatamente se compaiono i primi segni di usura.<\/strong> <\/p>\n<p>In questo contesto, tieni presente anche i tempi massimi di utilizzo autorizzati.<\/p>\n","protected":false},"featured_media":18047,"comment_status":"open","ping_status":"closed","template":"","meta":{"_acf_changed":false},"product_brand":[],"product_cat":[235,237],"product_tag":[],"class_list":{"0":"post-18043","1":"product","2":"type-product","3":"status-publish","4":"has-post-thumbnail","6":"product_cat-elastici-e-corde","7":"product_cat-elastici-pronti-per-luso","9":"first","10":"instock","11":"taxable","12":"shipping-taxable","13":"purchasable","14":"product-type-variable"},"acf":[],"_links":{"self":[{"href":"https:\/\/freizeit-technik.de\/it\/wp-json\/wp\/v2\/product\/18043","targetHints":{"allow":["GET"]}}],"collection":[{"href":"https:\/\/freizeit-technik.de\/it\/wp-json\/wp\/v2\/product"}],"about":[{"href":"https:\/\/freizeit-technik.de\/it\/wp-json\/wp\/v2\/types\/product"}],"replies":[{"embeddable":true,"href":"https:\/\/freizeit-technik.de\/it\/wp-json\/wp\/v2\/comments?post=18043"}],"wp:featuredmedia":[{"embeddable":true,"href":"https:\/\/freizeit-technik.de\/it\/wp-json\/wp\/v2\/media\/18047"}],"wp:attachment":[{"href":"https:\/\/freizeit-technik.de\/it\/wp-json\/wp\/v2\/media?parent=18043"}],"wp:term":[{"taxonomy":"product_brand","embeddable":true,"href":"https:\/\/freizeit-technik.de\/it\/wp-json\/wp\/v2\/product_brand?post=18043"},{"taxonomy":"product_cat","embeddable":true,"href":"https:\/\/freizeit-technik.de\/it\/wp-json\/wp\/v2\/product_cat?post=18043"},{"taxonomy":"product_tag","embeddable":true,"href":"https:\/\/freizeit-technik.de\/it\/wp-json\/wp\/v2\/product_tag?post=18043"}],"curies":[{"name":"wp","href":"https:\/\/api.w.org\/{rel}","templated":true}]}}