{"id":18340,"date":"2017-06-22T13:48:41","date_gmt":"2017-06-22T11:48:41","guid":{"rendered":"https:\/\/freizeit-technik.de\/shop\/tipo-5-in-lattice-intrecciato-10-kg-nero-arancio\/"},"modified":"2026-05-15T15:49:41","modified_gmt":"2026-05-15T13:49:41","slug":"tipo-5-in-lattice-intrecciato-10-kg-nero-arancio","status":"publish","type":"product","link":"https:\/\/freizeit-technik.de\/it\/shop\/tipo-5-in-lattice-intrecciato-10-kg-nero-arancio\/","title":{"rendered":"Tipo 5 in lattice intrecciato, 10 kg, nero-arancio"},"content":{"rendered":"<div id=\"tab_fragment_1\" class=\"ui-tabs-panel ui-widget-content ui-corner-bottom ui-tabs-hide\">\n<div id=\"tab_fragment_1\" class=\"ui-tabs-panel ui-widget-content ui-corner-bottom ui-tabs-hide\"><strong>Per il peso:  <\/strong><span class=\"tx-ttproducts-pi1-wrap2\"><strong>Circa 10 kg (peso del ponticello se usato su entrambi i lati)<br \/>\nColore: nero-arancio<br \/>\nDinamica di salto: +++++<br \/>\nDurata: ++<br \/>\nSicurezza: ++++  <\/strong><\/span><\/div>\n<p>&nbsp;<\/p>\n<\/div>\n","protected":false},"excerpt":{"rendered":"<p><strong>Sicuro come le corde in gomma espansa e <span style=\"color: #ff6600;\">dinamico come gli elastici in lattice nudo<\/span>!<\/strong><\/p>\n<p>Questi elastici sono una buona scelta per gli operatori per i quali l&#8217;altezza di salto raggiungibile \u00e8 particolarmente importante, ma che vogliono praticamente escludere la rottura della corda. Il materiale interno di queste corde elastiche sviluppate da noi \u00e8 costituito da tubi di pura gomma naturale. Il risultato del salto \u00e8 assolutamente convincente.   Queste corde di gomma possono strapparsi solo all&#8217;interno; la copertura impedisce che si strappino completamente quando si raggiunge il limite di usura.<\/p>\n<p><strong>Il nostro consiglio:<\/strong> combina questa corda elastica di tipo 5 per le classi di peso inferiori a 5 kg e 10 kg con elastici di tipo 1, 2 o 3 per la versione da 15 kg o 20 kg.<\/p>\n<p>Con passanti cuciti (passanti in fettuccia) <u>senza nodi<\/u> alle estremit\u00e0. Un evidente vantaggio in termini di facilit\u00e0 d&#8217;uso, in quanto le corde hanno meno probabilit\u00e0 di impigliarsi l&#8217;una nell&#8217;altra. <\/p>\n<p>Elastik di ogni tipo e dimensione \u00e8 disponibile anche al metro per l&#8217;autoassemblaggio.<\/p>\n","protected":false},"featured_media":18341,"comment_status":"open","ping_status":"closed","template":"","meta":{"_acf_changed":false},"product_brand":[],"product_cat":[235,237],"product_tag":[],"class_list":{"0":"post-18340","1":"product","2":"type-product","3":"status-publish","4":"has-post-thumbnail","6":"product_cat-elastici-e-corde","7":"product_cat-elastici-pronti-per-luso","9":"first","10":"instock","11":"taxable","12":"shipping-taxable","13":"purchasable","14":"product-type-variable"},"acf":[],"_links":{"self":[{"href":"https:\/\/freizeit-technik.de\/it\/wp-json\/wp\/v2\/product\/18340","targetHints":{"allow":["GET"]}}],"collection":[{"href":"https:\/\/freizeit-technik.de\/it\/wp-json\/wp\/v2\/product"}],"about":[{"href":"https:\/\/freizeit-technik.de\/it\/wp-json\/wp\/v2\/types\/product"}],"replies":[{"embeddable":true,"href":"https:\/\/freizeit-technik.de\/it\/wp-json\/wp\/v2\/comments?post=18340"}],"wp:featuredmedia":[{"embeddable":true,"href":"https:\/\/freizeit-technik.de\/it\/wp-json\/wp\/v2\/media\/18341"}],"wp:attachment":[{"href":"https:\/\/freizeit-technik.de\/it\/wp-json\/wp\/v2\/media?parent=18340"}],"wp:term":[{"taxonomy":"product_brand","embeddable":true,"href":"https:\/\/freizeit-technik.de\/it\/wp-json\/wp\/v2\/product_brand?post=18340"},{"taxonomy":"product_cat","embeddable":true,"href":"https:\/\/freizeit-technik.de\/it\/wp-json\/wp\/v2\/product_cat?post=18340"},{"taxonomy":"product_tag","embeddable":true,"href":"https:\/\/freizeit-technik.de\/it\/wp-json\/wp\/v2\/product_tag?post=18340"}],"curies":[{"name":"wp","href":"https:\/\/api.w.org\/{rel}","templated":true}]}}