{"id":18391,"date":"2017-06-24T13:40:30","date_gmt":"2017-06-24T11:40:30","guid":{"rendered":"https:\/\/freizeit-technik.de\/shop\/elastik-di-tipo-3-20-kg-verde-blu\/"},"modified":"2026-05-15T15:49:55","modified_gmt":"2026-05-15T13:49:55","slug":"elastik-di-tipo-3-20-kg-verde-blu","status":"publish","type":"product","link":"https:\/\/freizeit-technik.de\/it\/shop\/elastik-di-tipo-3-20-kg-verde-blu\/","title":{"rendered":"Elastik di tipo 3, 20 kg, verde-blu"},"content":{"rendered":"<p><strong><span class=\"tx-ttproducts-pi1-wrap2\">Per il peso: circa 20 kg (peso del ponticello se usato su entrambi i lati)<br \/>\nColore: verde-blu<br \/>\nDinamica di salto: +++<br \/>\nDurata: ++++<br \/>\nSicurezza: ++++<\/span><\/strong><\/p>\n","protected":false},"excerpt":{"rendered":"<p>Corda in gomma da 12 mm con speciale copertura verde-blu. La doppia treccia \u00e8 estensibile nel secondo strato e quindi non si muove quasi per niente. Ci\u00f2 si traduce in una durata di vita paragonabile a quella degli elastici di tipo 2. Tuttavia, gli elastici di tipo 3 hanno un aspetto impeccabile molto pi\u00f9 a lungo.   <\/p>\n<p>Con passanti cuciti (passanti in fettuccia) <u>senza nodi<\/u> alle estremit\u00e0. Un evidente vantaggio in termini di facilit\u00e0 d&#8217;uso, in quanto le corde hanno meno probabilit\u00e0 di impigliarsi l&#8217;una nell&#8217;altra. <\/p>\n<p>Elastik di ogni tipo e dimensione \u00e8 disponibile anche al metro per l&#8217;autoassemblaggio.<\/p>\n","protected":false},"featured_media":18411,"comment_status":"open","ping_status":"closed","template":"","meta":{"_acf_changed":false},"product_brand":[],"product_cat":[235,237],"product_tag":[],"class_list":{"0":"post-18391","1":"product","2":"type-product","3":"status-publish","4":"has-post-thumbnail","6":"product_cat-elastici-e-corde","7":"product_cat-elastici-pronti-per-luso","9":"first","10":"instock","11":"taxable","12":"shipping-taxable","13":"purchasable","14":"product-type-variable"},"acf":[],"_links":{"self":[{"href":"https:\/\/freizeit-technik.de\/it\/wp-json\/wp\/v2\/product\/18391","targetHints":{"allow":["GET"]}}],"collection":[{"href":"https:\/\/freizeit-technik.de\/it\/wp-json\/wp\/v2\/product"}],"about":[{"href":"https:\/\/freizeit-technik.de\/it\/wp-json\/wp\/v2\/types\/product"}],"replies":[{"embeddable":true,"href":"https:\/\/freizeit-technik.de\/it\/wp-json\/wp\/v2\/comments?post=18391"}],"wp:featuredmedia":[{"embeddable":true,"href":"https:\/\/freizeit-technik.de\/it\/wp-json\/wp\/v2\/media\/18411"}],"wp:attachment":[{"href":"https:\/\/freizeit-technik.de\/it\/wp-json\/wp\/v2\/media?parent=18391"}],"wp:term":[{"taxonomy":"product_brand","embeddable":true,"href":"https:\/\/freizeit-technik.de\/it\/wp-json\/wp\/v2\/product_brand?post=18391"},{"taxonomy":"product_cat","embeddable":true,"href":"https:\/\/freizeit-technik.de\/it\/wp-json\/wp\/v2\/product_cat?post=18391"},{"taxonomy":"product_tag","embeddable":true,"href":"https:\/\/freizeit-technik.de\/it\/wp-json\/wp\/v2\/product_tag?post=18391"}],"curies":[{"name":"wp","href":"https:\/\/api.w.org\/{rel}","templated":true}]}}