{"id":18466,"date":"2017-06-25T13:37:03","date_gmt":"2017-06-25T11:37:03","guid":{"rendered":"https:\/\/freizeit-technik.de\/shop\/elastik-di-tipo-3-10-kg-blu-verde\/"},"modified":"2026-05-15T15:50:20","modified_gmt":"2026-05-15T13:50:20","slug":"elastik-di-tipo-3-10-kg-blu-verde","status":"publish","type":"product","link":"https:\/\/freizeit-technik.de\/it\/shop\/elastik-di-tipo-3-10-kg-blu-verde\/","title":{"rendered":"Elastik di tipo 3, 10 kg, blu-verde"},"content":{"rendered":"<p><strong><span class=\"tx-ttproducts-pi1-wrap2\">Per il peso: circa 10 kg (peso del ponticello se usato su entrambi i lati)<br \/>\nColore: blu-verde<br \/>\nDinamica di salto: +++<br \/>\nDurata: ++++<br \/>\nSicurezza: ++++<\/span><\/strong><\/p>\n","protected":false},"excerpt":{"rendered":"<p>Corda di gomma da 9 mm con una speciale copertura blu-verde. Il doppio intreccio \u00e8 elastico nel secondo strato e quindi non si muove quasi per niente. La durata \u00e8 paragonabile a quella degli elastici di &#8220;Tipo 2&#8221;. Tuttavia, gli elastici di &#8220;Tipo 3&#8221; hanno un aspetto impeccabile molto pi\u00f9 a lungo.   <\/p>\n<p>Con passanti cuciti (passanti in fettuccia) <u>senza nodi<\/u> alle estremit\u00e0. Un evidente vantaggio in termini di facilit\u00e0 d&#8217;uso, in quanto le corde hanno meno probabilit\u00e0 di impigliarsi l&#8217;una nell&#8217;altra. <\/p>\n<p>Elastik di ogni tipo e dimensione \u00e8 disponibile anche al metro per l&#8217;autoassemblaggio.<\/p>\n","protected":false},"featured_media":18467,"comment_status":"open","ping_status":"closed","template":"","meta":{"_acf_changed":false},"product_brand":[],"product_cat":[235,237],"product_tag":[],"class_list":{"0":"post-18466","1":"product","2":"type-product","3":"status-publish","4":"has-post-thumbnail","6":"product_cat-elastici-e-corde","7":"product_cat-elastici-pronti-per-luso","9":"first","10":"instock","11":"taxable","12":"shipping-taxable","13":"purchasable","14":"product-type-variable"},"acf":[],"_links":{"self":[{"href":"https:\/\/freizeit-technik.de\/it\/wp-json\/wp\/v2\/product\/18466","targetHints":{"allow":["GET"]}}],"collection":[{"href":"https:\/\/freizeit-technik.de\/it\/wp-json\/wp\/v2\/product"}],"about":[{"href":"https:\/\/freizeit-technik.de\/it\/wp-json\/wp\/v2\/types\/product"}],"replies":[{"embeddable":true,"href":"https:\/\/freizeit-technik.de\/it\/wp-json\/wp\/v2\/comments?post=18466"}],"wp:featuredmedia":[{"embeddable":true,"href":"https:\/\/freizeit-technik.de\/it\/wp-json\/wp\/v2\/media\/18467"}],"wp:attachment":[{"href":"https:\/\/freizeit-technik.de\/it\/wp-json\/wp\/v2\/media?parent=18466"}],"wp:term":[{"taxonomy":"product_brand","embeddable":true,"href":"https:\/\/freizeit-technik.de\/it\/wp-json\/wp\/v2\/product_brand?post=18466"},{"taxonomy":"product_cat","embeddable":true,"href":"https:\/\/freizeit-technik.de\/it\/wp-json\/wp\/v2\/product_cat?post=18466"},{"taxonomy":"product_tag","embeddable":true,"href":"https:\/\/freizeit-technik.de\/it\/wp-json\/wp\/v2\/product_tag?post=18466"}],"curies":[{"name":"wp","href":"https:\/\/api.w.org\/{rel}","templated":true}]}}