{"id":18564,"date":"2017-03-07T17:25:38","date_gmt":"2017-03-07T16:25:38","guid":{"rendered":"https:\/\/freizeit-technik.de\/shop\/corda-di-gomma-per-corsa-bungee-per-circa-10-kg-di-peso-corporeo-4-m-di-lunghezza\/"},"modified":"2026-05-15T21:12:52","modified_gmt":"2026-05-15T19:12:52","slug":"corda-di-gomma-per-corsa-bungee-per-circa-10-kg-di-peso-corporeo-4-m-di-lunghezza","status":"publish","type":"product","link":"https:\/\/freizeit-technik.de\/it\/shop\/corda-di-gomma-per-corsa-bungee-per-circa-10-kg-di-peso-corporeo-4-m-di-lunghezza\/","title":{"rendered":"Corda di gomma per corsa bungee per circa 10 kg di peso corporeo &#8211; 4 m di lunghezza"},"content":{"rendered":"","protected":false},"excerpt":{"rendered":"<p>I nostri elastici di tipo 1 sono ideali per essere utilizzati nel modulo per eventi &#8220;bungee run&#8221;. Le corde elastiche sono rifinite con estremit\u00e0 cucite di alta qualit\u00e0 per una lunghezza totale di 4 metri. L&#8217;allungamento massimo \u00e8 di 11 metri. Una corda elastica da 10 mm &#8220;Tipo 1&#8221; deve essere utilizzata sul modulo bungee run per un peso corporeo di circa 10 kg, a seconda della forma fisica individuale. Le corde elastiche possono essere fissate con un moschettone e regolate a seconda delle esigenze.    <\/p>\n<p>Su richiesta, possiamo produrre per te anche corde bungee in gomma in tutte le altre qualit\u00e0, diametri e lunghezze.<\/p>\n<p><u><strong>Attenzione!  <\/strong><\/u><br \/>\nPer il bungee run si devono sempre utilizzare almeno 2 corde di gomma intatte!<\/p>\n","protected":false},"featured_media":17306,"comment_status":"open","ping_status":"closed","template":"","meta":{"_acf_changed":false},"product_brand":[],"product_cat":[396],"product_tag":[],"class_list":{"0":"post-18564","1":"product","2":"type-product","3":"status-publish","4":"has-post-thumbnail","6":"product_cat-pista-bungee","8":"first","9":"instock","10":"taxable","11":"shipping-taxable","12":"purchasable","13":"product-type-simple"},"acf":[],"_links":{"self":[{"href":"https:\/\/freizeit-technik.de\/it\/wp-json\/wp\/v2\/product\/18564","targetHints":{"allow":["GET"]}}],"collection":[{"href":"https:\/\/freizeit-technik.de\/it\/wp-json\/wp\/v2\/product"}],"about":[{"href":"https:\/\/freizeit-technik.de\/it\/wp-json\/wp\/v2\/types\/product"}],"replies":[{"embeddable":true,"href":"https:\/\/freizeit-technik.de\/it\/wp-json\/wp\/v2\/comments?post=18564"}],"wp:featuredmedia":[{"embeddable":true,"href":"https:\/\/freizeit-technik.de\/it\/wp-json\/wp\/v2\/media\/17306"}],"wp:attachment":[{"href":"https:\/\/freizeit-technik.de\/it\/wp-json\/wp\/v2\/media?parent=18564"}],"wp:term":[{"taxonomy":"product_brand","embeddable":true,"href":"https:\/\/freizeit-technik.de\/it\/wp-json\/wp\/v2\/product_brand?post=18564"},{"taxonomy":"product_cat","embeddable":true,"href":"https:\/\/freizeit-technik.de\/it\/wp-json\/wp\/v2\/product_cat?post=18564"},{"taxonomy":"product_tag","embeddable":true,"href":"https:\/\/freizeit-technik.de\/it\/wp-json\/wp\/v2\/product_tag?post=18564"}],"curies":[{"name":"wp","href":"https:\/\/api.w.org\/{rel}","templated":true}]}}