{"id":18692,"date":"2017-04-10T15:09:31","date_gmt":"2017-04-10T13:09:31","guid":{"rendered":"https:\/\/freizeit-technik.de\/shop\/passanti-per-nastri-intrecciati-cuciti\/"},"modified":"2026-05-15T21:15:13","modified_gmt":"2026-05-15T19:15:13","slug":"passanti-per-nastri-intrecciati-cuciti","status":"publish","type":"product","link":"https:\/\/freizeit-technik.de\/it\/shop\/passanti-per-nastri-intrecciati-cuciti\/","title":{"rendered":"Passanti per nastri intrecciati cuciti"},"content":{"rendered":"<p><b>Adatto per l&#8217;uso su corde di gomma e tubi in lattice nudi.<br \/>\nCirconferenza: 36cm<br \/>\nLunghezza: 18cm<\/b><\/p>\n<p><img loading=\"lazy\" decoding=\"async\" class=\"alignnone size-full wp-image-682\" src=\"https:\/\/freizeit-technik.de\/wp-content\/uploads\/2017\/03\/Q_deutschland-1.gif\" alt=\"\" width=\"64\" height=\"64\"><img loading=\"lazy\" decoding=\"async\" class=\"alignnone size-full wp-image-694\" src=\"https:\/\/freizeit-technik.de\/wp-content\/uploads\/2017\/03\/premium_line.gif\" alt=\"\" width=\"119\" height=\"64\"><img loading=\"lazy\" decoding=\"async\" class=\"alignnone size-full wp-image-448\" src=\"https:\/\/freizeit-technik.de\/wp-content\/uploads\/2017\/02\/exclusively_JS.gif\" alt=\"\" width=\"119\" height=\"64\"><\/p>\n","protected":false},"excerpt":{"rendered":"<p>Questo nuovo prodotto offre all&#8217;utente diversi vantaggi. I nostri passanti larghi in poliestere sono completamente cuciti e hanno un carico di rottura molto elevato. Risparmiati l&#8217;annodamento aggiuntivo delle estremit\u00e0 della fettuccia!<br \/>\nLa corda pronta \u00e8 priva di nodi. Un notevole vantaggio in termini di facilit\u00e0 d&#8217;uso, poich\u00e9 le corde hanno meno probabilit\u00e0 di impigliarsi l&#8217;una nell&#8217;altra. Tienila corta per ottenere la massima elasticit\u00e0 delle corde di gomma del tuo trampolino bungee!  <b><\/b><\/p>\n<p>Adatto per l&#8217;uso su corde di gomma espansa e tubi in lattice nudi.<\/p>\n","protected":false},"featured_media":18695,"comment_status":"open","ping_status":"closed","template":"","meta":{"_acf_changed":false},"product_brand":[],"product_cat":[235,238],"product_tag":[],"class_list":{"0":"post-18692","1":"product","2":"type-product","3":"status-publish","4":"has-post-thumbnail","6":"product_cat-elastici-e-corde","7":"product_cat-fai-da-te","9":"first","10":"instock","11":"taxable","12":"shipping-taxable","13":"purchasable","14":"product-type-simple"},"acf":[],"_links":{"self":[{"href":"https:\/\/freizeit-technik.de\/it\/wp-json\/wp\/v2\/product\/18692","targetHints":{"allow":["GET"]}}],"collection":[{"href":"https:\/\/freizeit-technik.de\/it\/wp-json\/wp\/v2\/product"}],"about":[{"href":"https:\/\/freizeit-technik.de\/it\/wp-json\/wp\/v2\/types\/product"}],"replies":[{"embeddable":true,"href":"https:\/\/freizeit-technik.de\/it\/wp-json\/wp\/v2\/comments?post=18692"}],"wp:featuredmedia":[{"embeddable":true,"href":"https:\/\/freizeit-technik.de\/it\/wp-json\/wp\/v2\/media\/18695"}],"wp:attachment":[{"href":"https:\/\/freizeit-technik.de\/it\/wp-json\/wp\/v2\/media?parent=18692"}],"wp:term":[{"taxonomy":"product_brand","embeddable":true,"href":"https:\/\/freizeit-technik.de\/it\/wp-json\/wp\/v2\/product_brand?post=18692"},{"taxonomy":"product_cat","embeddable":true,"href":"https:\/\/freizeit-technik.de\/it\/wp-json\/wp\/v2\/product_cat?post=18692"},{"taxonomy":"product_tag","embeddable":true,"href":"https:\/\/freizeit-technik.de\/it\/wp-json\/wp\/v2\/product_tag?post=18692"}],"curies":[{"name":"wp","href":"https:\/\/api.w.org\/{rel}","templated":true}]}}