{"id":17430,"date":"2017-07-18T14:07:23","date_gmt":"2017-07-18T12:07:23","guid":{"rendered":"https:\/\/freizeit-technik.de\/?post_type=product&#038;p=17430"},"modified":"2026-05-15T12:05:28","modified_gmt":"2026-05-15T10:05:28","slug":"latex-elastiek-type-4-25-kg-per-meter-rollen-van-10-m","status":"publish","type":"product","link":"https:\/\/freizeit-technik.de\/nl\/shop\/latex-elastiek-type-4-25-kg-per-meter-rollen-van-10-m\/","title":{"rendered":"Latex elastiek type 4, 2,5 kg, per meter, rollen van 10 m"},"content":{"rendered":"<p><span class=\"tx-ttproducts-pi1-wrap2\"><strong>Voor gewicht: enkel ca. 2,5 kg <\/strong>(springgewicht bij gebruik aan beide zijden)<br \/>\n<strong>Kleur: groen<br \/>\nRollengte: 10m<br \/>\nMinimale gebruikstemperatuur: +5\u00b0C<br \/>\nSpringdynamiek: +++++<br \/>\nDuurzaamheid: ++<br \/>\nVeiligheid: +<\/strong><\/span><\/p>\n<p><img loading=\"lazy\" decoding=\"async\" class=\"size-full wp-image-511 alignleft\" src=\"https:\/\/freizeit-technik.de\/wp-content\/uploads\/2017\/03\/Q_asia.jpg\" alt=\"\" width=\"64\" height=\"64\"><\/p>\n","protected":false},"excerpt":{"rendered":"<p><span class=\"tx-ttproducts-pi1-wrap2\">Latex elastieken van topkwaliteit met een elasticiteit van ongeveer 700%, zeer homogeen in de krachtafgifte voor maximale springhoogtes.  <\/span><\/p>\n<p><strong>Voer in het bestelveld het aantal strekkende meters in dat je nodig hebt.<\/strong><\/p>\n<p>Latex slangen worden om productieredenen in verschillende rollengtes geleverd. We proberen de door u gewenste bestelhoeveelheid zo dicht mogelijk te benaderen, maar kunnen de hoeveelheid naar boven afronden met enkele strekkende meters, afhankelijk van de beschikbaarheid. <\/p>\n<p><strong><img loading=\"lazy\" decoding=\"async\" src=\"http:\/\/shop.freizeit-technik.de\/images\/content\/hinweis.jpg\" alt=\"\" width=\"24\" height=\"16\">  Belangrijke opmerking<\/strong><\/p>\n<p>Let op: bij het bestellen komt \u00e9\u00e9n stuk overeen met \u00e9\u00e9n meter touwlengte.<\/p>\n<hr>\n<p>Zelfs kant-en-klare goederen vallen niet onder ons T\u00dcV-certificaat!<br \/>\nLatex slangen hebben geen extra bescherming tegen plotselinge scheuren door het ontbreken van een textielbekleding. Tijdens het gebruik moeten ze voortdurend volledig worden ge\u00efnspecteerd en bij de eerste tekenen van slijtage onmiddellijk worden vervangen. <\/p>\n","protected":false},"featured_media":17437,"comment_status":"open","ping_status":"closed","template":"","meta":{"_acf_changed":false},"product_brand":[],"product_cat":[252,250],"product_tag":[],"class_list":{"0":"post-17430","1":"product","2":"type-product","3":"status-publish","4":"has-post-thumbnail","6":"product_cat-doe-het-zelf","7":"product_cat-elastieken-en-touwen","9":"first","10":"instock","11":"taxable","12":"shipping-taxable","13":"purchasable","14":"product-type-simple"},"acf":[],"_links":{"self":[{"href":"https:\/\/freizeit-technik.de\/nl\/wp-json\/wp\/v2\/product\/17430","targetHints":{"allow":["GET"]}}],"collection":[{"href":"https:\/\/freizeit-technik.de\/nl\/wp-json\/wp\/v2\/product"}],"about":[{"href":"https:\/\/freizeit-technik.de\/nl\/wp-json\/wp\/v2\/types\/product"}],"replies":[{"embeddable":true,"href":"https:\/\/freizeit-technik.de\/nl\/wp-json\/wp\/v2\/comments?post=17430"}],"wp:featuredmedia":[{"embeddable":true,"href":"https:\/\/freizeit-technik.de\/nl\/wp-json\/wp\/v2\/media\/17437"}],"wp:attachment":[{"href":"https:\/\/freizeit-technik.de\/nl\/wp-json\/wp\/v2\/media?parent=17430"}],"wp:term":[{"taxonomy":"product_brand","embeddable":true,"href":"https:\/\/freizeit-technik.de\/nl\/wp-json\/wp\/v2\/product_brand?post=17430"},{"taxonomy":"product_cat","embeddable":true,"href":"https:\/\/freizeit-technik.de\/nl\/wp-json\/wp\/v2\/product_cat?post=17430"},{"taxonomy":"product_tag","embeddable":true,"href":"https:\/\/freizeit-technik.de\/nl\/wp-json\/wp\/v2\/product_tag?post=17430"}],"curies":[{"name":"wp","href":"https:\/\/api.w.org\/{rel}","templated":true}]}}